{"id":2154,"date":"2023-05-16T00:19:33","date_gmt":"2023-05-16T00:19:33","guid":{"rendered":"https:\/\/kandpenergy.com\/?page_id=2154"},"modified":"2023-10-30T23:18:48","modified_gmt":"2023-10-30T20:18:48","slug":"sektorler","status":"publish","type":"page","link":"https:\/\/kandpenergy.com\/en\/sectors-2\/","title":{"rendered":"Sectors"},"content":{"rendered":"<div data-elementor-type=\"wp-page\" data-elementor-id=\"2154\" class=\"elementor elementor-2154\" data-elementor-post-type=\"page\">\n\t\t\t\t<div class=\"elementor-element elementor-element-461163ef e-flex e-con-boxed e-con e-parent\" data-id=\"461163ef\" data-element_type=\"container\" data-e-type=\"container\">\n\t\t\t\t\t<div class=\"e-con-inner\">\n\t\t<div class=\"elementor-element elementor-element-5343c469 e-con-full e-flex e-con e-child\" data-id=\"5343c469\" data-element_type=\"container\" data-e-type=\"container\">\n\t\t\t\t<div class=\"elementor-element elementor-element-5d1c9671 elementor-widget__width-initial elementor-widget elementor-widget-heading\" data-id=\"5d1c9671\" data-element_type=\"widget\" data-e-type=\"widget\" data-widget_type=\"heading.default\">\n\t\t\t\t\t<h2 class=\"elementor-heading-title elementor-size-default\">Sectors<\/h2>\t\t\t\t<\/div>\n\t\t\t\t<\/div>\n\t\t\t\t\t<\/div>\n\t\t\t\t<\/div>\n\t\t<div class=\"elementor-element elementor-element-75f7c020 e-con-full e-flex e-con e-parent\" data-id=\"75f7c020\" data-element_type=\"container\" data-e-type=\"container\">\n\t\t\t\t<div class=\"elementor-element elementor-element-5f9bf659 elementor-widget-divider--view-line elementor-widget elementor-widget-divider\" data-id=\"5f9bf659\" data-element_type=\"widget\" data-e-type=\"widget\" data-widget_type=\"divider.default\">\n\t\t\t\t\t\t\t<div class=\"elementor-divider\">\n\t\t\t<span class=\"elementor-divider-separator\">\n\t\t\t\t\t\t<\/span>\n\t\t<\/div>\n\t\t\t\t\t\t<\/div>\n\t\t\t\t<\/div>\n\t\t<div class=\"elementor-element elementor-element-15309323 e-flex e-con-boxed e-con e-parent\" data-id=\"15309323\" data-element_type=\"container\" data-e-type=\"container\">\n\t\t\t\t\t<div class=\"e-con-inner\">\n\t\t<div class=\"elementor-element elementor-element-2744cb8a e-con-full e-flex e-con e-child\" data-id=\"2744cb8a\" data-element_type=\"container\" data-e-type=\"container\">\n\t\t\t\t<div class=\"elementor-element elementor-element-150d6e7 elementor-position-top elementor-widget elementor-widget-image-box\" data-id=\"150d6e7\" data-element_type=\"widget\" data-e-type=\"widget\" data-widget_type=\"image-box.default\">\n\t\t\t\t\t<div class=\"elementor-image-box-wrapper\"><figure class=\"elementor-image-box-img\"><a href=\"https:\/\/kandpenergy.com\/en\/tr\/sektorler\/enerji\/\" tabindex=\"-1\"><img fetchpriority=\"high\" decoding=\"async\" width=\"2000\" height=\"2000\" src=\"https:\/\/kandpenergy.com\/wp-content\/uploads\/2023\/08\/solar-energy.jpg\" class=\"attachment-full size-full wp-image-4409\" alt=\"solar energy\" srcset=\"https:\/\/kandpenergy.com\/wp-content\/uploads\/2023\/08\/solar-energy.jpg 2000w, https:\/\/kandpenergy.com\/wp-content\/uploads\/2023\/08\/solar-energy-300x300.jpg 300w, https:\/\/kandpenergy.com\/wp-content\/uploads\/2023\/08\/solar-energy-1024x1024.jpg 1024w, https:\/\/kandpenergy.com\/wp-content\/uploads\/2023\/08\/solar-energy-150x150.jpg 150w, https:\/\/kandpenergy.com\/wp-content\/uploads\/2023\/08\/solar-energy-768x768.jpg 768w, https:\/\/kandpenergy.com\/wp-content\/uploads\/2023\/08\/solar-energy-1536x1536.jpg 1536w\" sizes=\"(max-width: 2000px) 100vw, 2000px\" \/><\/a><\/figure><div class=\"elementor-image-box-content\"><h3 class=\"elementor-image-box-title\"><a href=\"https:\/\/kandpenergy.com\/en\/tr\/sektorler\/enerji\/\">Energy<\/a><\/h3><p class=\"elementor-image-box-description\"><strong>K &amp; P Energy<\/strong>, offers sustainable and efficient solutions in the energy sector. By focusing on renewable energy sources, it reduces energy costs while reducing environmental impact.<\/p><\/div><\/div>\t\t\t\t<\/div>\n\t\t\t\t<div class=\"elementor-element elementor-element-52e3d323 elementor-align-left elementor-widget elementor-widget-button\" data-id=\"52e3d323\" data-element_type=\"widget\" data-e-type=\"widget\" data-widget_type=\"button.default\">\n\t\t\t\t\t\t\t\t\t\t<a class=\"elementor-button elementor-button-link elementor-size-sm\" href=\"https:\/\/kandpenergy.com\/en\/tr\/sektorler\/enerji\/\">\n\t\t\t\t\t\t<span class=\"elementor-button-content-wrapper\">\n\t\t\t\t\t\t\t\t\t<span class=\"elementor-button-text\">Explore<\/span>\n\t\t\t\t\t<\/span>\n\t\t\t\t\t<\/a>\n\t\t\t\t\t\t\t\t<\/div>\n\t\t\t\t<\/div>\n\t\t<div class=\"elementor-element elementor-element-71b2497 e-con-full e-flex e-con e-child\" data-id=\"71b2497\" data-element_type=\"container\" data-e-type=\"container\">\n\t\t\t\t<div class=\"elementor-element elementor-element-b879b52 elementor-position-top elementor-widget elementor-widget-image-box\" data-id=\"b879b52\" data-element_type=\"widget\" data-e-type=\"widget\" data-widget_type=\"image-box.default\">\n\t\t\t\t\t<div class=\"elementor-image-box-wrapper\"><figure class=\"elementor-image-box-img\"><a href=\"https:\/\/kandpenergy.com\/en\/tr\/sektorler\/tarim\/\" tabindex=\"-1\"><img decoding=\"async\" src=\"https:\/\/kandpenergy.com\/wp-content\/uploads\/2023\/08\/rural-landscape-with-agricultural-fields.jpg\" title=\"\" alt=\"Rural landscape with agricultural fields\" loading=\"lazy\" \/><\/a><\/figure><div class=\"elementor-image-box-content\"><h3 class=\"elementor-image-box-title\"><a href=\"https:\/\/kandpenergy.com\/en\/tr\/sektorler\/tarim\/\">Agriculture<\/a><\/h3><p class=\"elementor-image-box-description\"><strong>K &amp; P Energy<\/strong>, adopts modern technologies and sustainable methods in agriculture. While increasing productivity, it acts with the awareness of protecting natural resources.<\/p><\/div><\/div>\t\t\t\t<\/div>\n\t\t\t\t<div class=\"elementor-element elementor-element-a00861a elementor-align-left elementor-widget elementor-widget-button\" data-id=\"a00861a\" data-element_type=\"widget\" data-e-type=\"widget\" data-widget_type=\"button.default\">\n\t\t\t\t\t\t\t\t\t\t<a class=\"elementor-button elementor-button-link elementor-size-sm\" href=\"https:\/\/kandpenergy.com\/en\/tr\/sektorler\/tarim\/\">\n\t\t\t\t\t\t<span class=\"elementor-button-content-wrapper\">\n\t\t\t\t\t\t\t\t\t<span class=\"elementor-button-text\">Explore<\/span>\n\t\t\t\t\t<\/span>\n\t\t\t\t\t<\/a>\n\t\t\t\t\t\t\t\t<\/div>\n\t\t\t\t<\/div>\n\t\t<div class=\"elementor-element elementor-element-1712681f e-con-full e-flex e-con e-child\" data-id=\"1712681f\" data-element_type=\"container\" data-e-type=\"container\">\n\t\t\t\t<div class=\"elementor-element elementor-element-4e6e22cd elementor-position-top elementor-widget elementor-widget-image-box\" data-id=\"4e6e22cd\" data-element_type=\"widget\" data-e-type=\"widget\" data-widget_type=\"image-box.default\">\n\t\t\t\t\t<div class=\"elementor-image-box-wrapper\"><figure class=\"elementor-image-box-img\"><a href=\"https:\/\/kandpenergy.com\/en\/tr\/sektorler\/kimya\/\" tabindex=\"-1\"><img decoding=\"async\" width=\"2000\" height=\"2000\" src=\"https:\/\/kandpenergy.com\/wp-content\/uploads\/2023\/08\/young-scientists-working-in-laboratory.jpg\" class=\"attachment-full size-full wp-image-4412\" alt=\"Young Scientists Working In Laboratory\" srcset=\"https:\/\/kandpenergy.com\/wp-content\/uploads\/2023\/08\/young-scientists-working-in-laboratory.jpg 2000w, https:\/\/kandpenergy.com\/wp-content\/uploads\/2023\/08\/young-scientists-working-in-laboratory-300x300.jpg 300w, https:\/\/kandpenergy.com\/wp-content\/uploads\/2023\/08\/young-scientists-working-in-laboratory-1024x1024.jpg 1024w, https:\/\/kandpenergy.com\/wp-content\/uploads\/2023\/08\/young-scientists-working-in-laboratory-150x150.jpg 150w, https:\/\/kandpenergy.com\/wp-content\/uploads\/2023\/08\/young-scientists-working-in-laboratory-768x768.jpg 768w, https:\/\/kandpenergy.com\/wp-content\/uploads\/2023\/08\/young-scientists-working-in-laboratory-1536x1536.jpg 1536w\" sizes=\"(max-width: 2000px) 100vw, 2000px\" \/><\/a><\/figure><div class=\"elementor-image-box-content\"><h3 class=\"elementor-image-box-title\"><a href=\"https:\/\/kandpenergy.com\/en\/tr\/sektorler\/kimya\/\">Chemistry <\/a><\/h3><p class=\"elementor-image-box-description\"><strong>K &amp; P Energy<\/strong>, develops safe, effective and innovative products in the chemical industry. By investing in research and development, it continuously raises industry standards.<\/p><\/div><\/div>\t\t\t\t<\/div>\n\t\t\t\t<div class=\"elementor-element elementor-element-2b96d92c elementor-align-left elementor-widget elementor-widget-button\" data-id=\"2b96d92c\" data-element_type=\"widget\" data-e-type=\"widget\" data-widget_type=\"button.default\">\n\t\t\t\t\t\t\t\t\t\t<a class=\"elementor-button elementor-button-link elementor-size-sm\" href=\"https:\/\/kandpenergy.com\/en\/tr\/sektorler\/kimya\/\">\n\t\t\t\t\t\t<span class=\"elementor-button-content-wrapper\">\n\t\t\t\t\t\t\t\t\t<span class=\"elementor-button-text\">Explore<\/span>\n\t\t\t\t\t<\/span>\n\t\t\t\t\t<\/a>\n\t\t\t\t\t\t\t\t<\/div>\n\t\t\t\t<\/div>\n\t\t<div class=\"elementor-element elementor-element-0231823 e-con-full e-flex e-con e-child\" data-id=\"0231823\" data-element_type=\"container\" data-e-type=\"container\">\n\t\t\t\t<div class=\"elementor-element elementor-element-d02141d elementor-position-top elementor-widget elementor-widget-image-box\" data-id=\"d02141d\" data-element_type=\"widget\" data-e-type=\"widget\" data-widget_type=\"image-box.default\">\n\t\t\t\t\t<div class=\"elementor-image-box-wrapper\"><figure class=\"elementor-image-box-img\"><a href=\"https:\/\/kandpenergy.com\/en\/tr\/sektorler\/finans\/\" tabindex=\"-1\"><img decoding=\"async\" width=\"2000\" height=\"2000\" src=\"https:\/\/kandpenergy.com\/wp-content\/uploads\/2023\/08\/business-brainstorming-graph-chart-report-data-concept.jpg\" class=\"attachment-full size-full wp-image-4413\" alt=\"Business Brainstorming Graph Chart Report Data Concept\" srcset=\"https:\/\/kandpenergy.com\/wp-content\/uploads\/2023\/08\/business-brainstorming-graph-chart-report-data-concept.jpg 2000w, https:\/\/kandpenergy.com\/wp-content\/uploads\/2023\/08\/business-brainstorming-graph-chart-report-data-concept-300x300.jpg 300w, https:\/\/kandpenergy.com\/wp-content\/uploads\/2023\/08\/business-brainstorming-graph-chart-report-data-concept-1024x1024.jpg 1024w, https:\/\/kandpenergy.com\/wp-content\/uploads\/2023\/08\/business-brainstorming-graph-chart-report-data-concept-150x150.jpg 150w, https:\/\/kandpenergy.com\/wp-content\/uploads\/2023\/08\/business-brainstorming-graph-chart-report-data-concept-768x768.jpg 768w, https:\/\/kandpenergy.com\/wp-content\/uploads\/2023\/08\/business-brainstorming-graph-chart-report-data-concept-1536x1536.jpg 1536w\" sizes=\"(max-width: 2000px) 100vw, 2000px\" \/><\/a><\/figure><div class=\"elementor-image-box-content\"><h3 class=\"elementor-image-box-title\"><a href=\"https:\/\/kandpenergy.com\/en\/tr\/sektorler\/finans\/\">Finance<\/a><\/h3><p class=\"elementor-image-box-description\"><strong>K &amp; P Energy<\/strong>, is distinguished by in-depth expertise and experience in the financial sector. It offers innovative strategies to enhance the value of investments and minimize risks, thus providing clients with maximum returns.<\/p><\/div><\/div>\t\t\t\t<\/div>\n\t\t\t\t<div class=\"elementor-element elementor-element-279b8d2 elementor-align-left elementor-widget elementor-widget-button\" data-id=\"279b8d2\" data-element_type=\"widget\" data-e-type=\"widget\" data-widget_type=\"button.default\">\n\t\t\t\t\t\t\t\t\t\t<a class=\"elementor-button elementor-button-link elementor-size-sm\" href=\"https:\/\/kandpenergy.com\/en\/tr\/sektorler\/finans\/\">\n\t\t\t\t\t\t<span class=\"elementor-button-content-wrapper\">\n\t\t\t\t\t\t\t\t\t<span class=\"elementor-button-text\">Explore<\/span>\n\t\t\t\t\t<\/span>\n\t\t\t\t\t<\/a>\n\t\t\t\t\t\t\t\t<\/div>\n\t\t\t\t<\/div>\n\t\t<div class=\"elementor-element elementor-element-1d039c2 e-con-full e-flex e-con e-child\" data-id=\"1d039c2\" data-element_type=\"container\" data-e-type=\"container\">\n\t\t\t\t<div class=\"elementor-element elementor-element-c2475c9 elementor-position-top elementor-widget elementor-widget-image-box\" data-id=\"c2475c9\" data-element_type=\"widget\" data-e-type=\"widget\" data-widget_type=\"image-box.default\">\n\t\t\t\t\t<div class=\"elementor-image-box-wrapper\"><figure class=\"elementor-image-box-img\"><a href=\"https:\/\/kandpenergy.com\/en\/tr\/sektorler\/insaat-ve-muhendislik-sektoru\/\" tabindex=\"-1\"><img loading=\"lazy\" decoding=\"async\" width=\"2000\" height=\"2000\" src=\"https:\/\/kandpenergy.com\/wp-content\/uploads\/2023\/08\/interior-designer-table-workplace-with-house-plan.jpg\" class=\"attachment-full size-full wp-image-4417\" alt=\"Interior designer table workplace with house plan\" srcset=\"https:\/\/kandpenergy.com\/wp-content\/uploads\/2023\/08\/interior-designer-table-workplace-with-house-plan.jpg 2000w, https:\/\/kandpenergy.com\/wp-content\/uploads\/2023\/08\/interior-designer-table-workplace-with-house-plan-300x300.jpg 300w, https:\/\/kandpenergy.com\/wp-content\/uploads\/2023\/08\/interior-designer-table-workplace-with-house-plan-1024x1024.jpg 1024w, https:\/\/kandpenergy.com\/wp-content\/uploads\/2023\/08\/interior-designer-table-workplace-with-house-plan-150x150.jpg 150w, https:\/\/kandpenergy.com\/wp-content\/uploads\/2023\/08\/interior-designer-table-workplace-with-house-plan-768x768.jpg 768w, https:\/\/kandpenergy.com\/wp-content\/uploads\/2023\/08\/interior-designer-table-workplace-with-house-plan-1536x1536.jpg 1536w\" sizes=\"(max-width: 2000px) 100vw, 2000px\" \/><\/a><\/figure><div class=\"elementor-image-box-content\"><h3 class=\"elementor-image-box-title\"><a href=\"https:\/\/kandpenergy.com\/en\/tr\/sektorler\/insaat-ve-muhendislik-sektoru\/\">Construction and Engineering<\/a><\/h3><p class=\"elementor-image-box-description\"><strong>K &amp; P Energy<\/strong>, combines quality and sustainability in construction and engineering. With its commitment to complete its projects on time and within budget, it is a reliable partner in the sector.<\/p><\/div><\/div>\t\t\t\t<\/div>\n\t\t\t\t<div class=\"elementor-element elementor-element-c3b72a3 elementor-align-left elementor-widget elementor-widget-button\" data-id=\"c3b72a3\" data-element_type=\"widget\" data-e-type=\"widget\" data-widget_type=\"button.default\">\n\t\t\t\t\t\t\t\t\t\t<a class=\"elementor-button elementor-button-link elementor-size-sm\" href=\"https:\/\/kandpenergy.com\/en\/tr\/sektorler\/insaat-ve-muhendislik-sektoru\/\">\n\t\t\t\t\t\t<span class=\"elementor-button-content-wrapper\">\n\t\t\t\t\t\t\t\t\t<span class=\"elementor-button-text\">Explore<\/span>\n\t\t\t\t\t<\/span>\n\t\t\t\t\t<\/a>\n\t\t\t\t\t\t\t\t<\/div>\n\t\t\t\t<\/div>\n\t\t<div class=\"elementor-element elementor-element-577e595f e-con-full e-flex e-con e-child\" data-id=\"577e595f\" data-element_type=\"container\" data-e-type=\"container\">\n\t\t\t\t<div class=\"elementor-element elementor-element-1a596aee elementor-position-top elementor-widget elementor-widget-image-box\" data-id=\"1a596aee\" data-element_type=\"widget\" data-e-type=\"widget\" data-widget_type=\"image-box.default\">\n\t\t\t\t\t<div class=\"elementor-image-box-wrapper\"><figure class=\"elementor-image-box-img\"><a href=\"https:\/\/kandpenergy.com\/en\/tr\/sektorler\/perakende\/\" tabindex=\"-1\"><img loading=\"lazy\" decoding=\"async\" width=\"2000\" height=\"2000\" src=\"https:\/\/kandpenergy.com\/wp-content\/uploads\/2023\/08\/you-can-tell-that-shes-compassionate-and-caring.jpg\" class=\"attachment-full size-full wp-image-4419\" alt=\"You can tell that shes compassionate and caring\" srcset=\"https:\/\/kandpenergy.com\/wp-content\/uploads\/2023\/08\/you-can-tell-that-shes-compassionate-and-caring.jpg 2000w, https:\/\/kandpenergy.com\/wp-content\/uploads\/2023\/08\/you-can-tell-that-shes-compassionate-and-caring-300x300.jpg 300w, https:\/\/kandpenergy.com\/wp-content\/uploads\/2023\/08\/you-can-tell-that-shes-compassionate-and-caring-1024x1024.jpg 1024w, https:\/\/kandpenergy.com\/wp-content\/uploads\/2023\/08\/you-can-tell-that-shes-compassionate-and-caring-150x150.jpg 150w, https:\/\/kandpenergy.com\/wp-content\/uploads\/2023\/08\/you-can-tell-that-shes-compassionate-and-caring-768x768.jpg 768w, https:\/\/kandpenergy.com\/wp-content\/uploads\/2023\/08\/you-can-tell-that-shes-compassionate-and-caring-1536x1536.jpg 1536w\" sizes=\"(max-width: 2000px) 100vw, 2000px\" \/><\/a><\/figure><div class=\"elementor-image-box-content\"><h3 class=\"elementor-image-box-title\"><a href=\"https:\/\/kandpenergy.com\/en\/tr\/sektorler\/perakende\/\">Retail<\/a><\/h3><p class=\"elementor-image-box-description\"><strong>K &amp; P Energy<\/strong>, responds rapidly to the changing needs of consumers in the retail sector. It transforms the shopping experience and increases brand loyalty by adopting modern technologies.<\/p><\/div><\/div>\t\t\t\t<\/div>\n\t\t\t\t<div class=\"elementor-element elementor-element-1ddad3f7 elementor-align-left elementor-widget elementor-widget-button\" data-id=\"1ddad3f7\" data-element_type=\"widget\" data-e-type=\"widget\" data-widget_type=\"button.default\">\n\t\t\t\t\t\t\t\t\t\t<a class=\"elementor-button elementor-button-link elementor-size-sm\" href=\"https:\/\/kandpenergy.com\/en\/tr\/sektorler\/perakende\/\">\n\t\t\t\t\t\t<span class=\"elementor-button-content-wrapper\">\n\t\t\t\t\t\t\t\t\t<span class=\"elementor-button-text\">Explore<\/span>\n\t\t\t\t\t<\/span>\n\t\t\t\t\t<\/a>\n\t\t\t\t\t\t\t\t<\/div>\n\t\t\t\t<\/div>\n\t\t\t\t\t<\/div>\n\t\t\t\t<\/div>\n\t\t\t\t<\/div>","protected":false},"excerpt":{"rendered":"<p>Sekt\u00f6rler Enerji K &#038; P Energy, enerji sekt\u00f6r\u00fcnde s\u00fcrd\u00fcr\u00fclebilir ve verimli \u00e7\u00f6z\u00fcmler sunar. Yenilenebilir enerji kaynaklar\u0131na odaklanarak, \u00e7evresel etkiyi azalt\u0131rken enerji maliyetlerini d\u00fc\u015f\u00fcr\u00fcr. Ke\u015ffet Tar\u0131m K &#038; P Energy, tar\u0131mda modern teknolojileri ve s\u00fcrd\u00fcr\u00fclebilir y\u00f6ntemleri benimser. Verimlili\u011fi art\u0131r\u0131rken, do\u011fal kaynaklar\u0131 koruma bilinciyle hareket eder. Ke\u015ffet Kimya K &#038; P Energy, kimya sekt\u00f6r\u00fcnde g\u00fcvenli, etkili ve [&hellip;]<\/p>\n","protected":false},"author":3,"featured_media":0,"parent":0,"menu_order":0,"comment_status":"closed","ping_status":"closed","template":"elementor_header_footer","meta":{"iawp_total_views":11,"footnotes":""},"class_list":["post-2154","page","type-page","status-publish","hentry"],"_links":{"self":[{"href":"https:\/\/kandpenergy.com\/en\/wp-json\/wp\/v2\/pages\/2154","targetHints":{"allow":["GET"]}}],"collection":[{"href":"https:\/\/kandpenergy.com\/en\/wp-json\/wp\/v2\/pages"}],"about":[{"href":"https:\/\/kandpenergy.com\/en\/wp-json\/wp\/v2\/types\/page"}],"author":[{"embeddable":true,"href":"https:\/\/kandpenergy.com\/en\/wp-json\/wp\/v2\/users\/3"}],"replies":[{"embeddable":true,"href":"https:\/\/kandpenergy.com\/en\/wp-json\/wp\/v2\/comments?post=2154"}],"version-history":[{"count":0,"href":"https:\/\/kandpenergy.com\/en\/wp-json\/wp\/v2\/pages\/2154\/revisions"}],"wp:attachment":[{"href":"https:\/\/kandpenergy.com\/en\/wp-json\/wp\/v2\/media?parent=2154"}],"curies":[{"name":"wp","href":"https:\/\/api.w.org\/{rel}","templated":true}]}}