{"id":2164,"date":"2023-05-16T00:23:08","date_gmt":"2023-05-16T00:23:08","guid":{"rendered":"https:\/\/kandpenergy.com\/?page_id=2164"},"modified":"2023-09-19T08:48:27","modified_gmt":"2023-09-19T08:48:27","slug":"kurumsal","status":"publish","type":"page","link":"https:\/\/kandpenergy.com\/en\/corporate-2\/","title":{"rendered":"Corporate"},"content":{"rendered":"<div data-elementor-type=\"wp-page\" data-elementor-id=\"2164\" class=\"elementor elementor-2164\" data-elementor-post-type=\"page\">\n\t\t\t\t<div class=\"elementor-element elementor-element-12cbca2d e-flex e-con-boxed e-con e-parent\" data-id=\"12cbca2d\" data-element_type=\"container\" data-e-type=\"container\">\n\t\t\t\t\t<div class=\"e-con-inner\">\n\t\t<div class=\"elementor-element elementor-element-5813b28b e-con-full e-flex e-con e-child\" data-id=\"5813b28b\" data-element_type=\"container\" data-e-type=\"container\">\n\t\t\t\t<div class=\"elementor-element elementor-element-4eb49e11 elementor-widget__width-initial elementor-widget elementor-widget-heading\" data-id=\"4eb49e11\" data-element_type=\"widget\" data-e-type=\"widget\" data-widget_type=\"heading.default\">\n\t\t\t\t\t<h2 class=\"elementor-heading-title elementor-size-default\">Corporate<\/h2>\t\t\t\t<\/div>\n\t\t\t\t<\/div>\n\t\t\t\t\t<\/div>\n\t\t\t\t<\/div>\n\t\t<div class=\"elementor-element elementor-element-5c213298 e-con-full e-flex e-con e-parent\" data-id=\"5c213298\" data-element_type=\"container\" data-e-type=\"container\">\n\t\t\t\t<div class=\"elementor-element elementor-element-44d17af7 elementor-widget-divider--view-line elementor-widget elementor-widget-divider\" data-id=\"44d17af7\" data-element_type=\"widget\" data-e-type=\"widget\" data-widget_type=\"divider.default\">\n\t\t\t\t\t\t\t<div class=\"elementor-divider\">\n\t\t\t<span class=\"elementor-divider-separator\">\n\t\t\t\t\t\t<\/span>\n\t\t<\/div>\n\t\t\t\t\t\t<\/div>\n\t\t\t\t<\/div>\n\t\t<div class=\"elementor-element elementor-element-6375c61b e-flex e-con-boxed e-con e-parent\" data-id=\"6375c61b\" data-element_type=\"container\" data-e-type=\"container\">\n\t\t\t\t\t<div class=\"e-con-inner\">\n\t\t<div class=\"elementor-element elementor-element-1fcdb606 e-con-full e-flex e-con e-child\" data-id=\"1fcdb606\" data-element_type=\"container\" data-e-type=\"container\">\n\t\t\t\t<div class=\"elementor-element elementor-element-73efb1a7 elementor-widget elementor-widget-heading\" data-id=\"73efb1a7\" data-element_type=\"widget\" data-e-type=\"widget\" data-widget_type=\"heading.default\">\n\t\t\t\t\t<h2 class=\"elementor-heading-title elementor-size-default\">Who We Are<\/h2>\t\t\t\t<\/div>\n\t\t\t\t<\/div>\n\t\t<div class=\"elementor-element elementor-element-f8f8ee6 e-con-full e-flex e-con e-child\" data-id=\"f8f8ee6\" data-element_type=\"container\" data-e-type=\"container\">\n\t\t\t\t<div class=\"elementor-element elementor-element-172956e6 elementor-widget elementor-widget-text-editor\" data-id=\"172956e6\" data-element_type=\"widget\" data-e-type=\"widget\" data-widget_type=\"text-editor.default\">\n\t\t\t\t\t\t\t\t\t<p><b>K&amp;P Energy<\/b><span style=\"font-weight: 400;\"> is a multi-stakeholder consulting company that has extensive international connections in many countries, conducts research on innovations and innovations in the energy sector with its professional research team and provides SPP Equipment Supply Distributorship, SPP consultancy services, SPP technology development and innovation services, SPP Market research, SPP project design services, Engineering-Procurement-Construction (EPC), SPP Installation services, as well as consultancy on International investment development and investment management.\u00a0<\/span><\/p><p><span style=\"font-weight: 400;\">It aims to play a pioneering role for a more livable world in today's conditions where non-renewable resources are irreversibly consumed, targeting sustainability. <\/span><b>K&amp;P Energy<\/b><span style=\"font-weight: 400;\">, is proud of its comprehensive range of services built on a strong foundation of experience, knowledge infrastructure and professional partnerships. <\/span><b>K&amp;P Energy<\/b><span style=\"font-weight: 400;\">, with its dynamic and innovative company structure, always strives to exceed expectations and pioneer international investments. It continues its journey with the vision of taking a leading role in the transformation of solar energy, which stands out among renewable energy types, by conducting comprehensive researches with our expert staff with discipline and with the mission of producing innovative, quality and fast service in this transformation.  Their goal is to provide sustainable value to each customer by always staying one step ahead.\u00a0<\/span><\/p><p><span style=\"font-weight: 400;\">In addition to all these, in addition to providing consultancy support to its clients on investment management, investment opportunities, international taxation, technical services; it also offers management consultancy when the investment is put into operation. <strong>K&amp;P Energy<\/strong> \u2018s business partners and customers include private sector organizations, individual investors, public institutions and organizations and international organizations.\u00a0\u00a0<\/span><\/p><p style=\"font-weight: 400;\"><b>K&amp;P Energy<\/b><span style=\"font-weight: 400;\"> Plans projects starting from the idea stage, including the \u00abexit strategy\u00bb, and offers high return investment management services to its investors as a package. It examines the design, technical, tax and financial details necessary for profit maximization by making the necessary value engineering calculations to ensure that the investment is realized at minimum cost.<\/span><\/p>\t\t\t\t\t\t\t\t<\/div>\n\t\t\t\t<\/div>\n\t\t\t\t\t<\/div>\n\t\t\t\t<\/div>\n\t\t<div class=\"elementor-element elementor-element-463a2573 e-flex e-con-boxed e-con e-parent\" data-id=\"463a2573\" data-element_type=\"container\" data-e-type=\"container\" data-settings=\"{&quot;background_background&quot;:&quot;classic&quot;}\">\n\t\t\t\t\t<div class=\"e-con-inner\">\n\t\t<div class=\"elementor-element elementor-element-69cbf536 e-con-full e-flex e-con e-child\" data-id=\"69cbf536\" data-element_type=\"container\" data-e-type=\"container\">\n\t\t\t\t<div class=\"elementor-element elementor-element-1606d391 elementor-widget elementor-widget-image\" data-id=\"1606d391\" data-element_type=\"widget\" data-e-type=\"widget\" data-widget_type=\"image.default\">\n\t\t\t\t\t\t\t\t\t\t\t\t\t\t\t<img fetchpriority=\"high\" decoding=\"async\" width=\"490\" height=\"1194\" src=\"https:\/\/kandpenergy.com\/wp-content\/uploads\/2023\/06\/kandpconsultancy-kurumsal-1.png\" class=\"attachment-full size-full wp-image-4011\" alt=\"\" srcset=\"https:\/\/kandpenergy.com\/wp-content\/uploads\/2023\/06\/kandpconsultancy-kurumsal-1.png 490w, https:\/\/kandpenergy.com\/wp-content\/uploads\/2023\/06\/kandpconsultancy-kurumsal-1-123x300.png 123w, https:\/\/kandpenergy.com\/wp-content\/uploads\/2023\/06\/kandpconsultancy-kurumsal-1-420x1024.png 420w\" sizes=\"(max-width: 490px) 100vw, 490px\" \/>\t\t\t\t\t\t\t\t\t\t\t\t\t\t\t<\/div>\n\t\t\t\t<\/div>\n\t\t<div class=\"elementor-element elementor-element-66691646 e-con-full e-flex e-con e-child\" data-id=\"66691646\" data-element_type=\"container\" data-e-type=\"container\">\n\t\t\t\t<div class=\"elementor-element elementor-element-338e2da7 elementor-widget elementor-widget-heading\" data-id=\"338e2da7\" data-element_type=\"widget\" data-e-type=\"widget\" data-widget_type=\"heading.default\">\n\t\t\t\t\t<h2 class=\"elementor-heading-title elementor-size-default\">Why?<\/h2>\t\t\t\t<\/div>\n\t\t\t\t<div class=\"elementor-element elementor-element-6da0f716 elementor-widget elementor-widget-heading\" data-id=\"6da0f716\" data-element_type=\"widget\" data-e-type=\"widget\" data-widget_type=\"heading.default\">\n\t\t\t\t\t<h2 class=\"elementor-heading-title elementor-size-default\">K &amp; P<\/h2>\t\t\t\t<\/div>\n\t\t\t\t<div class=\"elementor-element elementor-element-5886a43 elementor-widget elementor-widget-text-editor\" data-id=\"5886a43\" data-element_type=\"widget\" data-e-type=\"widget\" data-widget_type=\"text-editor.default\">\n\t\t\t\t\t\t\t\t\t<p><span style=\"font-weight: 400;\">The global trend of expanding the use of renewable energy sources also applies to our country.<\/span><b> K&amp;P Energy <\/b><span style=\"font-weight: 400;\">we aim and strive to spread quality and environmentally friendly service. In addition to national incentive policies, our country is located in one of the lucky regions of the world in terms of renewable energy resources.<\/span><\/p><p><span style=\"font-weight: 400;\">To play a role in making Turkey a pioneer in renewable clean energy with a reliable and sustainable business model.<\/span><\/p><p><b>K&amp;P Energy<\/b><span style=\"font-weight: 400;\">\u00a0In the projects it develops and manages, the Company prioritizes high efficiency and profitability, focusing on highly profitable and specialized projects to create maximum benefit for its customers and investors.\u00a0<\/span><\/p><p><span style=\"font-weight: 400;\">In order for companies to achieve high profitability, low costs and sustainable growth, they need more and more information that they can use in their strategic decisions. The way to achieve this is to access reliable, accurate and fast information. We are, <\/span><b>K&amp;P Energy<\/b><span style=\"font-weight: 400;\">\u00a0we support your growth by providing you with the most reliable and robust data for your investment decisions.<\/span><\/p>\t\t\t\t\t\t\t\t<\/div>\n\t\t\t\t<\/div>\n\t\t\t\t\t<\/div>\n\t\t\t\t<\/div>\n\t\t<div class=\"elementor-element elementor-element-7e55c08b e-flex e-con-boxed e-con e-parent\" data-id=\"7e55c08b\" data-element_type=\"container\" data-e-type=\"container\">\n\t\t\t\t\t<div class=\"e-con-inner\">\n\t\t<div class=\"elementor-element elementor-element-5df3981 e-con-full e-flex e-con e-child\" data-id=\"5df3981\" data-element_type=\"container\" data-e-type=\"container\">\n\t\t\t\t<div class=\"elementor-element elementor-element-1713c413 elementor-widget elementor-widget-heading\" data-id=\"1713c413\" data-element_type=\"widget\" data-e-type=\"widget\" data-widget_type=\"heading.default\">\n\t\t\t\t\t<h2 class=\"elementor-heading-title elementor-size-default\">Mission<\/h2>\t\t\t\t<\/div>\n\t\t\t\t<\/div>\n\t\t<div class=\"elementor-element elementor-element-d06f03c e-con-full e-flex e-con e-child\" data-id=\"d06f03c\" data-element_type=\"container\" data-e-type=\"container\">\n\t\t\t\t<div class=\"elementor-element elementor-element-3cda9b7f elementor-widget elementor-widget-text-editor\" data-id=\"3cda9b7f\" data-element_type=\"widget\" data-e-type=\"widget\" data-widget_type=\"text-editor.default\">\n\t\t\t\t\t\t\t\t\t<p><span style=\"font-weight: 400;\">Helping our partners grow their businesses and capitalize on the global market.<\/span><b> K&amp;P Energy<\/b><span style=\"font-weight: 400;\">\u00a0To advise investment companies on alternative investments without compromising the principles of quality, reliability and customer service.<\/span><\/p>\t\t\t\t\t\t\t\t<\/div>\n\t\t\t\t<\/div>\n\t\t<div class=\"elementor-element elementor-element-3953c8c8 e-con-full e-flex e-con e-child\" data-id=\"3953c8c8\" data-element_type=\"container\" data-e-type=\"container\">\n\t\t\t\t<div class=\"elementor-element elementor-element-3c700641 elementor-widget elementor-widget-image\" data-id=\"3c700641\" data-element_type=\"widget\" data-e-type=\"widget\" data-widget_type=\"image.default\">\n\t\t\t\t\t\t\t\t\t\t\t\t\t\t\t<img decoding=\"async\" width=\"570\" height=\"370\" src=\"https:\/\/kandpenergy.com\/wp-content\/uploads\/2023\/05\/misyon-3.png\" class=\"attachment-full size-full wp-image-2665\" alt=\"\" srcset=\"https:\/\/kandpenergy.com\/wp-content\/uploads\/2023\/05\/misyon-3.png 570w, https:\/\/kandpenergy.com\/wp-content\/uploads\/2023\/05\/misyon-3-300x195.png 300w\" sizes=\"(max-width: 570px) 100vw, 570px\" \/>\t\t\t\t\t\t\t\t\t\t\t\t\t\t\t<\/div>\n\t\t\t\t<\/div>\n\t\t<div class=\"elementor-element elementor-element-490d7a5 e-con-full e-flex e-con e-child\" data-id=\"490d7a5\" data-element_type=\"container\" data-e-type=\"container\">\n\t\t\t\t<div class=\"elementor-element elementor-element-9df7661 elementor-widget elementor-widget-image\" data-id=\"9df7661\" data-element_type=\"widget\" data-e-type=\"widget\" data-widget_type=\"image.default\">\n\t\t\t\t\t\t\t\t\t\t\t\t\t\t\t<img decoding=\"async\" width=\"566\" height=\"370\" src=\"https:\/\/kandpenergy.com\/wp-content\/uploads\/2023\/05\/misyon-4.png\" class=\"attachment-full size-full wp-image-2668\" alt=\"\" srcset=\"https:\/\/kandpenergy.com\/wp-content\/uploads\/2023\/05\/misyon-4.png 566w, https:\/\/kandpenergy.com\/wp-content\/uploads\/2023\/05\/misyon-4-300x196.png 300w\" sizes=\"(max-width: 566px) 100vw, 566px\" \/>\t\t\t\t\t\t\t\t\t\t\t\t\t\t\t<\/div>\n\t\t\t\t<\/div>\n\t\t\t\t\t<\/div>\n\t\t\t\t<\/div>\n\t\t<div class=\"elementor-element elementor-element-5d110001 e-con-full e-flex e-con e-parent\" data-id=\"5d110001\" data-element_type=\"container\" data-e-type=\"container\">\n\t\t\t\t<div class=\"elementor-element elementor-element-53fbdf6f elementor-widget-divider--view-line elementor-widget elementor-widget-divider\" data-id=\"53fbdf6f\" data-element_type=\"widget\" data-e-type=\"widget\" data-widget_type=\"divider.default\">\n\t\t\t\t\t\t\t<div class=\"elementor-divider\">\n\t\t\t<span class=\"elementor-divider-separator\">\n\t\t\t\t\t\t<\/span>\n\t\t<\/div>\n\t\t\t\t\t\t<\/div>\n\t\t\t\t<\/div>\n\t\t<div class=\"elementor-element elementor-element-cd8e2a4 e-flex e-con-boxed e-con e-parent\" data-id=\"cd8e2a4\" data-element_type=\"container\" data-e-type=\"container\">\n\t\t\t\t\t<div class=\"e-con-inner\">\n\t\t<div class=\"elementor-element elementor-element-7a21b9a3 e-con-full e-flex e-con e-child\" data-id=\"7a21b9a3\" data-element_type=\"container\" data-e-type=\"container\">\n\t\t\t\t<div class=\"elementor-element elementor-element-3d14b4ec elementor-widget elementor-widget-heading\" data-id=\"3d14b4ec\" data-element_type=\"widget\" data-e-type=\"widget\" data-widget_type=\"heading.default\">\n\t\t\t\t\t<h2 class=\"elementor-heading-title elementor-size-default\">Vision<\/h2>\t\t\t\t<\/div>\n\t\t\t\t<\/div>\n\t\t<div class=\"elementor-element elementor-element-8f89886 e-con-full e-flex e-con e-child\" data-id=\"8f89886\" data-element_type=\"container\" data-e-type=\"container\">\n\t\t\t\t<div class=\"elementor-element elementor-element-44970257 elementor-widget elementor-widget-text-editor\" data-id=\"44970257\" data-element_type=\"widget\" data-e-type=\"widget\" data-widget_type=\"text-editor.default\">\n\t\t\t\t\t\t\t\t\t<p><span style=\"font-weight: 400;\">It is designed as a collection of quality standards. Good job on the organization of our team. Our local and regional meetings. Keeping the channels of communication with our customers always open. Excellent customer experience and satisfaction. Be open to change and innovation. Integrate ethics into the organizational structure. Put confidentiality and integrity above all else. Fast and efficient communication.<\/span><\/p>\t\t\t\t\t\t\t\t<\/div>\n\t\t\t\t<\/div>\n\t\t<div class=\"elementor-element elementor-element-592da54 e-con-full e-flex e-con e-child\" data-id=\"592da54\" data-element_type=\"container\" data-e-type=\"container\">\n\t\t\t\t<div class=\"elementor-element elementor-element-7017f810 elementor-widget elementor-widget-image\" data-id=\"7017f810\" data-element_type=\"widget\" data-e-type=\"widget\" data-widget_type=\"image.default\">\n\t\t\t\t\t\t\t\t\t\t\t\t\t\t\t<img loading=\"lazy\" decoding=\"async\" width=\"1170\" height=\"370\" src=\"https:\/\/kandpenergy.com\/wp-content\/uploads\/2023\/05\/vizyon.png\" class=\"attachment-full size-full wp-image-2667\" alt=\"\" srcset=\"https:\/\/kandpenergy.com\/wp-content\/uploads\/2023\/05\/vizyon.png 1170w, https:\/\/kandpenergy.com\/wp-content\/uploads\/2023\/05\/vizyon-300x95.png 300w, https:\/\/kandpenergy.com\/wp-content\/uploads\/2023\/05\/vizyon-1024x324.png 1024w, https:\/\/kandpenergy.com\/wp-content\/uploads\/2023\/05\/vizyon-768x243.png 768w\" sizes=\"(max-width: 1170px) 100vw, 1170px\" \/>\t\t\t\t\t\t\t\t\t\t\t\t\t\t\t<\/div>\n\t\t\t\t<\/div>\n\t\t\t\t\t<\/div>\n\t\t\t\t<\/div>\n\t\t<div class=\"elementor-element elementor-element-40d60500 e-con-full e-flex e-con e-parent\" data-id=\"40d60500\" data-element_type=\"container\" data-e-type=\"container\">\n\t\t\t\t<div class=\"elementor-element elementor-element-2a3270f9 elementor-widget-divider--view-line elementor-widget elementor-widget-divider\" data-id=\"2a3270f9\" data-element_type=\"widget\" data-e-type=\"widget\" data-widget_type=\"divider.default\">\n\t\t\t\t\t\t\t<div class=\"elementor-divider\">\n\t\t\t<span class=\"elementor-divider-separator\">\n\t\t\t\t\t\t<\/span>\n\t\t<\/div>\n\t\t\t\t\t\t<\/div>\n\t\t\t\t<\/div>\n\t\t<div class=\"elementor-element elementor-element-3d8406b9 e-flex e-con-boxed e-con e-parent\" data-id=\"3d8406b9\" data-element_type=\"container\" data-e-type=\"container\">\n\t\t\t\t\t<div class=\"e-con-inner\">\n\t\t<div class=\"elementor-element elementor-element-19224afa e-con-full e-flex e-con e-child\" data-id=\"19224afa\" data-element_type=\"container\" data-e-type=\"container\">\n\t\t\t\t<div class=\"elementor-element elementor-element-211efe49 elementor-widget elementor-widget-heading\" data-id=\"211efe49\" data-element_type=\"widget\" data-e-type=\"widget\" data-widget_type=\"heading.default\">\n\t\t\t\t\t<h2 class=\"elementor-heading-title elementor-size-default\">Values<\/h2>\t\t\t\t<\/div>\n\t\t\t\t<\/div>\n\t\t<div class=\"elementor-element elementor-element-664f83d2 e-con-full e-flex e-con e-child\" data-id=\"664f83d2\" data-element_type=\"container\" data-e-type=\"container\">\n\t\t\t\t<div class=\"elementor-element elementor-element-79cde18d elementor-widget elementor-widget-text-editor\" data-id=\"79cde18d\" data-element_type=\"widget\" data-e-type=\"widget\" data-widget_type=\"text-editor.default\">\n\t\t\t\t\t\t\t\t\t<p style=\"font-weight: 400;\"><span style=\"font-weight: 400;\">Doing your job in the best and fairest way, being creative, moving forward together, respecting everyone, giving every idea a chance, constantly improving knowledge, representing trust, giving high quality.<\/span><\/p>\t\t\t\t\t\t\t\t<\/div>\n\t\t\t\t<\/div>\n\t\t<div class=\"elementor-element elementor-element-21e73e8e e-con-full e-flex e-con e-child\" data-id=\"21e73e8e\" data-element_type=\"container\" data-e-type=\"container\">\n\t\t\t\t<div class=\"elementor-element elementor-element-148d107 elementor-widget elementor-widget-image\" data-id=\"148d107\" data-element_type=\"widget\" data-e-type=\"widget\" data-widget_type=\"image.default\">\n\t\t\t\t\t\t\t\t\t\t\t\t\t\t\t<img loading=\"lazy\" decoding=\"async\" width=\"1170\" height=\"370\" src=\"https:\/\/kandpenergy.com\/wp-content\/uploads\/2023\/05\/degerler.png\" class=\"attachment-full size-full wp-image-2666\" alt=\"\" srcset=\"https:\/\/kandpenergy.com\/wp-content\/uploads\/2023\/05\/degerler.png 1170w, https:\/\/kandpenergy.com\/wp-content\/uploads\/2023\/05\/degerler-300x95.png 300w, https:\/\/kandpenergy.com\/wp-content\/uploads\/2023\/05\/degerler-1024x324.png 1024w, https:\/\/kandpenergy.com\/wp-content\/uploads\/2023\/05\/degerler-768x243.png 768w\" sizes=\"(max-width: 1170px) 100vw, 1170px\" \/>\t\t\t\t\t\t\t\t\t\t\t\t\t\t\t<\/div>\n\t\t\t\t<\/div>\n\t\t\t\t\t<\/div>\n\t\t\t\t<\/div>\n\t\t<div class=\"elementor-element elementor-element-2c623737 e-flex e-con-boxed e-con e-parent\" data-id=\"2c623737\" data-element_type=\"container\" data-e-type=\"container\" data-settings=\"{&quot;background_background&quot;:&quot;classic&quot;}\">\n\t\t\t\t\t<div class=\"e-con-inner\">\n\t\t<div class=\"elementor-element elementor-element-44f7c8c e-con-full e-flex e-con e-child\" data-id=\"44f7c8c\" data-element_type=\"container\" data-e-type=\"container\">\n\t\t\t\t<div class=\"elementor-element elementor-element-5a48a230 elementor-widget elementor-widget-heading\" data-id=\"5a48a230\" data-element_type=\"widget\" data-e-type=\"widget\" data-widget_type=\"heading.default\">\n\t\t\t\t\t<h2 class=\"elementor-heading-title elementor-size-default\">K&amp;P<\/h2>\t\t\t\t<\/div>\n\t\t\t\t<\/div>\n\t\t\t\t\t<\/div>\n\t\t\t\t<\/div>\n\t\t<div class=\"elementor-element elementor-element-54315540 e-con-full e-flex e-con e-parent\" data-id=\"54315540\" data-element_type=\"container\" data-e-type=\"container\">\n\t\t\t\t<div class=\"elementor-element elementor-element-577b17af elementor-widget-divider--view-line elementor-widget elementor-widget-divider\" data-id=\"577b17af\" data-element_type=\"widget\" data-e-type=\"widget\" data-widget_type=\"divider.default\">\n\t\t\t\t\t\t\t<div class=\"elementor-divider\">\n\t\t\t<span class=\"elementor-divider-separator\">\n\t\t\t\t\t\t<\/span>\n\t\t<\/div>\n\t\t\t\t\t\t<\/div>\n\t\t\t\t<\/div>\n\t\t\t\t<\/div>","protected":false},"excerpt":{"rendered":"<p>Kurumsal Biz Kimiz K&amp;P Energy bir\u00e7ok \u00fclkede geni\u015f uluslararas\u0131 ba\u011flant\u0131lar\u0131 olan, Enerji sekt\u00f6r\u00fcnde profesyonel ara\u015ft\u0131rma ekibiyle yenilikler ve inovasyonlarla ilgili ara\u015ft\u0131rmalar\u0131 y\u00fcr\u00fcten ve GES Ekipman Tedarik Distrib\u00fct\u00f6rl\u00fc\u011f\u00fc ,GES dan\u0131\u015fmanl\u0131k hizmetleri, GES teknoloji geli\u015ftirmesi ve inovasyon hizmetleri, GES Pazar ara\u015ft\u0131rmalar\u0131, GES projelendirme hizmetleri, M\u00fchendislik-Tedarik-\u0130n\u015faat (EPC), GES Montaj hizmetlerini y\u00fcr\u00fcten t\u00fcm bunlar\u0131n yan\u0131 s\u0131ra Uluslararas\u0131 yat\u0131r\u0131m geli\u015ftirme [&hellip;]<\/p>\n","protected":false},"author":3,"featured_media":0,"parent":0,"menu_order":0,"comment_status":"closed","ping_status":"closed","template":"elementor_header_footer","meta":{"iawp_total_views":51,"footnotes":""},"class_list":["post-2164","page","type-page","status-publish","hentry"],"_links":{"self":[{"href":"https:\/\/kandpenergy.com\/en\/wp-json\/wp\/v2\/pages\/2164","targetHints":{"allow":["GET"]}}],"collection":[{"href":"https:\/\/kandpenergy.com\/en\/wp-json\/wp\/v2\/pages"}],"about":[{"href":"https:\/\/kandpenergy.com\/en\/wp-json\/wp\/v2\/types\/page"}],"author":[{"embeddable":true,"href":"https:\/\/kandpenergy.com\/en\/wp-json\/wp\/v2\/users\/3"}],"replies":[{"embeddable":true,"href":"https:\/\/kandpenergy.com\/en\/wp-json\/wp\/v2\/comments?post=2164"}],"version-history":[{"count":0,"href":"https:\/\/kandpenergy.com\/en\/wp-json\/wp\/v2\/pages\/2164\/revisions"}],"wp:attachment":[{"href":"https:\/\/kandpenergy.com\/en\/wp-json\/wp\/v2\/media?parent=2164"}],"curies":[{"name":"wp","href":"https:\/\/api.w.org\/{rel}","templated":true}]}}