{"id":2211,"date":"2023-05-16T00:44:22","date_gmt":"2023-05-16T00:44:22","guid":{"rendered":"https:\/\/kandpenergy.com\/?page_id=2211"},"modified":"2023-09-19T10:58:58","modified_gmt":"2023-09-19T10:58:58","slug":"perakende","status":"publish","type":"page","link":"https:\/\/kandpenergy.com\/en\/sectors-2\/retail\/","title":{"rendered":"Retail"},"content":{"rendered":"\t\t<div data-elementor-type=\"wp-page\" data-elementor-id=\"2211\" class=\"elementor elementor-2211\" data-elementor-post-type=\"page\">\n\t\t\t\t<div class=\"elementor-element elementor-element-2d52b39a e-flex e-con-boxed e-con e-parent\" data-id=\"2d52b39a\" data-element_type=\"container\" data-e-type=\"container\">\n\t\t\t\t\t<div class=\"e-con-inner\">\n\t\t\t\t<div class=\"elementor-element elementor-element-6889f533 elementor-widget__width-initial elementor-widget elementor-widget-heading\" data-id=\"6889f533\" data-element_type=\"widget\" data-e-type=\"widget\" data-widget_type=\"heading.default\">\n\t\t\t\t\t<h2 class=\"elementor-heading-title elementor-size-default\">Perakende<\/h2>\t\t\t\t<\/div>\n\t\t\t\t\t<\/div>\n\t\t\t\t<\/div>\n\t\t<div class=\"elementor-element elementor-element-10ec7721 e-flex e-con-boxed e-con e-parent\" data-id=\"10ec7721\" data-element_type=\"container\" data-e-type=\"container\">\n\t\t\t\t\t<div class=\"e-con-inner\">\n\t\t<div class=\"elementor-element elementor-element-4d0b7d4a e-flex e-con-boxed e-con e-child\" data-id=\"4d0b7d4a\" data-element_type=\"container\" data-e-type=\"container\">\n\t\t\t\t\t<div class=\"e-con-inner\">\n\t\t\t\t<div class=\"elementor-element elementor-element-14fb5c90 elementor-widget elementor-widget-image\" data-id=\"14fb5c90\" data-element_type=\"widget\" data-e-type=\"widget\" data-widget_type=\"image.default\">\n\t\t\t\t\t\t\t\t\t\t\t\t\t\t\t<img fetchpriority=\"high\" decoding=\"async\" width=\"2000\" height=\"1333\" src=\"https:\/\/kandpenergy.com\/wp-content\/uploads\/2023\/08\/man-and-woman-workng-in-store.jpg\" class=\"attachment-full size-full wp-image-4453\" alt=\"Man And Woman Workng In Store\" srcset=\"https:\/\/kandpenergy.com\/wp-content\/uploads\/2023\/08\/man-and-woman-workng-in-store.jpg 2000w, https:\/\/kandpenergy.com\/wp-content\/uploads\/2023\/08\/man-and-woman-workng-in-store-300x200.jpg 300w, https:\/\/kandpenergy.com\/wp-content\/uploads\/2023\/08\/man-and-woman-workng-in-store-1024x682.jpg 1024w, https:\/\/kandpenergy.com\/wp-content\/uploads\/2023\/08\/man-and-woman-workng-in-store-768x512.jpg 768w, https:\/\/kandpenergy.com\/wp-content\/uploads\/2023\/08\/man-and-woman-workng-in-store-1536x1024.jpg 1536w\" sizes=\"(max-width: 2000px) 100vw, 2000px\" \/>\t\t\t\t\t\t\t\t\t\t\t\t\t\t\t<\/div>\n\t\t\t\t\t<\/div>\n\t\t\t\t<\/div>\n\t\t\t\t<div class=\"elementor-element elementor-element-3eb433df elementor-widget elementor-widget-text-editor\" data-id=\"3eb433df\" data-element_type=\"widget\" data-e-type=\"widget\" data-widget_type=\"text-editor.default\">\n\t\t\t\t\t\t\t\t\t<p><span style=\"font-weight: 400;\">E-ticaretin b\u00fcy\u00fcmesi, perakendecilerin son y\u0131llarda i\u015f modellerini de\u011fi\u015ftirmelerine neden oldu. Yo\u011fun rekabet ortam\u0131nda perakendeciler, sat\u0131\u015f kanallar\u0131n\u0131 sadece fiziki ma\u011fazalar \u00fczerinden de\u011fil, online ma\u011fazalar ve perakende sat\u0131\u015f ma\u011fazalar\u0131 gibi bir\u00e7ok arac\u0131 arac\u0131l\u0131\u011f\u0131yla da y\u00f6netmektedir. Pazarlama kanallar\u0131ndaki ve pazarlardaki de\u011fi\u015fiklikler rekabet ortam\u0131n\u0131 bozuyor. Pazarlamac\u0131lar art\u0131k teknolojik de\u011fi\u015fikliklere uyum sa\u011flama ve m\u00fc\u015fteri talep ve ihtiya\u00e7lar\u0131na h\u0131zl\u0131 yan\u0131t verme stratejilerine odaklan\u0131yor. Teknolojideki geli\u015fmeler t\u00fcketicilere fayda sa\u011fl\u0131yor ve daha fazla se\u00e7enek sunuyor, ancak perakendecilerin de\u011fi\u015fime h\u0131zla uyum sa\u011flamas\u0131 gerekiyor.<\/span><\/p>\t\t\t\t\t\t\t\t<\/div>\n\t\t\t\t\t<\/div>\n\t\t\t\t<\/div>\n\t\t<div class=\"elementor-element elementor-element-464a1447 e-con-full e-flex e-con e-parent\" data-id=\"464a1447\" data-element_type=\"container\" data-e-type=\"container\">\n\t\t\t\t<div class=\"elementor-element elementor-element-765f9ef6 elementor-widget-divider--view-line elementor-widget elementor-widget-divider\" data-id=\"765f9ef6\" data-element_type=\"widget\" data-e-type=\"widget\" data-widget_type=\"divider.default\">\n\t\t\t\t\t\t\t<div class=\"elementor-divider\">\n\t\t\t<span class=\"elementor-divider-separator\">\n\t\t\t\t\t\t<\/span>\n\t\t<\/div>\n\t\t\t\t\t\t<\/div>\n\t\t\t\t<\/div>\n\t\t<div class=\"elementor-element elementor-element-36167759 e-flex e-con-boxed e-con e-parent\" data-id=\"36167759\" data-element_type=\"container\" data-e-type=\"container\" data-settings=\"{&quot;background_background&quot;:&quot;classic&quot;}\">\n\t\t\t\t\t<div class=\"e-con-inner\">\n\t\t<div class=\"elementor-element elementor-element-52a9fee6 e-con-full e-flex e-con e-child\" data-id=\"52a9fee6\" data-element_type=\"container\" data-e-type=\"container\">\n\t\t\t\t<div class=\"elementor-element elementor-element-17e4016e elementor-widget elementor-widget-image\" data-id=\"17e4016e\" data-element_type=\"widget\" data-e-type=\"widget\" data-widget_type=\"image.default\">\n\t\t\t\t\t\t\t\t\t\t\t\t\t\t\t<img decoding=\"async\" width=\"1200\" height=\"1200\" src=\"https:\/\/kandpenergy.com\/wp-content\/uploads\/2023\/05\/Finans.gif\" class=\"attachment-full size-full wp-image-3266\" alt=\"\" \/>\t\t\t\t\t\t\t\t\t\t\t\t\t\t\t<\/div>\n\t\t\t\t<\/div>\n\t\t<div class=\"elementor-element elementor-element-2ebc54bd e-con-full e-flex e-con e-child\" data-id=\"2ebc54bd\" data-element_type=\"container\" data-e-type=\"container\">\n\t\t\t\t<div class=\"elementor-element elementor-element-2ff69ff0 elementor-widget elementor-widget-heading\" data-id=\"2ff69ff0\" data-element_type=\"widget\" data-e-type=\"widget\" data-widget_type=\"heading.default\">\n\t\t\t\t\t<h2 class=\"elementor-heading-title elementor-size-default\">Yat\u0131r\u0131mlar\u0131n\u0131z\u0131 De\u011ferlendirin<\/h2>\t\t\t\t<\/div>\n\t\t\t\t<div class=\"elementor-element elementor-element-5810b12b elementor-widget elementor-widget-text-editor\" data-id=\"5810b12b\" data-element_type=\"widget\" data-e-type=\"widget\" data-widget_type=\"text-editor.default\">\n\t\t\t\t\t\t\t\t\t<p>Yat\u0131r\u0131mlar\u0131n\u0131z\u0131 en iyi \u015fekilde de\u011ferlendirmeniz i\u00e7in uzmanl\u0131\u011f\u0131m\u0131zdan yararlan\u0131n. Do\u011fru yat\u0131r\u0131m stratejileriyle karl\u0131l\u0131\u011f\u0131n\u0131z\u0131 art\u0131r\u0131n.<\/p>\t\t\t\t\t\t\t\t<\/div>\n\t\t\t\t<\/div>\n\t\t\t\t\t<\/div>\n\t\t\t\t<\/div>\n\t\t<div class=\"elementor-element elementor-element-1d0e88cc e-flex e-con-boxed e-con e-parent\" data-id=\"1d0e88cc\" data-element_type=\"container\" data-e-type=\"container\" data-settings=\"{&quot;background_background&quot;:&quot;classic&quot;}\">\n\t\t\t\t\t<div class=\"e-con-inner\">\n\t\t<div class=\"elementor-element elementor-element-759724a9 e-con-full e-flex e-con e-child\" data-id=\"759724a9\" data-element_type=\"container\" data-e-type=\"container\">\n\t\t\t\t<div class=\"elementor-element elementor-element-76c4a6a2 elementor-button-align-stretch elementor-widget elementor-widget-form\" data-id=\"76c4a6a2\" data-element_type=\"widget\" data-e-type=\"widget\" data-settings=\"{&quot;step_next_label&quot;:&quot;Next&quot;,&quot;step_previous_label&quot;:&quot;Previous&quot;,&quot;button_width&quot;:&quot;100&quot;,&quot;step_type&quot;:&quot;number_text&quot;,&quot;step_icon_shape&quot;:&quot;circle&quot;}\" data-widget_type=\"form.default\">\n\t\t\t\t\t\t\t<form class=\"elementor-form\" method=\"post\" name=\"G\u00f6r\u00fc\u015fme Planla Form\">\n\t\t\t<input type=\"hidden\" name=\"post_id\" value=\"2211\"\/>\n\t\t\t<input type=\"hidden\" name=\"form_id\" value=\"76c4a6a2\"\/>\n\t\t\t<input type=\"hidden\" name=\"referer_title\" value=\"\" \/>\n\n\t\t\t\n\t\t\t<div class=\"elementor-form-fields-wrapper elementor-labels-above\">\n\t\t\t\t\t\t\t\t<div class=\"elementor-field-type-text elementor-field-group elementor-column elementor-field-group-name elementor-col-50 elementor-field-required elementor-mark-required\">\n\t\t\t\t\t\t\t\t\t\t\t\t<label for=\"form-field-name\" class=\"elementor-field-label\">\n\t\t\t\t\t\t\t\t\u0130sim\t\t\t\t\t\t\t<\/label>\n\t\t\t\t\t\t\t\t\t\t\t\t\t\t<input size=\"1\" type=\"text\" name=\"form_fields[name]\" id=\"form-field-name\" class=\"elementor-field elementor-size-sm  elementor-field-textual\" required=\"required\">\n\t\t\t\t\t\t\t\t\t\t\t<\/div>\n\t\t\t\t\t\t\t\t<div class=\"elementor-field-type-email elementor-field-group elementor-column elementor-field-group-field_8bd9833 elementor-col-50 elementor-field-required elementor-mark-required\">\n\t\t\t\t\t\t\t\t\t\t\t\t<label for=\"form-field-field_8bd9833\" class=\"elementor-field-label\">\n\t\t\t\t\t\t\t\tEposta\t\t\t\t\t\t\t<\/label>\n\t\t\t\t\t\t\t\t\t\t\t\t\t\t<input size=\"1\" type=\"email\" name=\"form_fields[field_8bd9833]\" id=\"form-field-field_8bd9833\" class=\"elementor-field elementor-size-sm  elementor-field-textual\" required=\"required\">\n\t\t\t\t\t\t\t\t\t\t\t<\/div>\n\t\t\t\t\t\t\t\t<div class=\"elementor-field-type-textarea elementor-field-group elementor-column elementor-field-group-field_5d63c91 elementor-col-50 elementor-field-required elementor-mark-required\">\n\t\t\t\t\t\t\t\t\t\t\t\t<label for=\"form-field-field_5d63c91\" class=\"elementor-field-label\">\n\t\t\t\t\t\t\t\tGelecek Perspektifiniz Nedir?\t\t\t\t\t\t\t<\/label>\n\t\t\t\t\t\t<textarea class=\"elementor-field-textual elementor-field  elementor-size-sm\" name=\"form_fields[field_5d63c91]\" id=\"form-field-field_5d63c91\" rows=\"3\" required=\"required\"><\/textarea>\t\t\t\t<\/div>\n\t\t\t\t\t\t\t\t<div class=\"elementor-field-type-textarea elementor-field-group elementor-column elementor-field-group-field_e854b93 elementor-col-50 elementor-field-required elementor-mark-required\">\n\t\t\t\t\t\t\t\t\t\t\t\t<label for=\"form-field-field_e854b93\" class=\"elementor-field-label\">\n\t\t\t\t\t\t\t\t\u015eirketinizdeki \u00c7al\u0131\u015fan Say\u0131s\u0131n\u0131 Belirtir Misiniz?\t\t\t\t\t\t\t<\/label>\n\t\t\t\t\t\t<textarea class=\"elementor-field-textual elementor-field  elementor-size-sm\" name=\"form_fields[field_e854b93]\" id=\"form-field-field_e854b93\" rows=\"3\" required=\"required\"><\/textarea>\t\t\t\t<\/div>\n\t\t\t\t\t\t\t\t<div class=\"elementor-field-type-textarea elementor-field-group elementor-column elementor-field-group-field_006c226 elementor-col-50 elementor-field-required elementor-mark-required\">\n\t\t\t\t\t\t\t\t\t\t\t\t<label for=\"form-field-field_006c226\" class=\"elementor-field-label\">\n\t\t\t\t\t\t\t\t\u015eirketlerin Faaliyet Alanlar\u0131 Nelerdir?\t\t\t\t\t\t\t<\/label>\n\t\t\t\t\t\t<textarea class=\"elementor-field-textual elementor-field  elementor-size-sm\" name=\"form_fields[field_006c226]\" id=\"form-field-field_006c226\" rows=\"3\" required=\"required\"><\/textarea>\t\t\t\t<\/div>\n\t\t\t\t\t\t\t\t<div class=\"elementor-field-group elementor-column elementor-field-type-submit elementor-col-100 e-form__buttons\">\n\t\t\t\t\t<button class=\"elementor-button elementor-size-sm\" type=\"submit\">\n\t\t\t\t\t\t<span class=\"elementor-button-content-wrapper\">\n\t\t\t\t\t\t\t\t\t\t\t\t\t\t\t\t\t\t\t\t\t\t<span class=\"elementor-button-text\">G\u00f6r\u00fc\u015fme Planla<\/span>\n\t\t\t\t\t\t\t\t\t\t\t\t\t<\/span>\n\t\t\t\t\t<\/button>\n\t\t\t\t<\/div>\n\t\t\t<\/div>\n\t\t<\/form>\n\t\t\t\t\t\t<\/div>\n\t\t\t\t<\/div>\n\t\t\t\t\t<\/div>\n\t\t\t\t<\/div>\n\t\t\t\t<\/div>\n\t\t","protected":false},"excerpt":{"rendered":"<p>E-ticaretin b\u00fcy\u00fcmesi, perakendecilerin son y\u0131llarda i\u015f modellerini de\u011fi\u015ftirmelerine neden oldu. Yo\u011fun rekabet ortam\u0131nda perakendeciler, sat\u0131\u015f kanallar\u0131n\u0131 sadece fiziki ma\u011fazalar \u00fczerinden de\u011fil, online ma\u011fazalar ve perakende sat\u0131\u015f ma\u011fazalar\u0131 gibi bir\u00e7ok arac\u0131 arac\u0131l\u0131\u011f\u0131yla da y\u00f6netmektedir. Pazarlama kanallar\u0131ndaki ve pazarlardaki de\u011fi\u015fiklikler rekabet ortam\u0131n\u0131 bozuyor. Pazarlamac\u0131lar art\u0131k teknolojik de\u011fi\u015fikliklere uyum sa\u011flama ve m\u00fc\u015fteri talep ve ihtiya\u00e7lar\u0131na h\u0131zl\u0131 yan\u0131t verme [&hellip;]<\/p>\n","protected":false},"author":3,"featured_media":0,"parent":2154,"menu_order":4,"comment_status":"closed","ping_status":"closed","template":"elementor_header_footer","meta":{"iawp_total_views":2,"footnotes":""},"class_list":["post-2211","page","type-page","status-publish","hentry"],"_links":{"self":[{"href":"https:\/\/kandpenergy.com\/en\/wp-json\/wp\/v2\/pages\/2211","targetHints":{"allow":["GET"]}}],"collection":[{"href":"https:\/\/kandpenergy.com\/en\/wp-json\/wp\/v2\/pages"}],"about":[{"href":"https:\/\/kandpenergy.com\/en\/wp-json\/wp\/v2\/types\/page"}],"author":[{"embeddable":true,"href":"https:\/\/kandpenergy.com\/en\/wp-json\/wp\/v2\/users\/3"}],"replies":[{"embeddable":true,"href":"https:\/\/kandpenergy.com\/en\/wp-json\/wp\/v2\/comments?post=2211"}],"version-history":[{"count":0,"href":"https:\/\/kandpenergy.com\/en\/wp-json\/wp\/v2\/pages\/2211\/revisions"}],"up":[{"embeddable":true,"href":"https:\/\/kandpenergy.com\/en\/wp-json\/wp\/v2\/pages\/2154"}],"wp:attachment":[{"href":"https:\/\/kandpenergy.com\/en\/wp-json\/wp\/v2\/media?parent=2211"}],"curies":[{"name":"wp","href":"https:\/\/api.w.org\/{rel}","templated":true}]}}