{"id":2323,"date":"2023-05-16T06:45:59","date_gmt":"2023-05-16T06:45:59","guid":{"rendered":"https:\/\/kandpenergy.com\/?page_id=2323"},"modified":"2023-09-19T08:25:26","modified_gmt":"2023-09-19T08:25:26","slug":"varlik-yonetimi","status":"publish","type":"page","link":"https:\/\/kandpenergy.com\/en\/services-4\/asset-management\/","title":{"rendered":"Asset Management"},"content":{"rendered":"\t\t<div data-elementor-type=\"wp-page\" data-elementor-id=\"2323\" class=\"elementor elementor-2323\" data-elementor-post-type=\"page\">\n\t\t\t\t<div class=\"elementor-element elementor-element-101a019c e-flex e-con-boxed e-con e-parent\" data-id=\"101a019c\" data-element_type=\"container\" data-e-type=\"container\">\n\t\t\t\t\t<div class=\"e-con-inner\">\n\t\t\t\t<div class=\"elementor-element elementor-element-5d69d7cf elementor-widget__width-initial elementor-widget elementor-widget-heading\" data-id=\"5d69d7cf\" data-element_type=\"widget\" data-e-type=\"widget\" data-widget_type=\"heading.default\">\n\t\t\t\t\t<h2 class=\"elementor-heading-title elementor-size-default\">Varl\u0131k Y\u00f6netimi<\/h2>\t\t\t\t<\/div>\n\t\t\t\t\t<\/div>\n\t\t\t\t<\/div>\n\t\t<div class=\"elementor-element elementor-element-2ebc6e93 e-flex e-con-boxed e-con e-parent\" data-id=\"2ebc6e93\" data-element_type=\"container\" data-e-type=\"container\">\n\t\t\t\t\t<div class=\"e-con-inner\">\n\t\t\t\t<div class=\"elementor-element elementor-element-6fdad460 elementor-widget elementor-widget-text-editor\" data-id=\"6fdad460\" data-element_type=\"widget\" data-e-type=\"widget\" data-widget_type=\"text-editor.default\">\n\t\t\t\t\t\t\t\t\t<p><span style=\"font-weight: 400;\">B\u00fcy\u00fcyen i\u015f ve finansal y\u00f6netim end\u00fcstrisinde risk y\u00f6netimi, uyumluluk, d\u00fczenleme, raporlama ve vergilendirme daha karma\u015f\u0131k ve karma\u015f\u0131k hale geliyor. Yat\u0131r\u0131mc\u0131lar\u0131n varl\u0131k s\u0131n\u0131flar\u0131na ve alternatif yat\u0131r\u0131m ara\u00e7lar\u0131na, portf\u00f6ylerinin profesyonel y\u00f6netimine ve risk de\u011fi\u015fkenlerine dayal\u0131 toplu yat\u0131r\u0131m ara\u00e7lar\u0131na ilgisi art\u0131yor.<\/span> <span style=\"font-weight: 400;\">Sekt\u00f6r tecr\u00fcbesine sahip profesyonel varl\u0131k y\u00f6netimi sat\u0131\u015f y\u00f6neticilerimiz, varl\u0131k y\u00f6netimi m\u00fc\u015fterilerinin ihtiya\u00e7 ve beklentilerini, yat\u0131r\u0131m davran\u0131\u015flar\u0131n\u0131, risk i\u015ftah\u0131n\u0131 ve \u00e7\u0131karlar\u0131n\u0131 detayl\u0131 bir \u015fekilde analiz etmek i\u00e7in &#8220;m\u00fc\u015fteri davran\u0131\u015f analizi&#8221; y\u00f6ntemini kullan\u0131r. Uzmanlardan olu\u015fan ekibimiz, yaln\u0131zca bireyin de\u011fil, ayn\u0131 zamanda ailesinin, \u015firketin ve hatta \u015firket \u00e7al\u0131\u015fanlar\u0131n\u0131n \u00f6zel bir analizini yaparak, varl\u0131k y\u00f6netimi hizmetleri m\u00fc\u015fterisine \u00f6zel geli\u015ftirilebilecek \u00e7\u00f6z\u00fcmleri belirler ve konunun uzmanlar\u0131n\u0131 bir araya getirir. Ele al\u0131nan t\u00fcm sorunlar, Varl\u0131k Y\u00f6netimi Sat\u0131\u015f M\u00fcd\u00fcr\u00fc taraf\u0131ndan takip edilir. <\/span><b>K&amp;P Energy<\/b><span style=\"font-weight: 400;\">\u00a0olarak \u00e7e\u015fitli yat\u0131r\u0131m yap\u0131lar\u0131n\u0131n ve fonlar\u0131n kurulmas\u0131ndan, s\u00fcre\u00e7lerin olu\u015fturulmas\u0131na ve raporlama altyap\u0131s\u0131na kadar m\u00fc\u015fterilerimizin gelece\u011fini her y\u00f6n\u00fcyle destekliyoruz. <\/span><\/p>\t\t\t\t\t\t\t\t<\/div>\n\t\t<div class=\"elementor-element elementor-element-140db180 e-flex e-con-boxed e-con e-child\" data-id=\"140db180\" data-element_type=\"container\" data-e-type=\"container\">\n\t\t\t\t\t<div class=\"e-con-inner\">\n\t\t\t\t<div class=\"elementor-element elementor-element-35eccce8 elementor-widget elementor-widget-image\" data-id=\"35eccce8\" data-element_type=\"widget\" data-e-type=\"widget\" data-widget_type=\"image.default\">\n\t\t\t\t\t\t\t\t\t\t\t\t\t\t\t<img fetchpriority=\"high\" decoding=\"async\" width=\"567\" height=\"370\" src=\"https:\/\/kandpenergy.com\/wp-content\/uploads\/2023\/05\/Varlik-Yonetimi.png\" class=\"attachment-full size-full wp-image-2326\" alt=\"\" srcset=\"https:\/\/kandpenergy.com\/wp-content\/uploads\/2023\/05\/Varlik-Yonetimi.png 567w, https:\/\/kandpenergy.com\/wp-content\/uploads\/2023\/05\/Varlik-Yonetimi-300x196.png 300w\" sizes=\"(max-width: 567px) 100vw, 567px\" \/>\t\t\t\t\t\t\t\t\t\t\t\t\t\t\t<\/div>\n\t\t\t\t\t<\/div>\n\t\t\t\t<\/div>\n\t\t\t\t\t<\/div>\n\t\t\t\t<\/div>\n\t\t<div class=\"elementor-element elementor-element-678417aa e-con-full e-flex e-con e-parent\" data-id=\"678417aa\" data-element_type=\"container\" data-e-type=\"container\">\n\t\t\t\t<div class=\"elementor-element elementor-element-71059630 elementor-widget-divider--view-line elementor-widget elementor-widget-divider\" data-id=\"71059630\" data-element_type=\"widget\" data-e-type=\"widget\" data-widget_type=\"divider.default\">\n\t\t\t\t\t\t\t<div class=\"elementor-divider\">\n\t\t\t<span class=\"elementor-divider-separator\">\n\t\t\t\t\t\t<\/span>\n\t\t<\/div>\n\t\t\t\t\t\t<\/div>\n\t\t\t\t<\/div>\n\t\t<div class=\"elementor-element elementor-element-7b4b619f e-flex e-con-boxed e-con e-parent\" data-id=\"7b4b619f\" data-element_type=\"container\" data-e-type=\"container\" data-settings=\"{&quot;background_background&quot;:&quot;classic&quot;}\">\n\t\t\t\t\t<div class=\"e-con-inner\">\n\t\t<div class=\"elementor-element elementor-element-390a47e6 e-con-full e-flex e-con e-child\" data-id=\"390a47e6\" data-element_type=\"container\" data-e-type=\"container\">\n\t\t\t\t<div class=\"elementor-element elementor-element-252779d elementor-widget elementor-widget-image\" data-id=\"252779d\" data-element_type=\"widget\" data-e-type=\"widget\" data-widget_type=\"image.default\">\n\t\t\t\t\t\t\t\t\t\t\t\t\t\t\t<img decoding=\"async\" width=\"1200\" height=\"1200\" src=\"https:\/\/kandpenergy.com\/wp-content\/uploads\/2023\/05\/Finans.gif\" class=\"attachment-full size-full wp-image-3266\" alt=\"\" \/>\t\t\t\t\t\t\t\t\t\t\t\t\t\t\t<\/div>\n\t\t\t\t<\/div>\n\t\t<div class=\"elementor-element elementor-element-199e2c61 e-con-full e-flex e-con e-child\" data-id=\"199e2c61\" data-element_type=\"container\" data-e-type=\"container\">\n\t\t\t\t<div class=\"elementor-element elementor-element-6904e918 elementor-widget elementor-widget-heading\" data-id=\"6904e918\" data-element_type=\"widget\" data-e-type=\"widget\" data-widget_type=\"heading.default\">\n\t\t\t\t\t<h2 class=\"elementor-heading-title elementor-size-default\">Yat\u0131r\u0131mlar\u0131n\u0131z\u0131 De\u011ferlendirin<\/h2>\t\t\t\t<\/div>\n\t\t\t\t<div class=\"elementor-element elementor-element-27db6290 elementor-widget elementor-widget-text-editor\" data-id=\"27db6290\" data-element_type=\"widget\" data-e-type=\"widget\" data-widget_type=\"text-editor.default\">\n\t\t\t\t\t\t\t\t\t<p>Yat\u0131r\u0131mlar\u0131n\u0131z\u0131 en iyi \u015fekilde de\u011ferlendirmeniz i\u00e7in uzmanl\u0131\u011f\u0131m\u0131zdan yararlan\u0131n. Do\u011fru yat\u0131r\u0131m stratejileriyle karl\u0131l\u0131\u011f\u0131n\u0131z\u0131 art\u0131r\u0131n.<\/p>\t\t\t\t\t\t\t\t<\/div>\n\t\t\t\t<\/div>\n\t\t\t\t\t<\/div>\n\t\t\t\t<\/div>\n\t\t<div class=\"elementor-element elementor-element-1a0f9200 e-flex e-con-boxed e-con e-parent\" data-id=\"1a0f9200\" data-element_type=\"container\" data-e-type=\"container\" data-settings=\"{&quot;background_background&quot;:&quot;classic&quot;}\">\n\t\t\t\t\t<div class=\"e-con-inner\">\n\t\t<div class=\"elementor-element elementor-element-5eab3b1b e-con-full e-flex e-con e-child\" data-id=\"5eab3b1b\" data-element_type=\"container\" data-e-type=\"container\">\n\t\t\t\t<div class=\"elementor-element elementor-element-7ab0be1e elementor-button-align-stretch elementor-widget elementor-widget-form\" data-id=\"7ab0be1e\" data-element_type=\"widget\" data-e-type=\"widget\" data-settings=\"{&quot;step_next_label&quot;:&quot;Next&quot;,&quot;step_previous_label&quot;:&quot;Previous&quot;,&quot;button_width&quot;:&quot;100&quot;,&quot;step_type&quot;:&quot;number_text&quot;,&quot;step_icon_shape&quot;:&quot;circle&quot;}\" data-widget_type=\"form.default\">\n\t\t\t\t\t\t\t<form class=\"elementor-form\" method=\"post\" name=\"G\u00f6r\u00fc\u015fme Planla Form\">\n\t\t\t<input type=\"hidden\" name=\"post_id\" value=\"2323\"\/>\n\t\t\t<input type=\"hidden\" name=\"form_id\" value=\"7ab0be1e\"\/>\n\t\t\t<input type=\"hidden\" name=\"referer_title\" value=\"\" \/>\n\n\t\t\t\n\t\t\t<div class=\"elementor-form-fields-wrapper elementor-labels-above\">\n\t\t\t\t\t\t\t\t<div class=\"elementor-field-type-text elementor-field-group elementor-column elementor-field-group-name elementor-col-50 elementor-field-required elementor-mark-required\">\n\t\t\t\t\t\t\t\t\t\t\t\t<label for=\"form-field-name\" class=\"elementor-field-label\">\n\t\t\t\t\t\t\t\t\u0130sim\t\t\t\t\t\t\t<\/label>\n\t\t\t\t\t\t\t\t\t\t\t\t\t\t<input size=\"1\" type=\"text\" name=\"form_fields[name]\" id=\"form-field-name\" class=\"elementor-field elementor-size-sm  elementor-field-textual\" required=\"required\">\n\t\t\t\t\t\t\t\t\t\t\t<\/div>\n\t\t\t\t\t\t\t\t<div class=\"elementor-field-type-email elementor-field-group elementor-column elementor-field-group-field_8bd9833 elementor-col-50 elementor-field-required elementor-mark-required\">\n\t\t\t\t\t\t\t\t\t\t\t\t<label for=\"form-field-field_8bd9833\" class=\"elementor-field-label\">\n\t\t\t\t\t\t\t\tEposta\t\t\t\t\t\t\t<\/label>\n\t\t\t\t\t\t\t\t\t\t\t\t\t\t<input size=\"1\" type=\"email\" name=\"form_fields[field_8bd9833]\" id=\"form-field-field_8bd9833\" class=\"elementor-field elementor-size-sm  elementor-field-textual\" required=\"required\">\n\t\t\t\t\t\t\t\t\t\t\t<\/div>\n\t\t\t\t\t\t\t\t<div class=\"elementor-field-type-textarea elementor-field-group elementor-column elementor-field-group-field_5d63c91 elementor-col-50 elementor-field-required elementor-mark-required\">\n\t\t\t\t\t\t\t\t\t\t\t\t<label for=\"form-field-field_5d63c91\" class=\"elementor-field-label\">\n\t\t\t\t\t\t\t\tGelecek Perspektifiniz Nedir?\t\t\t\t\t\t\t<\/label>\n\t\t\t\t\t\t<textarea class=\"elementor-field-textual elementor-field  elementor-size-sm\" name=\"form_fields[field_5d63c91]\" id=\"form-field-field_5d63c91\" rows=\"3\" required=\"required\"><\/textarea>\t\t\t\t<\/div>\n\t\t\t\t\t\t\t\t<div class=\"elementor-field-type-textarea elementor-field-group elementor-column elementor-field-group-field_e854b93 elementor-col-50 elementor-field-required elementor-mark-required\">\n\t\t\t\t\t\t\t\t\t\t\t\t<label for=\"form-field-field_e854b93\" class=\"elementor-field-label\">\n\t\t\t\t\t\t\t\t\u015eirketinizdeki \u00c7al\u0131\u015fan Say\u0131s\u0131n\u0131 Belirtir Misiniz?\t\t\t\t\t\t\t<\/label>\n\t\t\t\t\t\t<textarea class=\"elementor-field-textual elementor-field  elementor-size-sm\" name=\"form_fields[field_e854b93]\" id=\"form-field-field_e854b93\" rows=\"3\" required=\"required\"><\/textarea>\t\t\t\t<\/div>\n\t\t\t\t\t\t\t\t<div class=\"elementor-field-type-textarea elementor-field-group elementor-column elementor-field-group-field_006c226 elementor-col-50 elementor-field-required elementor-mark-required\">\n\t\t\t\t\t\t\t\t\t\t\t\t<label for=\"form-field-field_006c226\" class=\"elementor-field-label\">\n\t\t\t\t\t\t\t\t\u015eirketlerin Faaliyet Alanlar\u0131 Nelerdir?\t\t\t\t\t\t\t<\/label>\n\t\t\t\t\t\t<textarea class=\"elementor-field-textual elementor-field  elementor-size-sm\" name=\"form_fields[field_006c226]\" id=\"form-field-field_006c226\" rows=\"3\" required=\"required\"><\/textarea>\t\t\t\t<\/div>\n\t\t\t\t\t\t\t\t<div class=\"elementor-field-group elementor-column elementor-field-type-submit elementor-col-100 e-form__buttons\">\n\t\t\t\t\t<button class=\"elementor-button elementor-size-sm\" type=\"submit\">\n\t\t\t\t\t\t<span class=\"elementor-button-content-wrapper\">\n\t\t\t\t\t\t\t\t\t\t\t\t\t\t\t\t\t\t\t\t\t\t<span class=\"elementor-button-text\">G\u00f6r\u00fc\u015fme Planla<\/span>\n\t\t\t\t\t\t\t\t\t\t\t\t\t<\/span>\n\t\t\t\t\t<\/button>\n\t\t\t\t<\/div>\n\t\t\t<\/div>\n\t\t<\/form>\n\t\t\t\t\t\t<\/div>\n\t\t\t\t<\/div>\n\t\t\t\t\t<\/div>\n\t\t\t\t<\/div>\n\t\t\t\t<\/div>\n\t\t","protected":false},"excerpt":{"rendered":"<p>B\u00fcy\u00fcyen i\u015f ve finansal y\u00f6netim end\u00fcstrisinde risk y\u00f6netimi, uyumluluk, d\u00fczenleme, raporlama ve vergilendirme daha karma\u015f\u0131k ve karma\u015f\u0131k hale geliyor. Yat\u0131r\u0131mc\u0131lar\u0131n varl\u0131k s\u0131n\u0131flar\u0131na ve alternatif yat\u0131r\u0131m ara\u00e7lar\u0131na, portf\u00f6ylerinin profesyonel y\u00f6netimine ve risk de\u011fi\u015fkenlerine dayal\u0131 toplu yat\u0131r\u0131m ara\u00e7lar\u0131na ilgisi art\u0131yor. Sekt\u00f6r tecr\u00fcbesine sahip profesyonel varl\u0131k y\u00f6netimi sat\u0131\u015f y\u00f6neticilerimiz, varl\u0131k y\u00f6netimi m\u00fc\u015fterilerinin ihtiya\u00e7 ve beklentilerini, yat\u0131r\u0131m davran\u0131\u015flar\u0131n\u0131, risk [&hellip;]<\/p>\n","protected":false},"author":3,"featured_media":3731,"parent":2149,"menu_order":8,"comment_status":"closed","ping_status":"closed","template":"elementor_header_footer","meta":{"iawp_total_views":1,"footnotes":""},"class_list":["post-2323","page","type-page","status-publish","has-post-thumbnail","hentry"],"_links":{"self":[{"href":"https:\/\/kandpenergy.com\/en\/wp-json\/wp\/v2\/pages\/2323","targetHints":{"allow":["GET"]}}],"collection":[{"href":"https:\/\/kandpenergy.com\/en\/wp-json\/wp\/v2\/pages"}],"about":[{"href":"https:\/\/kandpenergy.com\/en\/wp-json\/wp\/v2\/types\/page"}],"author":[{"embeddable":true,"href":"https:\/\/kandpenergy.com\/en\/wp-json\/wp\/v2\/users\/3"}],"replies":[{"embeddable":true,"href":"https:\/\/kandpenergy.com\/en\/wp-json\/wp\/v2\/comments?post=2323"}],"version-history":[{"count":0,"href":"https:\/\/kandpenergy.com\/en\/wp-json\/wp\/v2\/pages\/2323\/revisions"}],"up":[{"embeddable":true,"href":"https:\/\/kandpenergy.com\/en\/wp-json\/wp\/v2\/pages\/2149"}],"wp:featuredmedia":[{"embeddable":true,"href":"https:\/\/kandpenergy.com\/en\/wp-json\/wp\/v2\/media\/3731"}],"wp:attachment":[{"href":"https:\/\/kandpenergy.com\/en\/wp-json\/wp\/v2\/media?parent=2323"}],"curies":[{"name":"wp","href":"https:\/\/api.w.org\/{rel}","templated":true}]}}