{"id":3755,"date":"2023-06-03T18:16:15","date_gmt":"2023-06-03T18:16:15","guid":{"rendered":"https:\/\/kandpenergy.com\/?page_id=3755"},"modified":"2023-09-19T08:12:19","modified_gmt":"2023-09-19T08:12:19","slug":"ges-pazar-arastirmalari-hizmetleri","status":"publish","type":"page","link":"https:\/\/kandpenergy.com\/en\/services-4\/ges-market-research-services\/","title":{"rendered":"GES Market Research Services"},"content":{"rendered":"\t\t<div data-elementor-type=\"wp-page\" data-elementor-id=\"3755\" class=\"elementor elementor-3755\" data-elementor-post-type=\"page\">\n\t\t\t\t<div class=\"elementor-element elementor-element-56ee41a e-flex e-con-boxed e-con e-parent\" data-id=\"56ee41a\" data-element_type=\"container\" data-e-type=\"container\">\n\t\t\t\t\t<div class=\"e-con-inner\">\n\t\t\t\t<div class=\"elementor-element elementor-element-485523fd elementor-widget__width-initial elementor-widget elementor-widget-heading\" data-id=\"485523fd\" data-element_type=\"widget\" data-e-type=\"widget\" data-widget_type=\"heading.default\">\n\t\t\t\t\t<h2 class=\"elementor-heading-title elementor-size-default\">GES Pazar Ara\u015ft\u0131rmalar\u0131 Hizmetleri<\/h2>\t\t\t\t<\/div>\n\t\t\t\t\t<\/div>\n\t\t\t\t<\/div>\n\t\t<div class=\"elementor-element elementor-element-41caf92d e-flex e-con-boxed e-con e-parent\" data-id=\"41caf92d\" data-element_type=\"container\" data-e-type=\"container\">\n\t\t\t\t\t<div class=\"e-con-inner\">\n\t\t\t\t<div class=\"elementor-element elementor-element-76cfbc14 elementor-widget elementor-widget-text-editor\" data-id=\"76cfbc14\" data-element_type=\"widget\" data-e-type=\"widget\" data-widget_type=\"text-editor.default\">\n\t\t\t\t\t\t\t\t\t<ul><li style=\"font-weight: 400;\" aria-level=\"1\"><span style=\"font-weight: 400;\">GES Pazar Analizi ve Rakip Analizleri Dan\u0131\u015fmanl\u0131\u011f\u0131<\/span><\/li><li style=\"font-weight: 400;\" aria-level=\"1\"><span style=\"font-weight: 400;\">GES M\u00fc\u015fteri Segmentasyonu ve M\u00fc\u015fteri Analizleri<\/span><\/li><li style=\"font-weight: 400;\" aria-level=\"1\"><span style=\"font-weight: 400;\">GES Uluslararas\u0131 Yat\u0131r\u0131m F\u0131rsatlar\u0131 Alternatiflerinin Sunumu ve \u00d6zet Fizibiliteler<\/span><\/li><li style=\"font-weight: 400;\" aria-level=\"1\"><span style=\"font-weight: 400;\">GES Yat\u0131r\u0131m Yap\u0131labilecek Farkl\u0131 \u00dclkelerdeki Sekt\u00f6r Yelpazesi<\/span><\/li><\/ul>\t\t\t\t\t\t\t\t<\/div>\n\t\t<div class=\"elementor-element elementor-element-4700cadd e-flex e-con-boxed e-con e-child\" data-id=\"4700cadd\" data-element_type=\"container\" data-e-type=\"container\">\n\t\t\t\t\t<div class=\"e-con-inner\">\n\t\t\t\t<div class=\"elementor-element elementor-element-6b2b8a39 elementor-widget elementor-widget-image\" data-id=\"6b2b8a39\" data-element_type=\"widget\" data-e-type=\"widget\" data-widget_type=\"image.default\">\n\t\t\t\t\t\t\t\t\t\t\t\t\t\t\t<img fetchpriority=\"high\" decoding=\"async\" width=\"567\" height=\"370\" src=\"https:\/\/kandpenergy.com\/wp-content\/uploads\/2023\/06\/GES-Pazar-Arastirmalari-Hizmetleri.png\" class=\"attachment-full size-full wp-image-3762\" alt=\"\" srcset=\"https:\/\/kandpenergy.com\/wp-content\/uploads\/2023\/06\/GES-Pazar-Arastirmalari-Hizmetleri.png 567w, https:\/\/kandpenergy.com\/wp-content\/uploads\/2023\/06\/GES-Pazar-Arastirmalari-Hizmetleri-300x196.png 300w\" sizes=\"(max-width: 567px) 100vw, 567px\" \/>\t\t\t\t\t\t\t\t\t\t\t\t\t\t\t<\/div>\n\t\t\t\t\t<\/div>\n\t\t\t\t<\/div>\n\t\t\t\t\t<\/div>\n\t\t\t\t<\/div>\n\t\t<div class=\"elementor-element elementor-element-1bab884e e-con-full e-flex e-con e-parent\" data-id=\"1bab884e\" data-element_type=\"container\" data-e-type=\"container\">\n\t\t\t\t<div class=\"elementor-element elementor-element-3513f66a elementor-widget-divider--view-line elementor-widget elementor-widget-divider\" data-id=\"3513f66a\" data-element_type=\"widget\" data-e-type=\"widget\" data-widget_type=\"divider.default\">\n\t\t\t\t\t\t\t<div class=\"elementor-divider\">\n\t\t\t<span class=\"elementor-divider-separator\">\n\t\t\t\t\t\t<\/span>\n\t\t<\/div>\n\t\t\t\t\t\t<\/div>\n\t\t\t\t<\/div>\n\t\t<div class=\"elementor-element elementor-element-4d1bbb7 e-flex e-con-boxed e-con e-parent\" data-id=\"4d1bbb7\" data-element_type=\"container\" data-e-type=\"container\" data-settings=\"{&quot;background_background&quot;:&quot;classic&quot;}\">\n\t\t\t\t\t<div class=\"e-con-inner\">\n\t\t<div class=\"elementor-element elementor-element-2ecf07ef e-con-full e-flex e-con e-child\" data-id=\"2ecf07ef\" data-element_type=\"container\" data-e-type=\"container\">\n\t\t\t\t<div class=\"elementor-element elementor-element-4d9f60a9 elementor-widget elementor-widget-image\" data-id=\"4d9f60a9\" data-element_type=\"widget\" data-e-type=\"widget\" data-widget_type=\"image.default\">\n\t\t\t\t\t\t\t\t\t\t\t\t\t\t\t<img decoding=\"async\" width=\"1200\" height=\"1200\" src=\"https:\/\/kandpenergy.com\/wp-content\/uploads\/2023\/05\/Finans.gif\" class=\"attachment-full size-full wp-image-3266\" alt=\"\" \/>\t\t\t\t\t\t\t\t\t\t\t\t\t\t\t<\/div>\n\t\t\t\t<\/div>\n\t\t<div class=\"elementor-element elementor-element-602aa072 e-con-full e-flex e-con e-child\" data-id=\"602aa072\" data-element_type=\"container\" data-e-type=\"container\">\n\t\t\t\t<div class=\"elementor-element elementor-element-6efdcfef elementor-widget elementor-widget-heading\" data-id=\"6efdcfef\" data-element_type=\"widget\" data-e-type=\"widget\" data-widget_type=\"heading.default\">\n\t\t\t\t\t<h2 class=\"elementor-heading-title elementor-size-default\">Yat\u0131r\u0131mlar\u0131n\u0131z\u0131 De\u011ferlendirin<\/h2>\t\t\t\t<\/div>\n\t\t\t\t<div class=\"elementor-element elementor-element-332f293 elementor-widget elementor-widget-text-editor\" data-id=\"332f293\" data-element_type=\"widget\" data-e-type=\"widget\" data-widget_type=\"text-editor.default\">\n\t\t\t\t\t\t\t\t\t<p>Yat\u0131r\u0131mlar\u0131n\u0131z\u0131 en iyi \u015fekilde de\u011ferlendirmeniz i\u00e7in uzmanl\u0131\u011f\u0131m\u0131zdan yararlan\u0131n. Do\u011fru yat\u0131r\u0131m stratejileriyle karl\u0131l\u0131\u011f\u0131n\u0131z\u0131 art\u0131r\u0131n.<\/p>\t\t\t\t\t\t\t\t<\/div>\n\t\t\t\t<\/div>\n\t\t\t\t\t<\/div>\n\t\t\t\t<\/div>\n\t\t<div class=\"elementor-element elementor-element-3a763537 e-flex e-con-boxed e-con e-parent\" data-id=\"3a763537\" data-element_type=\"container\" data-e-type=\"container\" data-settings=\"{&quot;background_background&quot;:&quot;classic&quot;}\">\n\t\t\t\t\t<div class=\"e-con-inner\">\n\t\t<div class=\"elementor-element elementor-element-5197ad6 e-con-full e-flex e-con e-child\" data-id=\"5197ad6\" data-element_type=\"container\" data-e-type=\"container\">\n\t\t\t\t<div class=\"elementor-element elementor-element-4476abb elementor-button-align-stretch elementor-widget elementor-widget-form\" data-id=\"4476abb\" data-element_type=\"widget\" data-e-type=\"widget\" data-settings=\"{&quot;step_next_label&quot;:&quot;Next&quot;,&quot;step_previous_label&quot;:&quot;Previous&quot;,&quot;button_width&quot;:&quot;100&quot;,&quot;step_type&quot;:&quot;number_text&quot;,&quot;step_icon_shape&quot;:&quot;circle&quot;}\" data-widget_type=\"form.default\">\n\t\t\t\t\t\t\t<form class=\"elementor-form\" method=\"post\" name=\"G\u00f6r\u00fc\u015fme Planla Form\">\n\t\t\t<input type=\"hidden\" name=\"post_id\" value=\"3755\"\/>\n\t\t\t<input type=\"hidden\" name=\"form_id\" value=\"4476abb\"\/>\n\t\t\t<input type=\"hidden\" name=\"referer_title\" value=\"GES Pazar Ara\u015ft\u0131rmalar\u0131 Hizmetleri\" \/>\n\n\t\t\t\t\t\t\t<input type=\"hidden\" name=\"queried_id\" value=\"3755\"\/>\n\t\t\t\n\t\t\t<div class=\"elementor-form-fields-wrapper elementor-labels-above\">\n\t\t\t\t\t\t\t\t<div class=\"elementor-field-type-text elementor-field-group elementor-column elementor-field-group-name elementor-col-50 elementor-field-required elementor-mark-required\">\n\t\t\t\t\t\t\t\t\t\t\t\t<label for=\"form-field-name\" class=\"elementor-field-label\">\n\t\t\t\t\t\t\t\t\u0130sim\t\t\t\t\t\t\t<\/label>\n\t\t\t\t\t\t\t\t\t\t\t\t\t\t<input size=\"1\" type=\"text\" name=\"form_fields[name]\" id=\"form-field-name\" class=\"elementor-field elementor-size-sm  elementor-field-textual\" required=\"required\">\n\t\t\t\t\t\t\t\t\t\t\t<\/div>\n\t\t\t\t\t\t\t\t<div class=\"elementor-field-type-email elementor-field-group elementor-column elementor-field-group-field_8bd9833 elementor-col-50 elementor-field-required elementor-mark-required\">\n\t\t\t\t\t\t\t\t\t\t\t\t<label for=\"form-field-field_8bd9833\" class=\"elementor-field-label\">\n\t\t\t\t\t\t\t\tEposta\t\t\t\t\t\t\t<\/label>\n\t\t\t\t\t\t\t\t\t\t\t\t\t\t<input size=\"1\" type=\"email\" name=\"form_fields[field_8bd9833]\" id=\"form-field-field_8bd9833\" class=\"elementor-field elementor-size-sm  elementor-field-textual\" required=\"required\">\n\t\t\t\t\t\t\t\t\t\t\t<\/div>\n\t\t\t\t\t\t\t\t<div class=\"elementor-field-type-textarea elementor-field-group elementor-column elementor-field-group-field_5d63c91 elementor-col-50 elementor-field-required elementor-mark-required\">\n\t\t\t\t\t\t\t\t\t\t\t\t<label for=\"form-field-field_5d63c91\" class=\"elementor-field-label\">\n\t\t\t\t\t\t\t\tGelecek Perspektifiniz Nedir?\t\t\t\t\t\t\t<\/label>\n\t\t\t\t\t\t<textarea class=\"elementor-field-textual elementor-field  elementor-size-sm\" name=\"form_fields[field_5d63c91]\" id=\"form-field-field_5d63c91\" rows=\"3\" required=\"required\"><\/textarea>\t\t\t\t<\/div>\n\t\t\t\t\t\t\t\t<div class=\"elementor-field-type-textarea elementor-field-group elementor-column elementor-field-group-field_e854b93 elementor-col-50 elementor-field-required elementor-mark-required\">\n\t\t\t\t\t\t\t\t\t\t\t\t<label for=\"form-field-field_e854b93\" class=\"elementor-field-label\">\n\t\t\t\t\t\t\t\t\u015eirketinizdeki \u00c7al\u0131\u015fan Say\u0131s\u0131n\u0131 Belirtir Misiniz?\t\t\t\t\t\t\t<\/label>\n\t\t\t\t\t\t<textarea class=\"elementor-field-textual elementor-field  elementor-size-sm\" name=\"form_fields[field_e854b93]\" id=\"form-field-field_e854b93\" rows=\"3\" required=\"required\"><\/textarea>\t\t\t\t<\/div>\n\t\t\t\t\t\t\t\t<div class=\"elementor-field-type-textarea elementor-field-group elementor-column elementor-field-group-field_006c226 elementor-col-50 elementor-field-required elementor-mark-required\">\n\t\t\t\t\t\t\t\t\t\t\t\t<label for=\"form-field-field_006c226\" class=\"elementor-field-label\">\n\t\t\t\t\t\t\t\t\u015eirketlerin Faaliyet Alanlar\u0131 Nelerdir?\t\t\t\t\t\t\t<\/label>\n\t\t\t\t\t\t<textarea class=\"elementor-field-textual elementor-field  elementor-size-sm\" name=\"form_fields[field_006c226]\" id=\"form-field-field_006c226\" rows=\"3\" required=\"required\"><\/textarea>\t\t\t\t<\/div>\n\t\t\t\t\t\t\t\t<div class=\"elementor-field-group elementor-column elementor-field-type-submit elementor-col-100 e-form__buttons\">\n\t\t\t\t\t<button class=\"elementor-button elementor-size-sm\" type=\"submit\">\n\t\t\t\t\t\t<span class=\"elementor-button-content-wrapper\">\n\t\t\t\t\t\t\t\t\t\t\t\t\t\t\t\t\t\t\t\t\t\t<span class=\"elementor-button-text\">G\u00f6r\u00fc\u015fme Planla<\/span>\n\t\t\t\t\t\t\t\t\t\t\t\t\t<\/span>\n\t\t\t\t\t<\/button>\n\t\t\t\t<\/div>\n\t\t\t<\/div>\n\t\t<\/form>\n\t\t\t\t\t\t<\/div>\n\t\t\t\t<\/div>\n\t\t\t\t\t<\/div>\n\t\t\t\t<\/div>\n\t\t\t\t<\/div>\n\t\t","protected":false},"excerpt":{"rendered":"<p>GES Pazar Analizi ve Rakip Analizleri Dan\u0131\u015fmanl\u0131\u011f\u0131 GES M\u00fc\u015fteri Segmentasyonu ve M\u00fc\u015fteri Analizleri GES Uluslararas\u0131 Yat\u0131r\u0131m F\u0131rsatlar\u0131 Alternatiflerinin Sunumu ve \u00d6zet Fizibiliteler GES Yat\u0131r\u0131m Yap\u0131labilecek Farkl\u0131 \u00dclkelerdeki Sekt\u00f6r Yelpazesi Yat\u0131r\u0131mlar\u0131n\u0131z\u0131 De\u011ferlendirin Yat\u0131r\u0131mlar\u0131n\u0131z\u0131 en iyi \u015fekilde de\u011ferlendirmeniz i\u00e7in uzmanl\u0131\u011f\u0131m\u0131zdan yararlan\u0131n. Do\u011fru yat\u0131r\u0131m stratejileriyle karl\u0131l\u0131\u011f\u0131n\u0131z\u0131 art\u0131r\u0131n.<\/p>","protected":false},"author":3,"featured_media":3738,"parent":2149,"menu_order":0,"comment_status":"closed","ping_status":"closed","template":"elementor_header_footer","meta":{"iawp_total_views":3,"footnotes":""},"class_list":["post-3755","page","type-page","status-publish","has-post-thumbnail","hentry"],"_links":{"self":[{"href":"https:\/\/kandpenergy.com\/en\/wp-json\/wp\/v2\/pages\/3755","targetHints":{"allow":["GET"]}}],"collection":[{"href":"https:\/\/kandpenergy.com\/en\/wp-json\/wp\/v2\/pages"}],"about":[{"href":"https:\/\/kandpenergy.com\/en\/wp-json\/wp\/v2\/types\/page"}],"author":[{"embeddable":true,"href":"https:\/\/kandpenergy.com\/en\/wp-json\/wp\/v2\/users\/3"}],"replies":[{"embeddable":true,"href":"https:\/\/kandpenergy.com\/en\/wp-json\/wp\/v2\/comments?post=3755"}],"version-history":[{"count":0,"href":"https:\/\/kandpenergy.com\/en\/wp-json\/wp\/v2\/pages\/3755\/revisions"}],"up":[{"embeddable":true,"href":"https:\/\/kandpenergy.com\/en\/wp-json\/wp\/v2\/pages\/2149"}],"wp:featuredmedia":[{"embeddable":true,"href":"https:\/\/kandpenergy.com\/en\/wp-json\/wp\/v2\/media\/3738"}],"wp:attachment":[{"href":"https:\/\/kandpenergy.com\/en\/wp-json\/wp\/v2\/media?parent=3755"}],"curies":[{"name":"wp","href":"https:\/\/api.w.org\/{rel}","templated":true}]}}