{"id":4094,"date":"2023-06-03T23:40:01","date_gmt":"2023-06-03T23:40:01","guid":{"rendered":"https:\/\/kandpenergy.com\/?page_id=4094"},"modified":"2023-09-19T10:59:52","modified_gmt":"2023-09-19T10:59:52","slug":"enerji","status":"publish","type":"page","link":"https:\/\/kandpenergy.com\/en\/sectors-2\/energy\/","title":{"rendered":"Energy"},"content":{"rendered":"\t\t<div data-elementor-type=\"wp-page\" data-elementor-id=\"4094\" class=\"elementor elementor-4094\" data-elementor-post-type=\"page\">\n\t\t\t\t<div class=\"elementor-element elementor-element-157e3520 e-flex e-con-boxed e-con e-parent\" data-id=\"157e3520\" data-element_type=\"container\" data-e-type=\"container\">\n\t\t\t\t\t<div class=\"e-con-inner\">\n\t\t\t\t<div class=\"elementor-element elementor-element-3a81d2c8 elementor-widget__width-initial elementor-widget elementor-widget-heading\" data-id=\"3a81d2c8\" data-element_type=\"widget\" data-e-type=\"widget\" data-widget_type=\"heading.default\">\n\t\t\t\t\t<h2 class=\"elementor-heading-title elementor-size-default\">Enerji<\/h2>\t\t\t\t<\/div>\n\t\t\t\t\t<\/div>\n\t\t\t\t<\/div>\n\t\t<div class=\"elementor-element elementor-element-4b87c62b e-flex e-con-boxed e-con e-parent\" data-id=\"4b87c62b\" data-element_type=\"container\" data-e-type=\"container\">\n\t\t\t\t\t<div class=\"e-con-inner\">\n\t\t<div class=\"elementor-element elementor-element-79ec66e2 e-flex e-con-boxed e-con e-child\" data-id=\"79ec66e2\" data-element_type=\"container\" data-e-type=\"container\">\n\t\t\t\t\t<div class=\"e-con-inner\">\n\t\t\t\t<div class=\"elementor-element elementor-element-5ebb2086 elementor-widget elementor-widget-image\" data-id=\"5ebb2086\" data-element_type=\"widget\" data-e-type=\"widget\" data-widget_type=\"image.default\">\n\t\t\t\t\t\t\t\t\t\t\t\t\t\t\t<img fetchpriority=\"high\" decoding=\"async\" width=\"2560\" height=\"1440\" src=\"https:\/\/kandpenergy.com\/wp-content\/uploads\/2023\/08\/solar_energy_1691743763-scaled.jpeg\" class=\"attachment-full size-full wp-image-4382\" alt=\"\" srcset=\"https:\/\/kandpenergy.com\/wp-content\/uploads\/2023\/08\/solar_energy_1691743763-scaled.jpeg 2560w, https:\/\/kandpenergy.com\/wp-content\/uploads\/2023\/08\/solar_energy_1691743763-300x169.jpeg 300w, https:\/\/kandpenergy.com\/wp-content\/uploads\/2023\/08\/solar_energy_1691743763-1024x576.jpeg 1024w, https:\/\/kandpenergy.com\/wp-content\/uploads\/2023\/08\/solar_energy_1691743763-768x432.jpeg 768w\" sizes=\"(max-width: 2560px) 100vw, 2560px\" \/>\t\t\t\t\t\t\t\t\t\t\t\t\t\t\t<\/div>\n\t\t\t\t\t<\/div>\n\t\t\t\t<\/div>\n\t\t\t\t<div class=\"elementor-element elementor-element-6813c800 elementor-widget elementor-widget-text-editor\" data-id=\"6813c800\" data-element_type=\"widget\" data-e-type=\"widget\" data-widget_type=\"text-editor.default\">\n\t\t\t\t\t\t\t\t\t<p><span style=\"font-weight: 400;\">Yenilenemeyen (Geleneksel) Enerji Kaynaklar\u0131: Birincil kaynaklar, konveksiyonel kaynaklar olarak da s\u00f6ylenebilir. Bu enerji kaynaklar\u0131n\u0131n en \u00f6nemli \u00f6zelli\u011fi bir kez kullan\u0131labilmeleridir. Uzmanlar\u0131n \u00e7o\u011fu bu kaynaklar\u0131n yeni rezervlerin bulunmas\u0131 ile \u00e7o\u011falt\u0131labilir olmas\u0131na ra\u011fmen g\u00fcn\u00fcn birinde t\u00fckeneceklerini belirtmektedir.<\/span><\/p><p><span style=\"font-weight: 400;\">Yenilenebilir Enerji, s\u00fcrekli devam eden do\u011fal s\u00fcre\u00e7lerdeki var olan enerji ak\u0131\u015f\u0131ndan elde edilen enerjidir. Yenilenebilir enerji kaynaklar\u0131 k\u00f6m\u00fcr, petrol ve do\u011falgaz gibi fosil yak\u0131tlara olan ba\u011f\u0131ml\u0131l\u0131\u011f\u0131 azaltmada en \u00f6nemli rol\u00fc \u00fcstlenmektedir. Yenilenebilir enerji kaynaklar\u0131 G\u00fcne\u015f, R\u00fczgar, Biyok\u00fctle, Jeotermal, Hidrolik, Hidrojen ve Okyanus Enerjisi (Dalga ve Gel-Git) olarak s\u0131ralanabilir.<\/span><\/p><p><span style=\"font-weight: 400;\">Yenilenebilir enerji kaynaklar\u0131 do\u011fal kaynaklardan sa\u011flan\u0131r ve s\u00fcrd\u00fcr\u00fclebilirli\u011fi m\u00fcmk\u00fcn olan enerjilerdir.<\/span><\/p><p><span style=\"font-weight: 400;\">G\u00fcne\u015f, sadece g\u00fcnd\u00fczleri \u0131\u015f\u0131k kayna\u011f\u0131 olmaktan daha fazlas\u0131d\u0131r. D\u00fcnyaya ula\u015fan her g\u00fcne\u015f \u0131\u015f\u0131\u011f\u0131 par\u00e7ac\u0131\u011f\u0131 \u2013fotonlar\u2013 gezegenimizi besleyen enerjiyi i\u00e7erir. G\u00fcne\u015f panelleri, g\u00fcne\u015f enerjisini fotovoltaik etki olarak adland\u0131r\u0131lan bir i\u015flemle kullan\u0131labilir elektri\u011fe d\u00f6n\u00fc\u015ft\u00fcr\u00fcr. \u00dcretilen elektrik ili\u015fkili t\u00fcketim tesisinde t\u00fcketilir. G\u00fcne\u015f enerjisinden yararlanman\u0131n bir\u00e7ok yolu vard\u0131r. Bu enerjinin en yayg\u0131n kullan\u0131m arac\u0131 g\u00fcne\u015f panelleridir. G\u00fcne\u015f enerji panelleri ile g\u00fcne\u015f enerji santralleri kurulur. G\u00fcne\u015f panelleri arac\u0131l\u0131\u011f\u0131yla g\u00fcne\u015f enerjisi elektri\u011fe d\u00f6n\u00fc\u015f\u00fcr.<\/span><\/p>\t\t\t\t\t\t\t\t<\/div>\n\t\t\t\t\t<\/div>\n\t\t\t\t<\/div>\n\t\t<div class=\"elementor-element elementor-element-7ebb6586 e-con-full e-flex e-con e-parent\" data-id=\"7ebb6586\" data-element_type=\"container\" data-e-type=\"container\">\n\t\t\t\t<div class=\"elementor-element elementor-element-64f7d2b8 elementor-widget-divider--view-line elementor-widget elementor-widget-divider\" data-id=\"64f7d2b8\" data-element_type=\"widget\" data-e-type=\"widget\" data-widget_type=\"divider.default\">\n\t\t\t\t\t\t\t<div class=\"elementor-divider\">\n\t\t\t<span class=\"elementor-divider-separator\">\n\t\t\t\t\t\t<\/span>\n\t\t<\/div>\n\t\t\t\t\t\t<\/div>\n\t\t\t\t<\/div>\n\t\t<div class=\"elementor-element elementor-element-a63e977 e-flex e-con-boxed e-con e-parent\" data-id=\"a63e977\" data-element_type=\"container\" data-e-type=\"container\" data-settings=\"{&quot;background_background&quot;:&quot;classic&quot;}\">\n\t\t\t\t\t<div class=\"e-con-inner\">\n\t\t<div class=\"elementor-element elementor-element-19f20425 e-con-full e-flex e-con e-child\" data-id=\"19f20425\" data-element_type=\"container\" data-e-type=\"container\">\n\t\t\t\t<div class=\"elementor-element elementor-element-496184b1 elementor-widget elementor-widget-image\" data-id=\"496184b1\" data-element_type=\"widget\" data-e-type=\"widget\" data-widget_type=\"image.default\">\n\t\t\t\t\t\t\t\t\t\t\t\t\t\t\t<img decoding=\"async\" width=\"1200\" height=\"1200\" src=\"https:\/\/kandpenergy.com\/wp-content\/uploads\/2023\/05\/Finans.gif\" class=\"attachment-full size-full wp-image-3266\" alt=\"\" \/>\t\t\t\t\t\t\t\t\t\t\t\t\t\t\t<\/div>\n\t\t\t\t<\/div>\n\t\t<div class=\"elementor-element elementor-element-15c2d1f7 e-con-full e-flex e-con e-child\" data-id=\"15c2d1f7\" data-element_type=\"container\" data-e-type=\"container\">\n\t\t\t\t<div class=\"elementor-element elementor-element-37b3164a elementor-widget elementor-widget-heading\" data-id=\"37b3164a\" data-element_type=\"widget\" data-e-type=\"widget\" data-widget_type=\"heading.default\">\n\t\t\t\t\t<h2 class=\"elementor-heading-title elementor-size-default\">Yat\u0131r\u0131mlar\u0131n\u0131z\u0131 De\u011ferlendirin<\/h2>\t\t\t\t<\/div>\n\t\t\t\t<div class=\"elementor-element elementor-element-5fa7c9db elementor-widget elementor-widget-text-editor\" data-id=\"5fa7c9db\" data-element_type=\"widget\" data-e-type=\"widget\" data-widget_type=\"text-editor.default\">\n\t\t\t\t\t\t\t\t\t<p>Yat\u0131r\u0131mlar\u0131n\u0131z\u0131 en iyi \u015fekilde de\u011ferlendirmeniz i\u00e7in uzmanl\u0131\u011f\u0131m\u0131zdan yararlan\u0131n. Do\u011fru yat\u0131r\u0131m stratejileriyle karl\u0131l\u0131\u011f\u0131n\u0131z\u0131 art\u0131r\u0131n.<\/p>\t\t\t\t\t\t\t\t<\/div>\n\t\t\t\t<\/div>\n\t\t\t\t\t<\/div>\n\t\t\t\t<\/div>\n\t\t<div class=\"elementor-element elementor-element-6f1bd72c e-flex e-con-boxed e-con e-parent\" data-id=\"6f1bd72c\" data-element_type=\"container\" data-e-type=\"container\" data-settings=\"{&quot;background_background&quot;:&quot;classic&quot;}\">\n\t\t\t\t\t<div class=\"e-con-inner\">\n\t\t<div class=\"elementor-element elementor-element-7e9dcedb e-con-full e-flex e-con e-child\" data-id=\"7e9dcedb\" data-element_type=\"container\" data-e-type=\"container\">\n\t\t\t\t<div class=\"elementor-element elementor-element-6b31adf4 elementor-button-align-stretch elementor-widget elementor-widget-form\" data-id=\"6b31adf4\" data-element_type=\"widget\" data-e-type=\"widget\" data-settings=\"{&quot;step_next_label&quot;:&quot;Next&quot;,&quot;step_previous_label&quot;:&quot;Previous&quot;,&quot;button_width&quot;:&quot;100&quot;,&quot;step_type&quot;:&quot;number_text&quot;,&quot;step_icon_shape&quot;:&quot;circle&quot;}\" data-widget_type=\"form.default\">\n\t\t\t\t\t\t\t<form class=\"elementor-form\" method=\"post\" name=\"G\u00f6r\u00fc\u015fme Planla Form\">\n\t\t\t<input type=\"hidden\" name=\"post_id\" value=\"4094\"\/>\n\t\t\t<input type=\"hidden\" name=\"form_id\" value=\"6b31adf4\"\/>\n\t\t\t<input type=\"hidden\" name=\"referer_title\" value=\"\" \/>\n\n\t\t\t\n\t\t\t<div class=\"elementor-form-fields-wrapper elementor-labels-above\">\n\t\t\t\t\t\t\t\t<div class=\"elementor-field-type-text elementor-field-group elementor-column elementor-field-group-name elementor-col-50 elementor-field-required elementor-mark-required\">\n\t\t\t\t\t\t\t\t\t\t\t\t<label for=\"form-field-name\" class=\"elementor-field-label\">\n\t\t\t\t\t\t\t\t\u0130sim\t\t\t\t\t\t\t<\/label>\n\t\t\t\t\t\t\t\t\t\t\t\t\t\t<input size=\"1\" type=\"text\" name=\"form_fields[name]\" id=\"form-field-name\" class=\"elementor-field elementor-size-sm  elementor-field-textual\" required=\"required\">\n\t\t\t\t\t\t\t\t\t\t\t<\/div>\n\t\t\t\t\t\t\t\t<div class=\"elementor-field-type-email elementor-field-group elementor-column elementor-field-group-field_8bd9833 elementor-col-50 elementor-field-required elementor-mark-required\">\n\t\t\t\t\t\t\t\t\t\t\t\t<label for=\"form-field-field_8bd9833\" class=\"elementor-field-label\">\n\t\t\t\t\t\t\t\tEposta\t\t\t\t\t\t\t<\/label>\n\t\t\t\t\t\t\t\t\t\t\t\t\t\t<input size=\"1\" type=\"email\" name=\"form_fields[field_8bd9833]\" id=\"form-field-field_8bd9833\" class=\"elementor-field elementor-size-sm  elementor-field-textual\" required=\"required\">\n\t\t\t\t\t\t\t\t\t\t\t<\/div>\n\t\t\t\t\t\t\t\t<div class=\"elementor-field-type-textarea elementor-field-group elementor-column elementor-field-group-field_5d63c91 elementor-col-50 elementor-field-required elementor-mark-required\">\n\t\t\t\t\t\t\t\t\t\t\t\t<label for=\"form-field-field_5d63c91\" class=\"elementor-field-label\">\n\t\t\t\t\t\t\t\tGelecek Perspektifiniz Nedir?\t\t\t\t\t\t\t<\/label>\n\t\t\t\t\t\t<textarea class=\"elementor-field-textual elementor-field  elementor-size-sm\" name=\"form_fields[field_5d63c91]\" id=\"form-field-field_5d63c91\" rows=\"3\" required=\"required\"><\/textarea>\t\t\t\t<\/div>\n\t\t\t\t\t\t\t\t<div class=\"elementor-field-type-textarea elementor-field-group elementor-column elementor-field-group-field_e854b93 elementor-col-50 elementor-field-required elementor-mark-required\">\n\t\t\t\t\t\t\t\t\t\t\t\t<label for=\"form-field-field_e854b93\" class=\"elementor-field-label\">\n\t\t\t\t\t\t\t\t\u015eirketinizdeki \u00c7al\u0131\u015fan Say\u0131s\u0131n\u0131 Belirtir Misiniz?\t\t\t\t\t\t\t<\/label>\n\t\t\t\t\t\t<textarea class=\"elementor-field-textual elementor-field  elementor-size-sm\" name=\"form_fields[field_e854b93]\" id=\"form-field-field_e854b93\" rows=\"3\" required=\"required\"><\/textarea>\t\t\t\t<\/div>\n\t\t\t\t\t\t\t\t<div class=\"elementor-field-type-textarea elementor-field-group elementor-column elementor-field-group-field_006c226 elementor-col-50 elementor-field-required elementor-mark-required\">\n\t\t\t\t\t\t\t\t\t\t\t\t<label for=\"form-field-field_006c226\" class=\"elementor-field-label\">\n\t\t\t\t\t\t\t\t\u015eirketlerin Faaliyet Alanlar\u0131 Nelerdir?\t\t\t\t\t\t\t<\/label>\n\t\t\t\t\t\t<textarea class=\"elementor-field-textual elementor-field  elementor-size-sm\" name=\"form_fields[field_006c226]\" id=\"form-field-field_006c226\" rows=\"3\" required=\"required\"><\/textarea>\t\t\t\t<\/div>\n\t\t\t\t\t\t\t\t<div class=\"elementor-field-group elementor-column elementor-field-type-submit elementor-col-100 e-form__buttons\">\n\t\t\t\t\t<button class=\"elementor-button elementor-size-sm\" type=\"submit\">\n\t\t\t\t\t\t<span class=\"elementor-button-content-wrapper\">\n\t\t\t\t\t\t\t\t\t\t\t\t\t\t\t\t\t\t\t\t\t\t<span class=\"elementor-button-text\">G\u00f6r\u00fc\u015fme Planla<\/span>\n\t\t\t\t\t\t\t\t\t\t\t\t\t<\/span>\n\t\t\t\t\t<\/button>\n\t\t\t\t<\/div>\n\t\t\t<\/div>\n\t\t<\/form>\n\t\t\t\t\t\t<\/div>\n\t\t\t\t<\/div>\n\t\t\t\t\t<\/div>\n\t\t\t\t<\/div>\n\t\t\t\t<\/div>\n\t\t","protected":false},"excerpt":{"rendered":"<p>Yenilenemeyen (Geleneksel) Enerji Kaynaklar\u0131: Birincil kaynaklar, konveksiyonel kaynaklar olarak da s\u00f6ylenebilir. Bu enerji kaynaklar\u0131n\u0131n en \u00f6nemli \u00f6zelli\u011fi bir kez kullan\u0131labilmeleridir. Uzmanlar\u0131n \u00e7o\u011fu bu kaynaklar\u0131n yeni rezervlerin bulunmas\u0131 ile \u00e7o\u011falt\u0131labilir olmas\u0131na ra\u011fmen g\u00fcn\u00fcn birinde t\u00fckeneceklerini belirtmektedir. Yenilenebilir Enerji, s\u00fcrekli devam eden do\u011fal s\u00fcre\u00e7lerdeki var olan enerji ak\u0131\u015f\u0131ndan elde edilen enerjidir. Yenilenebilir enerji kaynaklar\u0131 k\u00f6m\u00fcr, petrol ve [&hellip;]<\/p>\n","protected":false},"author":3,"featured_media":0,"parent":2154,"menu_order":0,"comment_status":"closed","ping_status":"closed","template":"elementor_header_footer","meta":{"iawp_total_views":27,"footnotes":""},"class_list":["post-4094","page","type-page","status-publish","hentry"],"_links":{"self":[{"href":"https:\/\/kandpenergy.com\/en\/wp-json\/wp\/v2\/pages\/4094","targetHints":{"allow":["GET"]}}],"collection":[{"href":"https:\/\/kandpenergy.com\/en\/wp-json\/wp\/v2\/pages"}],"about":[{"href":"https:\/\/kandpenergy.com\/en\/wp-json\/wp\/v2\/types\/page"}],"author":[{"embeddable":true,"href":"https:\/\/kandpenergy.com\/en\/wp-json\/wp\/v2\/users\/3"}],"replies":[{"embeddable":true,"href":"https:\/\/kandpenergy.com\/en\/wp-json\/wp\/v2\/comments?post=4094"}],"version-history":[{"count":0,"href":"https:\/\/kandpenergy.com\/en\/wp-json\/wp\/v2\/pages\/4094\/revisions"}],"up":[{"embeddable":true,"href":"https:\/\/kandpenergy.com\/en\/wp-json\/wp\/v2\/pages\/2154"}],"wp:attachment":[{"href":"https:\/\/kandpenergy.com\/en\/wp-json\/wp\/v2\/media?parent=4094"}],"curies":[{"name":"wp","href":"https:\/\/api.w.org\/{rel}","templated":true}]}}