{"id":4165,"date":"2023-07-08T10:18:54","date_gmt":"2023-07-08T10:18:54","guid":{"rendered":"https:\/\/kandpenergy.com\/?page_id=4165"},"modified":"2023-09-19T10:59:19","modified_gmt":"2023-09-19T10:59:19","slug":"tarim","status":"publish","type":"page","link":"https:\/\/kandpenergy.com\/en\/sectors-2\/agriculture\/","title":{"rendered":"Agriculture"},"content":{"rendered":"\t\t<div data-elementor-type=\"wp-page\" data-elementor-id=\"4165\" class=\"elementor elementor-4165\" data-elementor-post-type=\"page\">\n\t\t\t\t<div class=\"elementor-element elementor-element-1b1874fb e-flex e-con-boxed e-con e-parent\" data-id=\"1b1874fb\" data-element_type=\"container\" data-e-type=\"container\">\n\t\t\t\t\t<div class=\"e-con-inner\">\n\t\t\t\t<div class=\"elementor-element elementor-element-44664c6e elementor-widget__width-initial elementor-widget elementor-widget-heading\" data-id=\"44664c6e\" data-element_type=\"widget\" data-e-type=\"widget\" data-widget_type=\"heading.default\">\n\t\t\t\t\t<h2 class=\"elementor-heading-title elementor-size-default\">Tar\u0131m<\/h2>\t\t\t\t<\/div>\n\t\t\t\t\t<\/div>\n\t\t\t\t<\/div>\n\t\t<div class=\"elementor-element elementor-element-21664ae0 e-flex e-con-boxed e-con e-parent\" data-id=\"21664ae0\" data-element_type=\"container\" data-e-type=\"container\">\n\t\t\t\t\t<div class=\"e-con-inner\">\n\t\t<div class=\"elementor-element elementor-element-4e643d23 e-flex e-con-boxed e-con e-child\" data-id=\"4e643d23\" data-element_type=\"container\" data-e-type=\"container\">\n\t\t\t\t\t<div class=\"e-con-inner\">\n\t\t\t\t<div class=\"elementor-element elementor-element-46d0e593 elementor-widget elementor-widget-image\" data-id=\"46d0e593\" data-element_type=\"widget\" data-e-type=\"widget\" data-widget_type=\"image.default\">\n\t\t\t\t\t\t\t\t\t\t\t\t\t\t\t<img fetchpriority=\"high\" decoding=\"async\" width=\"2560\" height=\"1350\" src=\"https:\/\/kandpenergy.com\/wp-content\/uploads\/2023\/08\/agriculture_1691743304-scaled.jpeg\" class=\"attachment-full size-full wp-image-4378\" alt=\"\" srcset=\"https:\/\/kandpenergy.com\/wp-content\/uploads\/2023\/08\/agriculture_1691743304-scaled.jpeg 2560w, https:\/\/kandpenergy.com\/wp-content\/uploads\/2023\/08\/agriculture_1691743304-300x158.jpeg 300w, https:\/\/kandpenergy.com\/wp-content\/uploads\/2023\/08\/agriculture_1691743304-1024x540.jpeg 1024w, https:\/\/kandpenergy.com\/wp-content\/uploads\/2023\/08\/agriculture_1691743304-768x405.jpeg 768w\" sizes=\"(max-width: 2560px) 100vw, 2560px\" \/>\t\t\t\t\t\t\t\t\t\t\t\t\t\t\t<\/div>\n\t\t\t\t\t<\/div>\n\t\t\t\t<\/div>\n\t\t\t\t<div class=\"elementor-element elementor-element-23f3cf34 elementor-widget elementor-widget-text-editor\" data-id=\"23f3cf34\" data-element_type=\"widget\" data-e-type=\"widget\" data-widget_type=\"text-editor.default\">\n\t\t\t\t\t\t\t\t\t<p><span style=\"font-weight: 400;\">Tar\u0131msal \u00fcretim i\u00e7in ihtiya\u00e7 duyulan enerji, modern cihazlar\u0131n kullan\u0131m\u0131, n\u00fcfus art\u0131\u015f\u0131 ve artan g\u0131da ihtiyac\u0131 nedeniyle, tar\u0131m sekt\u00f6r\u00fcndeki enerji talebi \u00f6nemli \u00f6l\u00e7\u00fcde artm\u0131\u015ft\u0131r. Bu ihtiyac\u0131n yan\u0131 s\u0131ra pompalar, jenerat\u00f6rler, motorlar vb. tar\u0131m makinelerine g\u00fc\u00e7 sa\u011flama ihtiyac\u0131n\u0131 kar\u015f\u0131lamak i\u00e7in fosil yak\u0131tlara ve konvansiyonel enerjiye ba\u011f\u0131ml\u0131l\u0131\u011f\u0131 azaltabilecek bir ikame enerji kayna\u011f\u0131na ihtiya\u00e7 vard\u0131r. Tar\u0131mda yeni reformlar ve teknolojiler olmu\u015ftur. ABD, Avustralya ve \u00c7in de dahil olmak \u00fczere bir\u00e7ok \u00fclke, \u00e7e\u015fitli tar\u0131msal kullan\u0131mlar i\u00e7in yenilenebilir enerji kaynaklar\u0131n\u0131n kullan\u0131m\u0131n\u0131 te\u015fvik etmeye ba\u015flam\u0131\u015ft\u0131r.<\/span><\/p><p>\u00a0<\/p><p><span style=\"font-weight: 400;\">Tar\u0131m i\u00e7in g\u00fcne\u015f enerjisi di\u011fer yenilenebilir enerji kaynaklar\u0131na k\u0131yasla g\u00fcne\u015f enerjisi \u00f6zellikle \u00f6nemli ve bol miktarda bulunan bir kaynakt\u0131r. G\u00fcne\u015f enerjisinin kullan\u0131m\u0131, de\u011ferli su kaynaklar\u0131n\u0131n korunmas\u0131, \u015febekeye daha az ba\u011f\u0131ml\u0131l\u0131k, enerjide uzun vadeli maliyet tasarrufu ve hatta yeni bir gelir kayna\u011f\u0131 yarat\u0131lmas\u0131 da dahil olmak \u00fczere tar\u0131m end\u00fcstrisinde bir\u00e7ok y\u00f6nden devrim yaratma potansiyeline sahiptir. G\u00fcne\u015f enerjisinin tar\u0131m sekt\u00f6r\u00fcnde bir\u00e7ok kullan\u0131m\u0131 vard\u0131r ve end\u00fcstrideki geli\u015fmeler nedeniyle bir g\u00fcne\u015f enerjisi tesisat\u0131 kurma ve bak\u0131m maliyeti d\u00fc\u015ft\u00fc\u011f\u00fc i\u00e7in art\u0131k daha fazla kurulum m\u00fcmk\u00fcnd\u00fcr.<\/span><\/p>\t\t\t\t\t\t\t\t<\/div>\n\t\t\t\t\t<\/div>\n\t\t\t\t<\/div>\n\t\t<div class=\"elementor-element elementor-element-3e9cf3aa e-con-full e-flex e-con e-parent\" data-id=\"3e9cf3aa\" data-element_type=\"container\" data-e-type=\"container\">\n\t\t\t\t<div class=\"elementor-element elementor-element-204fdd6c elementor-widget-divider--view-line elementor-widget elementor-widget-divider\" data-id=\"204fdd6c\" data-element_type=\"widget\" data-e-type=\"widget\" data-widget_type=\"divider.default\">\n\t\t\t\t\t\t\t<div class=\"elementor-divider\">\n\t\t\t<span class=\"elementor-divider-separator\">\n\t\t\t\t\t\t<\/span>\n\t\t<\/div>\n\t\t\t\t\t\t<\/div>\n\t\t\t\t<\/div>\n\t\t<div class=\"elementor-element elementor-element-12df62bf e-flex e-con-boxed e-con e-parent\" data-id=\"12df62bf\" data-element_type=\"container\" data-e-type=\"container\" data-settings=\"{&quot;background_background&quot;:&quot;classic&quot;}\">\n\t\t\t\t\t<div class=\"e-con-inner\">\n\t\t<div class=\"elementor-element elementor-element-7cbae3d1 e-con-full e-flex e-con e-child\" data-id=\"7cbae3d1\" data-element_type=\"container\" data-e-type=\"container\">\n\t\t\t\t<div class=\"elementor-element elementor-element-5bc783bc elementor-widget elementor-widget-image\" data-id=\"5bc783bc\" data-element_type=\"widget\" data-e-type=\"widget\" data-widget_type=\"image.default\">\n\t\t\t\t\t\t\t\t\t\t\t\t\t\t\t<img decoding=\"async\" width=\"1200\" height=\"1200\" src=\"https:\/\/kandpenergy.com\/wp-content\/uploads\/2023\/05\/Finans.gif\" class=\"attachment-full size-full wp-image-3266\" alt=\"\" \/>\t\t\t\t\t\t\t\t\t\t\t\t\t\t\t<\/div>\n\t\t\t\t<\/div>\n\t\t<div class=\"elementor-element elementor-element-3535edca e-con-full e-flex e-con e-child\" data-id=\"3535edca\" data-element_type=\"container\" data-e-type=\"container\">\n\t\t\t\t<div class=\"elementor-element elementor-element-66c04ba8 elementor-widget elementor-widget-heading\" data-id=\"66c04ba8\" data-element_type=\"widget\" data-e-type=\"widget\" data-widget_type=\"heading.default\">\n\t\t\t\t\t<h2 class=\"elementor-heading-title elementor-size-default\">Yat\u0131r\u0131mlar\u0131n\u0131z\u0131 De\u011ferlendirin<\/h2>\t\t\t\t<\/div>\n\t\t\t\t<div class=\"elementor-element elementor-element-6c3d373d elementor-widget elementor-widget-text-editor\" data-id=\"6c3d373d\" data-element_type=\"widget\" data-e-type=\"widget\" data-widget_type=\"text-editor.default\">\n\t\t\t\t\t\t\t\t\t<p>Yat\u0131r\u0131mlar\u0131n\u0131z\u0131 en iyi \u015fekilde de\u011ferlendirmeniz i\u00e7in uzmanl\u0131\u011f\u0131m\u0131zdan yararlan\u0131n. Do\u011fru yat\u0131r\u0131m stratejileriyle karl\u0131l\u0131\u011f\u0131n\u0131z\u0131 art\u0131r\u0131n.<\/p>\t\t\t\t\t\t\t\t<\/div>\n\t\t\t\t<\/div>\n\t\t\t\t\t<\/div>\n\t\t\t\t<\/div>\n\t\t<div class=\"elementor-element elementor-element-506867b7 e-flex e-con-boxed e-con e-parent\" data-id=\"506867b7\" data-element_type=\"container\" data-e-type=\"container\" data-settings=\"{&quot;background_background&quot;:&quot;classic&quot;}\">\n\t\t\t\t\t<div class=\"e-con-inner\">\n\t\t<div class=\"elementor-element elementor-element-50ad44b7 e-con-full e-flex e-con e-child\" data-id=\"50ad44b7\" data-element_type=\"container\" data-e-type=\"container\">\n\t\t\t\t<div class=\"elementor-element elementor-element-91e2d03 elementor-button-align-stretch elementor-widget elementor-widget-form\" data-id=\"91e2d03\" data-element_type=\"widget\" data-e-type=\"widget\" data-settings=\"{&quot;step_next_label&quot;:&quot;Next&quot;,&quot;step_previous_label&quot;:&quot;Previous&quot;,&quot;button_width&quot;:&quot;100&quot;,&quot;step_type&quot;:&quot;number_text&quot;,&quot;step_icon_shape&quot;:&quot;circle&quot;}\" data-widget_type=\"form.default\">\n\t\t\t\t\t\t\t<form class=\"elementor-form\" method=\"post\" name=\"G\u00f6r\u00fc\u015fme Planla Form\">\n\t\t\t<input type=\"hidden\" name=\"post_id\" value=\"4165\"\/>\n\t\t\t<input type=\"hidden\" name=\"form_id\" value=\"91e2d03\"\/>\n\t\t\t<input type=\"hidden\" name=\"referer_title\" value=\"Tar\u0131m\" \/>\n\n\t\t\t\t\t\t\t<input type=\"hidden\" name=\"queried_id\" value=\"4165\"\/>\n\t\t\t\n\t\t\t<div class=\"elementor-form-fields-wrapper elementor-labels-above\">\n\t\t\t\t\t\t\t\t<div class=\"elementor-field-type-text elementor-field-group elementor-column elementor-field-group-name elementor-col-50 elementor-field-required elementor-mark-required\">\n\t\t\t\t\t\t\t\t\t\t\t\t<label for=\"form-field-name\" class=\"elementor-field-label\">\n\t\t\t\t\t\t\t\t\u0130sim\t\t\t\t\t\t\t<\/label>\n\t\t\t\t\t\t\t\t\t\t\t\t\t\t<input size=\"1\" type=\"text\" name=\"form_fields[name]\" id=\"form-field-name\" class=\"elementor-field elementor-size-sm  elementor-field-textual\" required=\"required\">\n\t\t\t\t\t\t\t\t\t\t\t<\/div>\n\t\t\t\t\t\t\t\t<div class=\"elementor-field-type-email elementor-field-group elementor-column elementor-field-group-field_8bd9833 elementor-col-50 elementor-field-required elementor-mark-required\">\n\t\t\t\t\t\t\t\t\t\t\t\t<label for=\"form-field-field_8bd9833\" class=\"elementor-field-label\">\n\t\t\t\t\t\t\t\tEposta\t\t\t\t\t\t\t<\/label>\n\t\t\t\t\t\t\t\t\t\t\t\t\t\t<input size=\"1\" type=\"email\" name=\"form_fields[field_8bd9833]\" id=\"form-field-field_8bd9833\" class=\"elementor-field elementor-size-sm  elementor-field-textual\" required=\"required\">\n\t\t\t\t\t\t\t\t\t\t\t<\/div>\n\t\t\t\t\t\t\t\t<div class=\"elementor-field-type-textarea elementor-field-group elementor-column elementor-field-group-field_5d63c91 elementor-col-50 elementor-field-required elementor-mark-required\">\n\t\t\t\t\t\t\t\t\t\t\t\t<label for=\"form-field-field_5d63c91\" class=\"elementor-field-label\">\n\t\t\t\t\t\t\t\tGelecek Perspektifiniz Nedir?\t\t\t\t\t\t\t<\/label>\n\t\t\t\t\t\t<textarea class=\"elementor-field-textual elementor-field  elementor-size-sm\" name=\"form_fields[field_5d63c91]\" id=\"form-field-field_5d63c91\" rows=\"3\" required=\"required\"><\/textarea>\t\t\t\t<\/div>\n\t\t\t\t\t\t\t\t<div class=\"elementor-field-type-textarea elementor-field-group elementor-column elementor-field-group-field_e854b93 elementor-col-50 elementor-field-required elementor-mark-required\">\n\t\t\t\t\t\t\t\t\t\t\t\t<label for=\"form-field-field_e854b93\" class=\"elementor-field-label\">\n\t\t\t\t\t\t\t\t\u015eirketinizdeki \u00c7al\u0131\u015fan Say\u0131s\u0131n\u0131 Belirtir Misiniz?\t\t\t\t\t\t\t<\/label>\n\t\t\t\t\t\t<textarea class=\"elementor-field-textual elementor-field  elementor-size-sm\" name=\"form_fields[field_e854b93]\" id=\"form-field-field_e854b93\" rows=\"3\" required=\"required\"><\/textarea>\t\t\t\t<\/div>\n\t\t\t\t\t\t\t\t<div class=\"elementor-field-type-textarea elementor-field-group elementor-column elementor-field-group-field_006c226 elementor-col-50 elementor-field-required elementor-mark-required\">\n\t\t\t\t\t\t\t\t\t\t\t\t<label for=\"form-field-field_006c226\" class=\"elementor-field-label\">\n\t\t\t\t\t\t\t\t\u015eirketlerin Faaliyet Alanlar\u0131 Nelerdir?\t\t\t\t\t\t\t<\/label>\n\t\t\t\t\t\t<textarea class=\"elementor-field-textual elementor-field  elementor-size-sm\" name=\"form_fields[field_006c226]\" id=\"form-field-field_006c226\" rows=\"3\" required=\"required\"><\/textarea>\t\t\t\t<\/div>\n\t\t\t\t\t\t\t\t<div class=\"elementor-field-group elementor-column elementor-field-type-submit elementor-col-100 e-form__buttons\">\n\t\t\t\t\t<button class=\"elementor-button elementor-size-sm\" type=\"submit\">\n\t\t\t\t\t\t<span class=\"elementor-button-content-wrapper\">\n\t\t\t\t\t\t\t\t\t\t\t\t\t\t\t\t\t\t\t\t\t\t<span class=\"elementor-button-text\">G\u00f6r\u00fc\u015fme Planla<\/span>\n\t\t\t\t\t\t\t\t\t\t\t\t\t<\/span>\n\t\t\t\t\t<\/button>\n\t\t\t\t<\/div>\n\t\t\t<\/div>\n\t\t<\/form>\n\t\t\t\t\t\t<\/div>\n\t\t\t\t<\/div>\n\t\t\t\t\t<\/div>\n\t\t\t\t<\/div>\n\t\t\t\t<\/div>\n\t\t","protected":false},"excerpt":{"rendered":"<p>Tar\u0131msal \u00fcretim i\u00e7in ihtiya\u00e7 duyulan enerji, modern cihazlar\u0131n kullan\u0131m\u0131, n\u00fcfus art\u0131\u015f\u0131 ve artan g\u0131da ihtiyac\u0131 nedeniyle, tar\u0131m sekt\u00f6r\u00fcndeki enerji talebi \u00f6nemli \u00f6l\u00e7\u00fcde artm\u0131\u015ft\u0131r. Bu ihtiyac\u0131n yan\u0131 s\u0131ra pompalar, jenerat\u00f6rler, motorlar vb. tar\u0131m makinelerine g\u00fc\u00e7 sa\u011flama ihtiyac\u0131n\u0131 kar\u015f\u0131lamak i\u00e7in fosil yak\u0131tlara ve konvansiyonel enerjiye ba\u011f\u0131ml\u0131l\u0131\u011f\u0131 azaltabilecek bir ikame enerji kayna\u011f\u0131na ihtiya\u00e7 vard\u0131r. Tar\u0131mda yeni reformlar ve [&hellip;]<\/p>\n","protected":false},"author":3,"featured_media":0,"parent":2154,"menu_order":0,"comment_status":"closed","ping_status":"closed","template":"elementor_header_footer","meta":{"iawp_total_views":11,"footnotes":""},"class_list":["post-4165","page","type-page","status-publish","hentry"],"_links":{"self":[{"href":"https:\/\/kandpenergy.com\/en\/wp-json\/wp\/v2\/pages\/4165","targetHints":{"allow":["GET"]}}],"collection":[{"href":"https:\/\/kandpenergy.com\/en\/wp-json\/wp\/v2\/pages"}],"about":[{"href":"https:\/\/kandpenergy.com\/en\/wp-json\/wp\/v2\/types\/page"}],"author":[{"embeddable":true,"href":"https:\/\/kandpenergy.com\/en\/wp-json\/wp\/v2\/users\/3"}],"replies":[{"embeddable":true,"href":"https:\/\/kandpenergy.com\/en\/wp-json\/wp\/v2\/comments?post=4165"}],"version-history":[{"count":0,"href":"https:\/\/kandpenergy.com\/en\/wp-json\/wp\/v2\/pages\/4165\/revisions"}],"up":[{"embeddable":true,"href":"https:\/\/kandpenergy.com\/en\/wp-json\/wp\/v2\/pages\/2154"}],"wp:attachment":[{"href":"https:\/\/kandpenergy.com\/en\/wp-json\/wp\/v2\/media?parent=4165"}],"curies":[{"name":"wp","href":"https:\/\/api.w.org\/{rel}","templated":true}]}}