{"id":4367,"date":"2023-08-10T20:42:14","date_gmt":"2023-08-10T20:42:14","guid":{"rendered":"https:\/\/kandpenergy.com\/?page_id=4367"},"modified":"2023-09-19T10:59:29","modified_gmt":"2023-09-19T10:59:29","slug":"insaat-ve-muhendislik-sektoru","status":"publish","type":"page","link":"https:\/\/kandpenergy.com\/en\/sectors-2\/construction-and-engineering\/","title":{"rendered":"Construction and Engineering Sector"},"content":{"rendered":"\t\t<div data-elementor-type=\"wp-page\" data-elementor-id=\"4367\" class=\"elementor elementor-4367\" data-elementor-post-type=\"page\">\n\t\t\t\t<div class=\"elementor-element elementor-element-319a9285 e-flex e-con-boxed e-con e-parent\" data-id=\"319a9285\" data-element_type=\"container\" data-e-type=\"container\">\n\t\t\t\t\t<div class=\"e-con-inner\">\n\t\t\t\t<div class=\"elementor-element elementor-element-cc7d848 elementor-widget__width-initial elementor-widget elementor-widget-heading\" data-id=\"cc7d848\" data-element_type=\"widget\" data-e-type=\"widget\" data-widget_type=\"heading.default\">\n\t\t\t\t\t<h2 class=\"elementor-heading-title elementor-size-default\">\u0130n\u015faat ve M\u00fchendislik Sekt\u00f6r\u00fc<\/h2>\t\t\t\t<\/div>\n\t\t\t\t\t<\/div>\n\t\t\t\t<\/div>\n\t\t<div class=\"elementor-element elementor-element-56893377 e-flex e-con-boxed e-con e-parent\" data-id=\"56893377\" data-element_type=\"container\" data-e-type=\"container\">\n\t\t\t\t\t<div class=\"e-con-inner\">\n\t\t<div class=\"elementor-element elementor-element-44186889 e-flex e-con-boxed e-con e-child\" data-id=\"44186889\" data-element_type=\"container\" data-e-type=\"container\">\n\t\t\t\t\t<div class=\"e-con-inner\">\n\t\t\t\t<div class=\"elementor-element elementor-element-28ee40f1 elementor-widget elementor-widget-image\" data-id=\"28ee40f1\" data-element_type=\"widget\" data-e-type=\"widget\" data-widget_type=\"image.default\">\n\t\t\t\t\t\t\t\t\t\t\t\t\t\t\t<img fetchpriority=\"high\" decoding=\"async\" width=\"2000\" height=\"1000\" src=\"https:\/\/kandpenergy.com\/wp-content\/uploads\/2023\/08\/engineer-architect-designer-freelance-work-on-start-up-project-drawing-construction-plan.jpg\" class=\"attachment-full size-full wp-image-4441\" alt=\"Engineer architect designer freelance work on start-up project drawing, construction plan\" srcset=\"https:\/\/kandpenergy.com\/wp-content\/uploads\/2023\/08\/engineer-architect-designer-freelance-work-on-start-up-project-drawing-construction-plan.jpg 2000w, https:\/\/kandpenergy.com\/wp-content\/uploads\/2023\/08\/engineer-architect-designer-freelance-work-on-start-up-project-drawing-construction-plan-300x150.jpg 300w, https:\/\/kandpenergy.com\/wp-content\/uploads\/2023\/08\/engineer-architect-designer-freelance-work-on-start-up-project-drawing-construction-plan-1024x512.jpg 1024w, https:\/\/kandpenergy.com\/wp-content\/uploads\/2023\/08\/engineer-architect-designer-freelance-work-on-start-up-project-drawing-construction-plan-768x384.jpg 768w, https:\/\/kandpenergy.com\/wp-content\/uploads\/2023\/08\/engineer-architect-designer-freelance-work-on-start-up-project-drawing-construction-plan-1536x768.jpg 1536w\" sizes=\"(max-width: 2000px) 100vw, 2000px\" \/>\t\t\t\t\t\t\t\t\t\t\t\t\t\t\t<\/div>\n\t\t\t\t\t<\/div>\n\t\t\t\t<\/div>\n\t\t\t\t<div class=\"elementor-element elementor-element-4a843f17 elementor-widget elementor-widget-text-editor\" data-id=\"4a843f17\" data-element_type=\"widget\" data-e-type=\"widget\" data-widget_type=\"text-editor.default\">\n\t\t\t\t\t\t\t\t\t<p><span style=\"font-weight: 400;\">M\u00fchendislik ve tasar\u0131m projeleri, birden fazla alan\u0131n entegre ve \u00f6zverili bir \u015fekilde \u00e7al\u0131\u015fmas\u0131n\u0131 gerektirir. M\u00fchendislik ve in\u015faat sekt\u00f6r\u00fcn\u00fcn d\u00f6n\u00fc\u015f\u00fcm s\u00fcrecinde kritik bir yol ayr\u0131m\u0131na gelinmi\u015ftir. Kurulu\u015flar, ak\u0131ll\u0131 \u015fehirler, mod\u00fcler yap\u0131, b\u00fcy\u00fcyen pazarlar ve mevzuat gibi bu \u00f6nemli de\u011fi\u015fikliklerle bu temel de\u011fi\u015fime uyum sa\u011flamaya, neyin ba\u015far\u0131labilece\u011fini yeniden de\u011ferlendirmeye ve end\u00fcstrinin gelece\u011fi i\u00e7in yeni bir vizyon \u00fczerinde hareket etmeye zorlan\u0131yor.<\/span><\/p><p><span style=\"font-weight: 400;\">M\u00fchendislik ve in\u015faat ekibimiz \u00e7ok say\u0131da operasyonel, finansal ve stratejik bilgiye sahiptir. <\/span><b>K&amp;P Energy<\/b><span style=\"font-weight: 400;\">, kendine \u00f6zg\u00fc E&amp;C deneyiminden ve becerilerinden yararlan\u0131r. Ayr\u0131ca yenilik\u00e7i, dijital bir stratejimiz var. \u00d6nemli risk, vergi, denetim ve g\u00fcvence becerilerimizle, end\u00fcstrinin gelece\u011fine cesurca ve g\u00fcvenle ilerlemenize yard\u0131mc\u0131 olmay\u0131 hedefliyoruz. Statik, mimari, elektrik ve mekanik tasar\u0131m gibi farkl\u0131 alanlarda uzmanl\u0131klar gerektiren ve \u00e7e\u015fitli sekt\u00f6rlerde y\u00fcr\u00fct\u00fclen projelerimizde tecr\u00fcbeli m\u00fchendislerimiz, uzmanlar\u0131m\u0131z ve dan\u0131\u015fmanlar\u0131m\u0131zla t\u00fcm proje disiplinleri aras\u0131nda ba\u015far\u0131l\u0131 bir entegrasyon s\u00fcreci y\u00fcr\u00fct\u00fcyoruz.<\/span><\/p>\t\t\t\t\t\t\t\t<\/div>\n\t\t\t\t\t<\/div>\n\t\t\t\t<\/div>\n\t\t<div class=\"elementor-element elementor-element-4aeb5695 e-con-full e-flex e-con e-parent\" data-id=\"4aeb5695\" data-element_type=\"container\" data-e-type=\"container\">\n\t\t\t\t<div class=\"elementor-element elementor-element-5e4236c4 elementor-widget-divider--view-line elementor-widget elementor-widget-divider\" data-id=\"5e4236c4\" data-element_type=\"widget\" data-e-type=\"widget\" data-widget_type=\"divider.default\">\n\t\t\t\t\t\t\t<div class=\"elementor-divider\">\n\t\t\t<span class=\"elementor-divider-separator\">\n\t\t\t\t\t\t<\/span>\n\t\t<\/div>\n\t\t\t\t\t\t<\/div>\n\t\t\t\t<\/div>\n\t\t<div class=\"elementor-element elementor-element-6cb7113b e-flex e-con-boxed e-con e-parent\" data-id=\"6cb7113b\" data-element_type=\"container\" data-e-type=\"container\" data-settings=\"{&quot;background_background&quot;:&quot;classic&quot;}\">\n\t\t\t\t\t<div class=\"e-con-inner\">\n\t\t<div class=\"elementor-element elementor-element-35ba745f e-con-full e-flex e-con e-child\" data-id=\"35ba745f\" data-element_type=\"container\" data-e-type=\"container\">\n\t\t\t\t<div class=\"elementor-element elementor-element-7c52131e elementor-widget elementor-widget-image\" data-id=\"7c52131e\" data-element_type=\"widget\" data-e-type=\"widget\" data-widget_type=\"image.default\">\n\t\t\t\t\t\t\t\t\t\t\t\t\t\t\t<img decoding=\"async\" width=\"1200\" height=\"1200\" src=\"https:\/\/kandpenergy.com\/wp-content\/uploads\/2023\/05\/Finans.gif\" class=\"attachment-full size-full wp-image-3266\" alt=\"\" \/>\t\t\t\t\t\t\t\t\t\t\t\t\t\t\t<\/div>\n\t\t\t\t<\/div>\n\t\t<div class=\"elementor-element elementor-element-46adf869 e-con-full e-flex e-con e-child\" data-id=\"46adf869\" data-element_type=\"container\" data-e-type=\"container\">\n\t\t\t\t<div class=\"elementor-element elementor-element-61638d27 elementor-widget elementor-widget-heading\" data-id=\"61638d27\" data-element_type=\"widget\" data-e-type=\"widget\" data-widget_type=\"heading.default\">\n\t\t\t\t\t<h2 class=\"elementor-heading-title elementor-size-default\">Yat\u0131r\u0131mlar\u0131n\u0131z\u0131 De\u011ferlendirin<\/h2>\t\t\t\t<\/div>\n\t\t\t\t<div class=\"elementor-element elementor-element-1a1cb677 elementor-widget elementor-widget-text-editor\" data-id=\"1a1cb677\" data-element_type=\"widget\" data-e-type=\"widget\" data-widget_type=\"text-editor.default\">\n\t\t\t\t\t\t\t\t\t<p>Yat\u0131r\u0131mlar\u0131n\u0131z\u0131 en iyi \u015fekilde de\u011ferlendirmeniz i\u00e7in uzmanl\u0131\u011f\u0131m\u0131zdan yararlan\u0131n. Do\u011fru yat\u0131r\u0131m stratejileriyle karl\u0131l\u0131\u011f\u0131n\u0131z\u0131 art\u0131r\u0131n.<\/p>\t\t\t\t\t\t\t\t<\/div>\n\t\t\t\t<\/div>\n\t\t\t\t\t<\/div>\n\t\t\t\t<\/div>\n\t\t<div class=\"elementor-element elementor-element-65b0521a e-flex e-con-boxed e-con e-parent\" data-id=\"65b0521a\" data-element_type=\"container\" data-e-type=\"container\" data-settings=\"{&quot;background_background&quot;:&quot;classic&quot;}\">\n\t\t\t\t\t<div class=\"e-con-inner\">\n\t\t<div class=\"elementor-element elementor-element-52a5e305 e-con-full e-flex e-con e-child\" data-id=\"52a5e305\" data-element_type=\"container\" data-e-type=\"container\">\n\t\t\t\t<div class=\"elementor-element elementor-element-3776f652 elementor-button-align-stretch elementor-widget elementor-widget-form\" data-id=\"3776f652\" data-element_type=\"widget\" data-e-type=\"widget\" data-settings=\"{&quot;step_next_label&quot;:&quot;Next&quot;,&quot;step_previous_label&quot;:&quot;Previous&quot;,&quot;button_width&quot;:&quot;100&quot;,&quot;step_type&quot;:&quot;number_text&quot;,&quot;step_icon_shape&quot;:&quot;circle&quot;}\" data-widget_type=\"form.default\">\n\t\t\t\t\t\t\t<form class=\"elementor-form\" method=\"post\" name=\"G\u00f6r\u00fc\u015fme Planla Form\">\n\t\t\t<input type=\"hidden\" name=\"post_id\" value=\"4367\"\/>\n\t\t\t<input type=\"hidden\" name=\"form_id\" value=\"3776f652\"\/>\n\t\t\t<input type=\"hidden\" name=\"referer_title\" value=\"\u0130n\u015faat ve M\u00fchendislik Sekt\u00f6r\u00fc\" \/>\n\n\t\t\t\t\t\t\t<input type=\"hidden\" name=\"queried_id\" value=\"4367\"\/>\n\t\t\t\n\t\t\t<div class=\"elementor-form-fields-wrapper elementor-labels-above\">\n\t\t\t\t\t\t\t\t<div class=\"elementor-field-type-text elementor-field-group elementor-column elementor-field-group-name elementor-col-50 elementor-field-required elementor-mark-required\">\n\t\t\t\t\t\t\t\t\t\t\t\t<label for=\"form-field-name\" class=\"elementor-field-label\">\n\t\t\t\t\t\t\t\t\u0130sim\t\t\t\t\t\t\t<\/label>\n\t\t\t\t\t\t\t\t\t\t\t\t\t\t<input size=\"1\" type=\"text\" name=\"form_fields[name]\" id=\"form-field-name\" class=\"elementor-field elementor-size-sm  elementor-field-textual\" required=\"required\">\n\t\t\t\t\t\t\t\t\t\t\t<\/div>\n\t\t\t\t\t\t\t\t<div class=\"elementor-field-type-email elementor-field-group elementor-column elementor-field-group-field_8bd9833 elementor-col-50 elementor-field-required elementor-mark-required\">\n\t\t\t\t\t\t\t\t\t\t\t\t<label for=\"form-field-field_8bd9833\" class=\"elementor-field-label\">\n\t\t\t\t\t\t\t\tEposta\t\t\t\t\t\t\t<\/label>\n\t\t\t\t\t\t\t\t\t\t\t\t\t\t<input size=\"1\" type=\"email\" name=\"form_fields[field_8bd9833]\" id=\"form-field-field_8bd9833\" class=\"elementor-field elementor-size-sm  elementor-field-textual\" required=\"required\">\n\t\t\t\t\t\t\t\t\t\t\t<\/div>\n\t\t\t\t\t\t\t\t<div class=\"elementor-field-type-textarea elementor-field-group elementor-column elementor-field-group-field_5d63c91 elementor-col-50 elementor-field-required elementor-mark-required\">\n\t\t\t\t\t\t\t\t\t\t\t\t<label for=\"form-field-field_5d63c91\" class=\"elementor-field-label\">\n\t\t\t\t\t\t\t\tGelecek Perspektifiniz Nedir?\t\t\t\t\t\t\t<\/label>\n\t\t\t\t\t\t<textarea class=\"elementor-field-textual elementor-field  elementor-size-sm\" name=\"form_fields[field_5d63c91]\" id=\"form-field-field_5d63c91\" rows=\"3\" required=\"required\"><\/textarea>\t\t\t\t<\/div>\n\t\t\t\t\t\t\t\t<div class=\"elementor-field-type-textarea elementor-field-group elementor-column elementor-field-group-field_e854b93 elementor-col-50 elementor-field-required elementor-mark-required\">\n\t\t\t\t\t\t\t\t\t\t\t\t<label for=\"form-field-field_e854b93\" class=\"elementor-field-label\">\n\t\t\t\t\t\t\t\t\u015eirketinizdeki \u00c7al\u0131\u015fan Say\u0131s\u0131n\u0131 Belirtir Misiniz?\t\t\t\t\t\t\t<\/label>\n\t\t\t\t\t\t<textarea class=\"elementor-field-textual elementor-field  elementor-size-sm\" name=\"form_fields[field_e854b93]\" id=\"form-field-field_e854b93\" rows=\"3\" required=\"required\"><\/textarea>\t\t\t\t<\/div>\n\t\t\t\t\t\t\t\t<div class=\"elementor-field-type-textarea elementor-field-group elementor-column elementor-field-group-field_006c226 elementor-col-50 elementor-field-required elementor-mark-required\">\n\t\t\t\t\t\t\t\t\t\t\t\t<label for=\"form-field-field_006c226\" class=\"elementor-field-label\">\n\t\t\t\t\t\t\t\t\u015eirketlerin Faaliyet Alanlar\u0131 Nelerdir?\t\t\t\t\t\t\t<\/label>\n\t\t\t\t\t\t<textarea class=\"elementor-field-textual elementor-field  elementor-size-sm\" name=\"form_fields[field_006c226]\" id=\"form-field-field_006c226\" rows=\"3\" required=\"required\"><\/textarea>\t\t\t\t<\/div>\n\t\t\t\t\t\t\t\t<div class=\"elementor-field-group elementor-column elementor-field-type-submit elementor-col-100 e-form__buttons\">\n\t\t\t\t\t<button class=\"elementor-button elementor-size-sm\" type=\"submit\">\n\t\t\t\t\t\t<span class=\"elementor-button-content-wrapper\">\n\t\t\t\t\t\t\t\t\t\t\t\t\t\t\t\t\t\t\t\t\t\t<span class=\"elementor-button-text\">G\u00f6r\u00fc\u015fme Planla<\/span>\n\t\t\t\t\t\t\t\t\t\t\t\t\t<\/span>\n\t\t\t\t\t<\/button>\n\t\t\t\t<\/div>\n\t\t\t<\/div>\n\t\t<\/form>\n\t\t\t\t\t\t<\/div>\n\t\t\t\t<\/div>\n\t\t\t\t\t<\/div>\n\t\t\t\t<\/div>\n\t\t\t\t<\/div>\n\t\t","protected":false},"excerpt":{"rendered":"<p>M\u00fchendislik ve tasar\u0131m projeleri, birden fazla alan\u0131n entegre ve \u00f6zverili bir \u015fekilde \u00e7al\u0131\u015fmas\u0131n\u0131 gerektirir. M\u00fchendislik ve in\u015faat sekt\u00f6r\u00fcn\u00fcn d\u00f6n\u00fc\u015f\u00fcm s\u00fcrecinde kritik bir yol ayr\u0131m\u0131na gelinmi\u015ftir. Kurulu\u015flar, ak\u0131ll\u0131 \u015fehirler, mod\u00fcler yap\u0131, b\u00fcy\u00fcyen pazarlar ve mevzuat gibi bu \u00f6nemli de\u011fi\u015fikliklerle bu temel de\u011fi\u015fime uyum sa\u011flamaya, neyin ba\u015far\u0131labilece\u011fini yeniden de\u011ferlendirmeye ve end\u00fcstrinin gelece\u011fi i\u00e7in yeni bir vizyon \u00fczerinde [&hellip;]<\/p>\n","protected":false},"author":3,"featured_media":0,"parent":2154,"menu_order":0,"comment_status":"closed","ping_status":"closed","template":"elementor_header_footer","meta":{"iawp_total_views":6,"footnotes":""},"class_list":["post-4367","page","type-page","status-publish","hentry"],"_links":{"self":[{"href":"https:\/\/kandpenergy.com\/en\/wp-json\/wp\/v2\/pages\/4367","targetHints":{"allow":["GET"]}}],"collection":[{"href":"https:\/\/kandpenergy.com\/en\/wp-json\/wp\/v2\/pages"}],"about":[{"href":"https:\/\/kandpenergy.com\/en\/wp-json\/wp\/v2\/types\/page"}],"author":[{"embeddable":true,"href":"https:\/\/kandpenergy.com\/en\/wp-json\/wp\/v2\/users\/3"}],"replies":[{"embeddable":true,"href":"https:\/\/kandpenergy.com\/en\/wp-json\/wp\/v2\/comments?post=4367"}],"version-history":[{"count":0,"href":"https:\/\/kandpenergy.com\/en\/wp-json\/wp\/v2\/pages\/4367\/revisions"}],"up":[{"embeddable":true,"href":"https:\/\/kandpenergy.com\/en\/wp-json\/wp\/v2\/pages\/2154"}],"wp:attachment":[{"href":"https:\/\/kandpenergy.com\/en\/wp-json\/wp\/v2\/media?parent=4367"}],"curies":[{"name":"wp","href":"https:\/\/api.w.org\/{rel}","templated":true}]}}