{"id":4609,"date":"2023-08-18T08:42:12","date_gmt":"2023-08-18T08:42:12","guid":{"rendered":"https:\/\/kandpenergy.com\/?page_id=4609"},"modified":"2023-09-19T09:40:29","modified_gmt":"2023-09-19T09:40:29","slug":"solaredge","status":"publish","type":"page","link":"https:\/\/kandpenergy.com\/en\/our-brand-collaborations-2\/solaredge\/","title":{"rendered":"SolarEdge"},"content":{"rendered":"\t\t<div data-elementor-type=\"wp-page\" data-elementor-id=\"4609\" class=\"elementor elementor-4609\" data-elementor-post-type=\"page\">\n\t\t\t\t<div class=\"elementor-element elementor-element-3ed1a27e e-flex e-con-boxed e-con e-parent\" data-id=\"3ed1a27e\" data-element_type=\"container\" data-e-type=\"container\">\n\t\t\t\t\t<div class=\"e-con-inner\">\n\t\t<div class=\"elementor-element elementor-element-749237f3 e-con-full e-flex e-con e-child\" data-id=\"749237f3\" data-element_type=\"container\" data-e-type=\"container\">\n\t\t\t\t<div class=\"elementor-element elementor-element-e2f4573 elementor-widget__width-initial elementor-widget-mobile__width-inherit elementor-widget elementor-widget-heading\" data-id=\"e2f4573\" data-element_type=\"widget\" data-e-type=\"widget\" data-widget_type=\"heading.default\">\n\t\t\t\t\t<h2 class=\"elementor-heading-title elementor-size-default\">SolarEdge<\/h2>\t\t\t\t<\/div>\n\t\t\t\t<\/div>\n\t\t\t\t\t<\/div>\n\t\t\t\t<\/div>\n\t\t<div class=\"elementor-element elementor-element-6c4f59f5 e-con-full e-flex e-con e-parent\" data-id=\"6c4f59f5\" data-element_type=\"container\" data-e-type=\"container\">\n\t\t\t\t<div class=\"elementor-element elementor-element-1253088a elementor-widget-divider--view-line elementor-widget elementor-widget-divider\" data-id=\"1253088a\" data-element_type=\"widget\" data-e-type=\"widget\" data-widget_type=\"divider.default\">\n\t\t\t\t\t\t\t<div class=\"elementor-divider\">\n\t\t\t<span class=\"elementor-divider-separator\">\n\t\t\t\t\t\t<\/span>\n\t\t<\/div>\n\t\t\t\t\t\t<\/div>\n\t\t\t\t<\/div>\n\t\t<div class=\"elementor-element elementor-element-240dc6e3 e-flex e-con-boxed e-con e-parent\" data-id=\"240dc6e3\" data-element_type=\"container\" data-e-type=\"container\">\n\t\t\t\t\t<div class=\"e-con-inner\">\n\t\t\t\t<div class=\"elementor-element elementor-element-758a9596 elementor-widget__width-initial elementor-widget-mobile__width-inherit elementor-widget elementor-widget-text-editor\" data-id=\"758a9596\" data-element_type=\"widget\" data-e-type=\"widget\" data-widget_type=\"text-editor.default\">\n\t\t\t\t\t\t\t\t\t<p><span style=\"font-weight: 400;\">SolarEdge, konut, ticari ve end\u00fcstriyel uygulamalar i\u00e7in fotovoltaik diziler, g\u00fc\u00e7 \u00fcretimi izleme yaz\u0131l\u0131m\u0131, pil enerji depolama \u00fcr\u00fcnleri ve di\u011fer ilgili \u00fcr\u00fcn ve hizmetler i\u00e7in g\u00fcne\u015f invert\u00f6rleri geli\u015ftiren ve pazarlayan bir \u0130srail \u015firketidir. 2006 y\u0131l\u0131nda kurulan \u015firketin Almanya, \u0130talya ve Japonya&#8217;da ofisleri bulunmaktad\u0131r. Ayr\u0131ca Almanya, \u0130talya, Japonya ve ABD&#8217;de ofisleri bulunmaktad\u0131r. Delaware&#8217;de kuruldu. \u015eirket, \u00fcretilen elektri\u011fi merkezi bir invert\u00f6re geri beslemeden \u00f6nce mod\u00fcl d\u00fczeyinde maksimum g\u00fc\u00e7 noktas\u0131 takibi (MPPT) ger\u00e7ekle\u015ftiren bir cihaz olan Power Optimizer&#8217;\u0131 ticarile\u015ftiren ilk \u015firket oldu.<\/span><\/p><p><span style=\"font-weight: 400;\">Bir\u00e7ok solar PV sistemi, panellerin insan dizisine seri olarak ba\u011fland\u0131\u011f\u0131, \u00fcretilen t\u00fcm DC g\u00fcc\u00fcn\u00fc invertere besleyen ve onu \u015febeke uyumlu AC g\u00fcc\u00fcne d\u00f6n\u00fc\u015ft\u00fcren merkezi bir invert\u00f6r kullan\u0131r. Bu y\u00f6ntemin ana dezavantaj\u0131, maksimum g\u00fc\u00e7 noktas\u0131 izlemenin (MPPT) t\u00fcm dizi \u00fczerinde ger\u00e7ekle\u015ftirilmesidir, bu nedenle \u00fcretim, en d\u00fc\u015f\u00fck performansl\u0131 panellerin \u00e7\u0131kt\u0131s\u0131yla s\u0131n\u0131rl\u0131d\u0131r. Performans g\u00f6lge ve hava ko\u015fullar\u0131ndan etkilenebilir. SolarEdge bu sorunu, her bir g\u00fcne\u015f panelinin arkas\u0131na, mod\u00fcl seviyesinde PMPT ger\u00e7ekle\u015ftiren ve ard\u0131ndan enerjiyi merkezi bir invert\u00f6re besleyen, g\u00fc\u00e7 optimize edici ad\u0131 verilen k\u00fc\u00e7\u00fck bir cihaz yerle\u015ftirerek \u00e7\u00f6zer. Power Optimizer ayr\u0131ca, geleneksel merkezi invert\u00f6r taraf\u0131ndan sa\u011flanan genel veya dizi d\u00fczeyindeki veriler yerine enerji \u00fcretiminin panel d\u00fczeyinde izlenmesini sa\u011flar.<\/span><\/p>\t\t\t\t\t\t\t\t<\/div>\n\t\t\t\t<div class=\"elementor-element elementor-element-4a5ecca5 elementor-widget__width-initial elementor-widget-mobile__width-inherit elementor-widget elementor-widget-image\" data-id=\"4a5ecca5\" data-element_type=\"widget\" data-e-type=\"widget\" data-widget_type=\"image.default\">\n\t\t\t\t\t\t\t\t\t\t\t\t\t\t\t<img fetchpriority=\"high\" decoding=\"async\" width=\"1094\" height=\"318\" src=\"https:\/\/kandpenergy.com\/wp-content\/uploads\/2023\/08\/solar-edge.png\" class=\"attachment-full size-full wp-image-4579\" alt=\"\" srcset=\"https:\/\/kandpenergy.com\/wp-content\/uploads\/2023\/08\/solar-edge.png 1094w, https:\/\/kandpenergy.com\/wp-content\/uploads\/2023\/08\/solar-edge-300x87.png 300w, https:\/\/kandpenergy.com\/wp-content\/uploads\/2023\/08\/solar-edge-1024x298.png 1024w, https:\/\/kandpenergy.com\/wp-content\/uploads\/2023\/08\/solar-edge-768x223.png 768w\" sizes=\"(max-width: 1094px) 100vw, 1094px\" \/>\t\t\t\t\t\t\t\t\t\t\t\t\t\t\t<\/div>\n\t\t\t\t\t<\/div>\n\t\t\t\t<\/div>\n\t\t<div class=\"elementor-element elementor-element-6d0efdbe e-con-full e-flex e-con e-parent\" data-id=\"6d0efdbe\" data-element_type=\"container\" data-e-type=\"container\">\n\t\t\t\t<div class=\"elementor-element elementor-element-4356872a elementor-widget-divider--view-line elementor-widget elementor-widget-divider\" data-id=\"4356872a\" data-element_type=\"widget\" data-e-type=\"widget\" data-widget_type=\"divider.default\">\n\t\t\t\t\t\t\t<div class=\"elementor-divider\">\n\t\t\t<span class=\"elementor-divider-separator\">\n\t\t\t\t\t\t<\/span>\n\t\t<\/div>\n\t\t\t\t\t\t<\/div>\n\t\t\t\t<\/div>\n\t\t<div class=\"elementor-element elementor-element-7e510880 e-flex e-con-boxed e-con e-parent\" data-id=\"7e510880\" data-element_type=\"container\" data-e-type=\"container\" data-settings=\"{&quot;background_background&quot;:&quot;classic&quot;}\">\n\t\t\t\t\t<div class=\"e-con-inner\">\n\t\t<div class=\"elementor-element elementor-element-6a0eaa02 e-con-full e-flex e-con e-child\" data-id=\"6a0eaa02\" data-element_type=\"container\" data-e-type=\"container\">\n\t\t\t\t<div class=\"elementor-element elementor-element-453a56a7 elementor-widget elementor-widget-image\" data-id=\"453a56a7\" data-element_type=\"widget\" data-e-type=\"widget\" data-widget_type=\"image.default\">\n\t\t\t\t\t\t\t\t\t\t\t\t\t\t\t<img decoding=\"async\" width=\"1200\" height=\"1200\" src=\"https:\/\/kandpenergy.com\/wp-content\/uploads\/2023\/05\/Finans.gif\" class=\"attachment-full size-full wp-image-3266\" alt=\"\" \/>\t\t\t\t\t\t\t\t\t\t\t\t\t\t\t<\/div>\n\t\t\t\t<\/div>\n\t\t<div class=\"elementor-element elementor-element-6d983c7d e-con-full e-flex e-con e-child\" data-id=\"6d983c7d\" data-element_type=\"container\" data-e-type=\"container\">\n\t\t\t\t<div class=\"elementor-element elementor-element-2c3fe6a5 elementor-widget elementor-widget-heading\" data-id=\"2c3fe6a5\" data-element_type=\"widget\" data-e-type=\"widget\" data-widget_type=\"heading.default\">\n\t\t\t\t\t<h2 class=\"elementor-heading-title elementor-size-default\">Yat\u0131r\u0131mlar\u0131n\u0131z\u0131 De\u011ferlendirin<\/h2>\t\t\t\t<\/div>\n\t\t\t\t<div class=\"elementor-element elementor-element-79401a1b elementor-widget elementor-widget-text-editor\" data-id=\"79401a1b\" data-element_type=\"widget\" data-e-type=\"widget\" data-widget_type=\"text-editor.default\">\n\t\t\t\t\t\t\t\t\t<p>Yat\u0131r\u0131mlar\u0131n\u0131z\u0131 en iyi \u015fekilde de\u011ferlendirmeniz i\u00e7in uzmanl\u0131\u011f\u0131m\u0131zdan yararlan\u0131n. Do\u011fru yat\u0131r\u0131m stratejileriyle karl\u0131l\u0131\u011f\u0131n\u0131z\u0131 art\u0131r\u0131n.<\/p>\t\t\t\t\t\t\t\t<\/div>\n\t\t\t\t<\/div>\n\t\t\t\t\t<\/div>\n\t\t\t\t<\/div>\n\t\t<div class=\"elementor-element elementor-element-6740750b e-flex e-con-boxed e-con e-parent\" data-id=\"6740750b\" data-element_type=\"container\" data-e-type=\"container\" data-settings=\"{&quot;background_background&quot;:&quot;classic&quot;}\">\n\t\t\t\t\t<div class=\"e-con-inner\">\n\t\t<div class=\"elementor-element elementor-element-1dfeacd6 e-con-full e-flex e-con e-child\" data-id=\"1dfeacd6\" data-element_type=\"container\" data-e-type=\"container\">\n\t\t\t\t<div class=\"elementor-element elementor-element-2fa834d8 elementor-button-align-stretch elementor-widget elementor-widget-form\" data-id=\"2fa834d8\" data-element_type=\"widget\" data-e-type=\"widget\" data-settings=\"{&quot;step_next_label&quot;:&quot;Next&quot;,&quot;step_previous_label&quot;:&quot;Previous&quot;,&quot;button_width&quot;:&quot;100&quot;,&quot;step_type&quot;:&quot;number_text&quot;,&quot;step_icon_shape&quot;:&quot;circle&quot;}\" data-widget_type=\"form.default\">\n\t\t\t\t\t\t\t<form class=\"elementor-form\" method=\"post\" name=\"G\u00f6r\u00fc\u015fme Planla Form\">\n\t\t\t<input type=\"hidden\" name=\"post_id\" value=\"4609\"\/>\n\t\t\t<input type=\"hidden\" name=\"form_id\" value=\"2fa834d8\"\/>\n\t\t\t<input type=\"hidden\" name=\"referer_title\" value=\"SolarEdge\" \/>\n\n\t\t\t\t\t\t\t<input type=\"hidden\" name=\"queried_id\" value=\"4609\"\/>\n\t\t\t\n\t\t\t<div class=\"elementor-form-fields-wrapper elementor-labels-above\">\n\t\t\t\t\t\t\t\t<div class=\"elementor-field-type-text elementor-field-group elementor-column elementor-field-group-name elementor-col-50 elementor-field-required elementor-mark-required\">\n\t\t\t\t\t\t\t\t\t\t\t\t<label for=\"form-field-name\" class=\"elementor-field-label\">\n\t\t\t\t\t\t\t\t\u0130sim\t\t\t\t\t\t\t<\/label>\n\t\t\t\t\t\t\t\t\t\t\t\t\t\t<input size=\"1\" type=\"text\" name=\"form_fields[name]\" id=\"form-field-name\" class=\"elementor-field elementor-size-sm  elementor-field-textual\" required=\"required\">\n\t\t\t\t\t\t\t\t\t\t\t<\/div>\n\t\t\t\t\t\t\t\t<div class=\"elementor-field-type-email elementor-field-group elementor-column elementor-field-group-field_8bd9833 elementor-col-50 elementor-field-required elementor-mark-required\">\n\t\t\t\t\t\t\t\t\t\t\t\t<label for=\"form-field-field_8bd9833\" class=\"elementor-field-label\">\n\t\t\t\t\t\t\t\tEposta\t\t\t\t\t\t\t<\/label>\n\t\t\t\t\t\t\t\t\t\t\t\t\t\t<input size=\"1\" type=\"email\" name=\"form_fields[field_8bd9833]\" id=\"form-field-field_8bd9833\" class=\"elementor-field elementor-size-sm  elementor-field-textual\" required=\"required\">\n\t\t\t\t\t\t\t\t\t\t\t<\/div>\n\t\t\t\t\t\t\t\t<div class=\"elementor-field-type-textarea elementor-field-group elementor-column elementor-field-group-field_5d63c91 elementor-col-50 elementor-field-required elementor-mark-required\">\n\t\t\t\t\t\t\t\t\t\t\t\t<label for=\"form-field-field_5d63c91\" class=\"elementor-field-label\">\n\t\t\t\t\t\t\t\tGelecek Perspektifiniz Nedir?\t\t\t\t\t\t\t<\/label>\n\t\t\t\t\t\t<textarea class=\"elementor-field-textual elementor-field  elementor-size-sm\" name=\"form_fields[field_5d63c91]\" id=\"form-field-field_5d63c91\" rows=\"3\" required=\"required\"><\/textarea>\t\t\t\t<\/div>\n\t\t\t\t\t\t\t\t<div class=\"elementor-field-type-textarea elementor-field-group elementor-column elementor-field-group-field_e854b93 elementor-col-50 elementor-field-required elementor-mark-required\">\n\t\t\t\t\t\t\t\t\t\t\t\t<label for=\"form-field-field_e854b93\" class=\"elementor-field-label\">\n\t\t\t\t\t\t\t\t\u015eirketinizdeki \u00c7al\u0131\u015fan Say\u0131s\u0131n\u0131 Belirtir Misiniz?\t\t\t\t\t\t\t<\/label>\n\t\t\t\t\t\t<textarea class=\"elementor-field-textual elementor-field  elementor-size-sm\" name=\"form_fields[field_e854b93]\" id=\"form-field-field_e854b93\" rows=\"3\" required=\"required\"><\/textarea>\t\t\t\t<\/div>\n\t\t\t\t\t\t\t\t<div class=\"elementor-field-type-textarea elementor-field-group elementor-column elementor-field-group-field_006c226 elementor-col-50 elementor-field-required elementor-mark-required\">\n\t\t\t\t\t\t\t\t\t\t\t\t<label for=\"form-field-field_006c226\" class=\"elementor-field-label\">\n\t\t\t\t\t\t\t\t\u015eirketlerin Faaliyet Alanlar\u0131 Nelerdir?\t\t\t\t\t\t\t<\/label>\n\t\t\t\t\t\t<textarea class=\"elementor-field-textual elementor-field  elementor-size-sm\" name=\"form_fields[field_006c226]\" id=\"form-field-field_006c226\" rows=\"3\" required=\"required\"><\/textarea>\t\t\t\t<\/div>\n\t\t\t\t\t\t\t\t<div class=\"elementor-field-group elementor-column elementor-field-type-submit elementor-col-100 e-form__buttons\">\n\t\t\t\t\t<button class=\"elementor-button elementor-size-sm\" type=\"submit\">\n\t\t\t\t\t\t<span class=\"elementor-button-content-wrapper\">\n\t\t\t\t\t\t\t\t\t\t\t\t\t\t\t\t\t\t\t\t\t\t<span class=\"elementor-button-text\">G\u00f6r\u00fc\u015fme Planla<\/span>\n\t\t\t\t\t\t\t\t\t\t\t\t\t<\/span>\n\t\t\t\t\t<\/button>\n\t\t\t\t<\/div>\n\t\t\t<\/div>\n\t\t<\/form>\n\t\t\t\t\t\t<\/div>\n\t\t\t\t<\/div>\n\t\t\t\t\t<\/div>\n\t\t\t\t<\/div>\n\t\t\t\t<\/div>\n\t\t","protected":false},"excerpt":{"rendered":"<p>SolarEdge, konut, ticari ve end\u00fcstriyel uygulamalar i\u00e7in fotovoltaik diziler, g\u00fc\u00e7 \u00fcretimi izleme yaz\u0131l\u0131m\u0131, pil enerji depolama \u00fcr\u00fcnleri ve di\u011fer ilgili \u00fcr\u00fcn ve hizmetler i\u00e7in g\u00fcne\u015f invert\u00f6rleri geli\u015ftiren ve pazarlayan bir \u0130srail \u015firketidir. 2006 y\u0131l\u0131nda kurulan \u015firketin Almanya, \u0130talya ve Japonya&#8217;da ofisleri bulunmaktad\u0131r. Ayr\u0131ca Almanya, \u0130talya, Japonya ve ABD&#8217;de ofisleri bulunmaktad\u0131r. Delaware&#8217;de kuruldu. \u015eirket, \u00fcretilen elektri\u011fi [&hellip;]<\/p>\n","protected":false},"author":3,"featured_media":0,"parent":4714,"menu_order":0,"comment_status":"closed","ping_status":"closed","template":"elementor_header_footer","meta":{"iawp_total_views":2,"footnotes":""},"class_list":["post-4609","page","type-page","status-publish","hentry"],"_links":{"self":[{"href":"https:\/\/kandpenergy.com\/en\/wp-json\/wp\/v2\/pages\/4609","targetHints":{"allow":["GET"]}}],"collection":[{"href":"https:\/\/kandpenergy.com\/en\/wp-json\/wp\/v2\/pages"}],"about":[{"href":"https:\/\/kandpenergy.com\/en\/wp-json\/wp\/v2\/types\/page"}],"author":[{"embeddable":true,"href":"https:\/\/kandpenergy.com\/en\/wp-json\/wp\/v2\/users\/3"}],"replies":[{"embeddable":true,"href":"https:\/\/kandpenergy.com\/en\/wp-json\/wp\/v2\/comments?post=4609"}],"version-history":[{"count":0,"href":"https:\/\/kandpenergy.com\/en\/wp-json\/wp\/v2\/pages\/4609\/revisions"}],"up":[{"embeddable":true,"href":"https:\/\/kandpenergy.com\/en\/wp-json\/wp\/v2\/pages\/4714"}],"wp:attachment":[{"href":"https:\/\/kandpenergy.com\/en\/wp-json\/wp\/v2\/media?parent=4609"}],"curies":[{"name":"wp","href":"https:\/\/api.w.org\/{rel}","templated":true}]}}