{"id":4625,"date":"2023-08-18T08:43:40","date_gmt":"2023-08-18T08:43:40","guid":{"rendered":"https:\/\/kandpenergy.com\/?page_id=4625"},"modified":"2023-09-19T09:38:14","modified_gmt":"2023-09-19T09:38:14","slug":"europower-solar","status":"publish","type":"page","link":"https:\/\/kandpenergy.com\/en\/our-brand-collaborations-2\/europower-solar\/","title":{"rendered":"Europower Solar"},"content":{"rendered":"\t\t<div data-elementor-type=\"wp-page\" data-elementor-id=\"4625\" class=\"elementor elementor-4625\" data-elementor-post-type=\"page\">\n\t\t\t\t<div class=\"elementor-element elementor-element-13e92c7a e-flex e-con-boxed e-con e-parent\" data-id=\"13e92c7a\" data-element_type=\"container\" data-e-type=\"container\">\n\t\t\t\t\t<div class=\"e-con-inner\">\n\t\t<div class=\"elementor-element elementor-element-5b388c58 e-con-full e-flex e-con e-child\" data-id=\"5b388c58\" data-element_type=\"container\" data-e-type=\"container\">\n\t\t\t\t<div class=\"elementor-element elementor-element-46dfbf6c elementor-widget__width-initial elementor-widget-mobile__width-inherit elementor-widget elementor-widget-heading\" data-id=\"46dfbf6c\" data-element_type=\"widget\" data-e-type=\"widget\" data-widget_type=\"heading.default\">\n\t\t\t\t\t<h2 class=\"elementor-heading-title elementor-size-default\">Europower Solar<\/h2>\t\t\t\t<\/div>\n\t\t\t\t<\/div>\n\t\t\t\t\t<\/div>\n\t\t\t\t<\/div>\n\t\t<div class=\"elementor-element elementor-element-2ddf791e e-con-full e-flex e-con e-parent\" data-id=\"2ddf791e\" data-element_type=\"container\" data-e-type=\"container\">\n\t\t\t\t<div class=\"elementor-element elementor-element-2a34cced elementor-widget-divider--view-line elementor-widget elementor-widget-divider\" data-id=\"2a34cced\" data-element_type=\"widget\" data-e-type=\"widget\" data-widget_type=\"divider.default\">\n\t\t\t\t\t\t\t<div class=\"elementor-divider\">\n\t\t\t<span class=\"elementor-divider-separator\">\n\t\t\t\t\t\t<\/span>\n\t\t<\/div>\n\t\t\t\t\t\t<\/div>\n\t\t\t\t<\/div>\n\t\t<div class=\"elementor-element elementor-element-464a33be e-flex e-con-boxed e-con e-parent\" data-id=\"464a33be\" data-element_type=\"container\" data-e-type=\"container\">\n\t\t\t\t\t<div class=\"e-con-inner\">\n\t\t\t\t<div class=\"elementor-element elementor-element-1a9f7a27 elementor-widget__width-initial elementor-widget-mobile__width-inherit elementor-widget elementor-widget-text-editor\" data-id=\"1a9f7a27\" data-element_type=\"widget\" data-e-type=\"widget\" data-widget_type=\"text-editor.default\">\n\t\t\t\t\t\t\t\t\t<p><span style=\"font-weight: 400;\">Europower Solar, Giri\u015fim Elektrik A.\u015e Giri\u015fim Elektrik Grubu&#8217;nun bir grup \u015firketi olan Europower Enerji&#8217;nin bir i\u015ftirakidir, ana grup \u015firketlerimiz Europower Enerji A.\u015e. ve Giri\u015fim Elektrik A.\u015e. ile ana anahtar teslimi taahh\u00fct, T\u00fcrk elektrik ve enerji sekt\u00f6r\u00fcnde m\u00fchendislik, sat\u0131\u015f ve pazarlama \u015firketleri. T\u00fcrkiye&#8217;de ve yurt d\u0131\u015f\u0131nda farkl\u0131 sekt\u00f6rlerdeki bir\u00e7ok \u00f6nemli m\u00fc\u015fteriye \u00e7ok geni\u015f bir \u00fcr\u00fcn ve hizmet yelpazesi sunuyoruz ve d\u00fcnya \u00e7ap\u0131nda 35&#8217;ten fazla \u00fclkede y\u00fczlerce projeyi ba\u015far\u0131yla tamamlad\u0131k. 400&#8217;den fazla \u00e7al\u0131\u015fan ve \u00e7o\u011fu elektrik m\u00fchendisi 45 m\u00fchendisten olu\u015fan yetkin ve m\u00fc\u015fteri odakl\u0131 bir ekip, m\u00fc\u015fterilerimizin her t\u00fcrl\u00fc AG, OG ve HV elektrik \u00fcr\u00fcnleri ve sistemleri i\u00e7in ihtiya\u00e7lar\u0131na h\u0131zl\u0131 ve s\u0131n\u0131rs\u0131z bir tedarik zinciri sunmam\u0131z\u0131 sa\u011fl\u0131yor. Onlarca y\u0131ll\u0131k uluslararas\u0131 m\u00fchendislik, sat\u0131\u015f ve pazarlama deneyimini y\u00fcksek d\u00fczeyde end\u00fcstriyel ve ticari bilgi birikimiyle birle\u015ftiriyoruz. Sadece T\u00fcrkiye&#8217;de de\u011fil, b\u00f6lgemizde de \u00e7\u00f6z\u00fcm orta\u011f\u0131 olarak geni\u015f bir \u00fcr\u00fcn ve hizmet yelpazesi sunuyoruz.<\/span><\/p><p><span style=\"font-weight: 400;\">Europower Solar, g\u00fcne\u015f enerjisi santralleri i\u00e7in anahtar teslim hizmetler sunar, \u00e7ok \u00e7e\u015fitli g\u00fcne\u015f enerjisi sistemleri i\u00e7in en verimli ve g\u00fcvenilir \u00e7\u00f6z\u00fcmleri koordine eder ve optimize eder, uygun maliyetli ve zaman\u0131nda maksimum performans elde eder. Euro Power Energy, AG-OG-YG elektrik sistemleri i\u00e7in \u00fcr\u00fcn ve \u00e7\u00f6z\u00fcmler tasarlar, geli\u015ftirir ve \u00fcretir ve deneyimli, \u00e7\u00f6z\u00fcm odakl\u0131 ve y\u00fcksek vas\u0131fl\u0131 m\u00fchendislik ekibi ile \u00e7ok \u00e7e\u015fitli projeler i\u00e7in anahtar teslim taahh\u00fct hizmetleri sunar. EuropowerEnergy ayr\u0131ca proje tasar\u0131m\u0131, proje y\u00f6netimi, otomasyon ve SCADA, devreye alma, denetim, saha testi ve e\u011fitim hizmetleri de dahil olmak \u00fczere \u00e7ok \u00e7e\u015fitli m\u00fchendislik hizmetleri sunmaktad\u0131r. Nitelikli m\u00fchendislik ekibimiz, d\u00fcnya \u00e7ap\u0131nda ba\u015far\u0131yla tamamlad\u0131\u011f\u0131m\u0131z bir\u00e7ok projeden edindi\u011fimiz y\u0131llar\u0131n deneyimine dayanan ola\u011fan\u00fcst\u00fc uzmanl\u0131k sunar. Europower Enerji ve grup \u015firketleri, AIS ve GIS trafo merkezleri, r\u00fczgar santralleri, hidroelektrik santraller, biyok\u00fctle santralleri, termik santraller, do\u011fal gaz \u00e7evrim santralleri, havai hatlar, havaalanlar\u0131, rayl\u0131 sistemler dahil olmak \u00fczere T\u00fcrkiye ve yurt d\u0131\u015f\u0131nda elektrik ve elektromekanik EPC sa\u011flamaktad\u0131r. End\u00fcstriyel tesisler, hastaneler ve konut ve ticari binalar\u0131n elektrifikasyonu. Projelerde uzman\u0131z. \u00c7e\u015fitli sekt\u00f6rlerde lider m\u00fc\u015fteriler i\u00e7in s\u00fcrekli olarak y\u00fcksek kaliteli anahtar teslimi projeler teslim ediyoruz.<\/span><\/p>\t\t\t\t\t\t\t\t<\/div>\n\t\t\t\t<div class=\"elementor-element elementor-element-7273dfb2 elementor-widget__width-initial elementor-widget-mobile__width-inherit elementor-widget elementor-widget-image\" data-id=\"7273dfb2\" data-element_type=\"widget\" data-e-type=\"widget\" data-widget_type=\"image.default\">\n\t\t\t\t\t\t\t\t\t\t\t\t\t\t\t<img decoding=\"async\" width=\"260\" height=\"119\" src=\"https:\/\/kandpenergy.com\/wp-content\/uploads\/2023\/08\/europower.png\" class=\"attachment-full size-full wp-image-4569\" alt=\"\" \/>\t\t\t\t\t\t\t\t\t\t\t\t\t\t\t<\/div>\n\t\t\t\t\t<\/div>\n\t\t\t\t<\/div>\n\t\t<div class=\"elementor-element elementor-element-21b948de e-con-full e-flex e-con e-parent\" data-id=\"21b948de\" data-element_type=\"container\" data-e-type=\"container\">\n\t\t\t\t<div class=\"elementor-element elementor-element-76f80c16 elementor-widget-divider--view-line elementor-widget elementor-widget-divider\" data-id=\"76f80c16\" data-element_type=\"widget\" data-e-type=\"widget\" data-widget_type=\"divider.default\">\n\t\t\t\t\t\t\t<div class=\"elementor-divider\">\n\t\t\t<span class=\"elementor-divider-separator\">\n\t\t\t\t\t\t<\/span>\n\t\t<\/div>\n\t\t\t\t\t\t<\/div>\n\t\t\t\t<\/div>\n\t\t<div class=\"elementor-element elementor-element-104be881 e-flex e-con-boxed e-con e-parent\" data-id=\"104be881\" data-element_type=\"container\" data-e-type=\"container\" data-settings=\"{&quot;background_background&quot;:&quot;classic&quot;}\">\n\t\t\t\t\t<div class=\"e-con-inner\">\n\t\t<div class=\"elementor-element elementor-element-33c55b3d e-con-full e-flex e-con e-child\" data-id=\"33c55b3d\" data-element_type=\"container\" data-e-type=\"container\">\n\t\t\t\t<div class=\"elementor-element elementor-element-320e8af9 elementor-widget elementor-widget-image\" data-id=\"320e8af9\" data-element_type=\"widget\" data-e-type=\"widget\" data-widget_type=\"image.default\">\n\t\t\t\t\t\t\t\t\t\t\t\t\t\t\t<img fetchpriority=\"high\" decoding=\"async\" width=\"1200\" height=\"1200\" src=\"https:\/\/kandpenergy.com\/wp-content\/uploads\/2023\/05\/Finans.gif\" class=\"attachment-full size-full wp-image-3266\" alt=\"\" \/>\t\t\t\t\t\t\t\t\t\t\t\t\t\t\t<\/div>\n\t\t\t\t<\/div>\n\t\t<div class=\"elementor-element elementor-element-46fd606f e-con-full e-flex e-con e-child\" data-id=\"46fd606f\" data-element_type=\"container\" data-e-type=\"container\">\n\t\t\t\t<div class=\"elementor-element elementor-element-4bc68e6b elementor-widget elementor-widget-heading\" data-id=\"4bc68e6b\" data-element_type=\"widget\" data-e-type=\"widget\" data-widget_type=\"heading.default\">\n\t\t\t\t\t<h2 class=\"elementor-heading-title elementor-size-default\">Yat\u0131r\u0131mlar\u0131n\u0131z\u0131 De\u011ferlendirin<\/h2>\t\t\t\t<\/div>\n\t\t\t\t<div class=\"elementor-element elementor-element-5ffedf80 elementor-widget elementor-widget-text-editor\" data-id=\"5ffedf80\" data-element_type=\"widget\" data-e-type=\"widget\" data-widget_type=\"text-editor.default\">\n\t\t\t\t\t\t\t\t\t<p>Yat\u0131r\u0131mlar\u0131n\u0131z\u0131 en iyi \u015fekilde de\u011ferlendirmeniz i\u00e7in uzmanl\u0131\u011f\u0131m\u0131zdan yararlan\u0131n. Do\u011fru yat\u0131r\u0131m stratejileriyle karl\u0131l\u0131\u011f\u0131n\u0131z\u0131 art\u0131r\u0131n.<\/p>\t\t\t\t\t\t\t\t<\/div>\n\t\t\t\t<\/div>\n\t\t\t\t\t<\/div>\n\t\t\t\t<\/div>\n\t\t<div class=\"elementor-element elementor-element-2c3638eb e-flex e-con-boxed e-con e-parent\" data-id=\"2c3638eb\" data-element_type=\"container\" data-e-type=\"container\" data-settings=\"{&quot;background_background&quot;:&quot;classic&quot;}\">\n\t\t\t\t\t<div class=\"e-con-inner\">\n\t\t<div class=\"elementor-element elementor-element-7f1e94b9 e-con-full e-flex e-con e-child\" data-id=\"7f1e94b9\" data-element_type=\"container\" data-e-type=\"container\">\n\t\t\t\t<div class=\"elementor-element elementor-element-303c8905 elementor-button-align-stretch elementor-widget elementor-widget-form\" data-id=\"303c8905\" data-element_type=\"widget\" data-e-type=\"widget\" data-settings=\"{&quot;step_next_label&quot;:&quot;Next&quot;,&quot;step_previous_label&quot;:&quot;Previous&quot;,&quot;button_width&quot;:&quot;100&quot;,&quot;step_type&quot;:&quot;number_text&quot;,&quot;step_icon_shape&quot;:&quot;circle&quot;}\" data-widget_type=\"form.default\">\n\t\t\t\t\t\t\t<form class=\"elementor-form\" method=\"post\" name=\"G\u00f6r\u00fc\u015fme Planla Form\">\n\t\t\t<input type=\"hidden\" name=\"post_id\" value=\"4625\"\/>\n\t\t\t<input type=\"hidden\" name=\"form_id\" value=\"303c8905\"\/>\n\t\t\t<input type=\"hidden\" name=\"referer_title\" value=\"Europower Solar\" \/>\n\n\t\t\t\t\t\t\t<input type=\"hidden\" name=\"queried_id\" value=\"4625\"\/>\n\t\t\t\n\t\t\t<div class=\"elementor-form-fields-wrapper elementor-labels-above\">\n\t\t\t\t\t\t\t\t<div class=\"elementor-field-type-text elementor-field-group elementor-column elementor-field-group-name elementor-col-50 elementor-field-required elementor-mark-required\">\n\t\t\t\t\t\t\t\t\t\t\t\t<label for=\"form-field-name\" class=\"elementor-field-label\">\n\t\t\t\t\t\t\t\t\u0130sim\t\t\t\t\t\t\t<\/label>\n\t\t\t\t\t\t\t\t\t\t\t\t\t\t<input size=\"1\" type=\"text\" name=\"form_fields[name]\" id=\"form-field-name\" class=\"elementor-field elementor-size-sm  elementor-field-textual\" required=\"required\">\n\t\t\t\t\t\t\t\t\t\t\t<\/div>\n\t\t\t\t\t\t\t\t<div class=\"elementor-field-type-email elementor-field-group elementor-column elementor-field-group-field_8bd9833 elementor-col-50 elementor-field-required elementor-mark-required\">\n\t\t\t\t\t\t\t\t\t\t\t\t<label for=\"form-field-field_8bd9833\" class=\"elementor-field-label\">\n\t\t\t\t\t\t\t\tEposta\t\t\t\t\t\t\t<\/label>\n\t\t\t\t\t\t\t\t\t\t\t\t\t\t<input size=\"1\" type=\"email\" name=\"form_fields[field_8bd9833]\" id=\"form-field-field_8bd9833\" class=\"elementor-field elementor-size-sm  elementor-field-textual\" required=\"required\">\n\t\t\t\t\t\t\t\t\t\t\t<\/div>\n\t\t\t\t\t\t\t\t<div class=\"elementor-field-type-textarea elementor-field-group elementor-column elementor-field-group-field_5d63c91 elementor-col-50 elementor-field-required elementor-mark-required\">\n\t\t\t\t\t\t\t\t\t\t\t\t<label for=\"form-field-field_5d63c91\" class=\"elementor-field-label\">\n\t\t\t\t\t\t\t\tGelecek Perspektifiniz Nedir?\t\t\t\t\t\t\t<\/label>\n\t\t\t\t\t\t<textarea class=\"elementor-field-textual elementor-field  elementor-size-sm\" name=\"form_fields[field_5d63c91]\" id=\"form-field-field_5d63c91\" rows=\"3\" required=\"required\"><\/textarea>\t\t\t\t<\/div>\n\t\t\t\t\t\t\t\t<div class=\"elementor-field-type-textarea elementor-field-group elementor-column elementor-field-group-field_e854b93 elementor-col-50 elementor-field-required elementor-mark-required\">\n\t\t\t\t\t\t\t\t\t\t\t\t<label for=\"form-field-field_e854b93\" class=\"elementor-field-label\">\n\t\t\t\t\t\t\t\t\u015eirketinizdeki \u00c7al\u0131\u015fan Say\u0131s\u0131n\u0131 Belirtir Misiniz?\t\t\t\t\t\t\t<\/label>\n\t\t\t\t\t\t<textarea class=\"elementor-field-textual elementor-field  elementor-size-sm\" name=\"form_fields[field_e854b93]\" id=\"form-field-field_e854b93\" rows=\"3\" required=\"required\"><\/textarea>\t\t\t\t<\/div>\n\t\t\t\t\t\t\t\t<div class=\"elementor-field-type-textarea elementor-field-group elementor-column elementor-field-group-field_006c226 elementor-col-50 elementor-field-required elementor-mark-required\">\n\t\t\t\t\t\t\t\t\t\t\t\t<label for=\"form-field-field_006c226\" class=\"elementor-field-label\">\n\t\t\t\t\t\t\t\t\u015eirketlerin Faaliyet Alanlar\u0131 Nelerdir?\t\t\t\t\t\t\t<\/label>\n\t\t\t\t\t\t<textarea class=\"elementor-field-textual elementor-field  elementor-size-sm\" name=\"form_fields[field_006c226]\" id=\"form-field-field_006c226\" rows=\"3\" required=\"required\"><\/textarea>\t\t\t\t<\/div>\n\t\t\t\t\t\t\t\t<div class=\"elementor-field-group elementor-column elementor-field-type-submit elementor-col-100 e-form__buttons\">\n\t\t\t\t\t<button class=\"elementor-button elementor-size-sm\" type=\"submit\">\n\t\t\t\t\t\t<span class=\"elementor-button-content-wrapper\">\n\t\t\t\t\t\t\t\t\t\t\t\t\t\t\t\t\t\t\t\t\t\t<span class=\"elementor-button-text\">G\u00f6r\u00fc\u015fme Planla<\/span>\n\t\t\t\t\t\t\t\t\t\t\t\t\t<\/span>\n\t\t\t\t\t<\/button>\n\t\t\t\t<\/div>\n\t\t\t<\/div>\n\t\t<\/form>\n\t\t\t\t\t\t<\/div>\n\t\t\t\t<\/div>\n\t\t\t\t\t<\/div>\n\t\t\t\t<\/div>\n\t\t\t\t<\/div>\n\t\t","protected":false},"excerpt":{"rendered":"<p>Europower Solar, Giri\u015fim Elektrik A.\u015e Giri\u015fim Elektrik Grubu&#8217;nun bir grup \u015firketi olan Europower Enerji&#8217;nin bir i\u015ftirakidir, ana grup \u015firketlerimiz Europower Enerji A.\u015e. ve Giri\u015fim Elektrik A.\u015e. ile ana anahtar teslimi taahh\u00fct, T\u00fcrk elektrik ve enerji sekt\u00f6r\u00fcnde m\u00fchendislik, sat\u0131\u015f ve pazarlama \u015firketleri. T\u00fcrkiye&#8217;de ve yurt d\u0131\u015f\u0131nda farkl\u0131 sekt\u00f6rlerdeki bir\u00e7ok \u00f6nemli m\u00fc\u015fteriye \u00e7ok geni\u015f bir \u00fcr\u00fcn ve [&hellip;]<\/p>\n","protected":false},"author":3,"featured_media":0,"parent":4714,"menu_order":0,"comment_status":"closed","ping_status":"closed","template":"elementor_header_footer","meta":{"iawp_total_views":14,"footnotes":""},"class_list":["post-4625","page","type-page","status-publish","hentry"],"_links":{"self":[{"href":"https:\/\/kandpenergy.com\/en\/wp-json\/wp\/v2\/pages\/4625","targetHints":{"allow":["GET"]}}],"collection":[{"href":"https:\/\/kandpenergy.com\/en\/wp-json\/wp\/v2\/pages"}],"about":[{"href":"https:\/\/kandpenergy.com\/en\/wp-json\/wp\/v2\/types\/page"}],"author":[{"embeddable":true,"href":"https:\/\/kandpenergy.com\/en\/wp-json\/wp\/v2\/users\/3"}],"replies":[{"embeddable":true,"href":"https:\/\/kandpenergy.com\/en\/wp-json\/wp\/v2\/comments?post=4625"}],"version-history":[{"count":0,"href":"https:\/\/kandpenergy.com\/en\/wp-json\/wp\/v2\/pages\/4625\/revisions"}],"up":[{"embeddable":true,"href":"https:\/\/kandpenergy.com\/en\/wp-json\/wp\/v2\/pages\/4714"}],"wp:attachment":[{"href":"https:\/\/kandpenergy.com\/en\/wp-json\/wp\/v2\/media?parent=4625"}],"curies":[{"name":"wp","href":"https:\/\/api.w.org\/{rel}","templated":true}]}}