{"id":4661,"date":"2023-08-18T08:47:20","date_gmt":"2023-08-18T08:47:20","guid":{"rendered":"https:\/\/kandpenergy.com\/?page_id=4661"},"modified":"2023-09-19T09:38:59","modified_gmt":"2023-09-19T09:38:59","slug":"next-cracker","status":"publish","type":"page","link":"https:\/\/kandpenergy.com\/en\/our-brand-collaborations-2\/next-cracker\/","title":{"rendered":"Next Cracker"},"content":{"rendered":"\t\t<div data-elementor-type=\"wp-page\" data-elementor-id=\"4661\" class=\"elementor elementor-4661\" data-elementor-post-type=\"page\">\n\t\t\t\t<div class=\"elementor-element elementor-element-3f76d07 e-flex e-con-boxed e-con e-parent\" data-id=\"3f76d07\" data-element_type=\"container\" data-e-type=\"container\">\n\t\t\t\t\t<div class=\"e-con-inner\">\n\t\t<div class=\"elementor-element elementor-element-27c3676a e-con-full e-flex e-con e-child\" data-id=\"27c3676a\" data-element_type=\"container\" data-e-type=\"container\">\n\t\t\t\t<div class=\"elementor-element elementor-element-5c9938b1 elementor-widget__width-initial elementor-widget-mobile__width-inherit elementor-widget elementor-widget-heading\" data-id=\"5c9938b1\" data-element_type=\"widget\" data-e-type=\"widget\" data-widget_type=\"heading.default\">\n\t\t\t\t\t<h2 class=\"elementor-heading-title elementor-size-default\">Next Cracker<\/h2>\t\t\t\t<\/div>\n\t\t\t\t<\/div>\n\t\t\t\t\t<\/div>\n\t\t\t\t<\/div>\n\t\t<div class=\"elementor-element elementor-element-4f0a4540 e-con-full e-flex e-con e-parent\" data-id=\"4f0a4540\" data-element_type=\"container\" data-e-type=\"container\">\n\t\t\t\t<div class=\"elementor-element elementor-element-58e56e21 elementor-widget-divider--view-line elementor-widget elementor-widget-divider\" data-id=\"58e56e21\" data-element_type=\"widget\" data-e-type=\"widget\" data-widget_type=\"divider.default\">\n\t\t\t\t\t\t\t<div class=\"elementor-divider\">\n\t\t\t<span class=\"elementor-divider-separator\">\n\t\t\t\t\t\t<\/span>\n\t\t<\/div>\n\t\t\t\t\t\t<\/div>\n\t\t\t\t<\/div>\n\t\t<div class=\"elementor-element elementor-element-6384aa5d e-flex e-con-boxed e-con e-parent\" data-id=\"6384aa5d\" data-element_type=\"container\" data-e-type=\"container\">\n\t\t\t\t\t<div class=\"e-con-inner\">\n\t\t\t\t<div class=\"elementor-element elementor-element-5e0dc1a4 elementor-widget__width-initial elementor-widget-mobile__width-inherit elementor-widget elementor-widget-text-editor\" data-id=\"5e0dc1a4\" data-element_type=\"widget\" data-e-type=\"widget\" data-widget_type=\"text-editor.default\">\n\t\t\t\t\t\t\t\t\t<p><span style=\"font-weight: 400;\">Biz \u00e7e\u015fitli teknoloji yenilik\u00e7ileri ve temiz enerji aktivistleri grubuyuz. Biz i\u015fbirlik\u00e7i tak\u0131m oyuncular\u0131y\u0131z. Biz hakl\u0131y\u0131z. Sorumlu ve sonu\u00e7 odakl\u0131y\u0131z. E\u015fitli\u011fe ve kapsay\u0131c\u0131l\u0131\u011fa inan\u0131yoruz. S\u00fcrd\u00fcr\u00fclebilirlik, dekarbonizasyon ve daha iyi bir yar\u0131n i\u00e7in kararl\u0131y\u0131z.<\/span><\/p><p><span style=\"font-weight: 400;\">Weat Next Cracker, gelecek nesil i\u00e7in en ak\u0131ll\u0131, g\u00fcvenilir ve \u00fcretken g\u00fcne\u015f enerjisi teknolojilerini sa\u011flayan d\u00fcnyan\u0131n lider enerji \u00e7\u00f6z\u00fcmleri \u015firketi olma misyonundad\u0131r.<\/span><\/p><p><span style=\"font-weight: 400;\">NextCracerisaleading, d\u00fcnya \u00e7ap\u0131nda kamu hizmeti \u00f6l\u00e7e\u011finde ve yere monte da\u011f\u0131t\u0131lm\u0131\u015f nesil g\u00fcne\u015f enerjisi projelerinde kullan\u0131lan ak\u0131ll\u0131 entegre g\u00fcne\u015f izleyicileri ve yaz\u0131l\u0131m \u00e7\u00f6z\u00fcmleri sa\u011flay\u0131c\u0131s\u0131d\u0131r.<\/span><\/p>\t\t\t\t\t\t\t\t<\/div>\n\t\t\t\t<div class=\"elementor-element elementor-element-3fe833c7 elementor-widget__width-initial elementor-widget-mobile__width-inherit elementor-widget elementor-widget-image\" data-id=\"3fe833c7\" data-element_type=\"widget\" data-e-type=\"widget\" data-widget_type=\"image.default\">\n\t\t\t\t\t\t\t\t\t\t\t\t\t\t\t<img fetchpriority=\"high\" decoding=\"async\" width=\"839\" height=\"552\" src=\"https:\/\/kandpenergy.com\/wp-content\/uploads\/2023\/08\/nextracker.png\" class=\"attachment-full size-full wp-image-4571\" alt=\"\" srcset=\"https:\/\/kandpenergy.com\/wp-content\/uploads\/2023\/08\/nextracker.png 839w, https:\/\/kandpenergy.com\/wp-content\/uploads\/2023\/08\/nextracker-300x197.png 300w, https:\/\/kandpenergy.com\/wp-content\/uploads\/2023\/08\/nextracker-768x505.png 768w\" sizes=\"(max-width: 839px) 100vw, 839px\" \/>\t\t\t\t\t\t\t\t\t\t\t\t\t\t\t<\/div>\n\t\t\t\t\t<\/div>\n\t\t\t\t<\/div>\n\t\t<div class=\"elementor-element elementor-element-1bfbdf82 e-con-full e-flex e-con e-parent\" data-id=\"1bfbdf82\" data-element_type=\"container\" data-e-type=\"container\">\n\t\t\t\t<div class=\"elementor-element elementor-element-36988eba elementor-widget-divider--view-line elementor-widget elementor-widget-divider\" data-id=\"36988eba\" data-element_type=\"widget\" data-e-type=\"widget\" data-widget_type=\"divider.default\">\n\t\t\t\t\t\t\t<div class=\"elementor-divider\">\n\t\t\t<span class=\"elementor-divider-separator\">\n\t\t\t\t\t\t<\/span>\n\t\t<\/div>\n\t\t\t\t\t\t<\/div>\n\t\t\t\t<\/div>\n\t\t<div class=\"elementor-element elementor-element-34385925 e-flex e-con-boxed e-con e-parent\" data-id=\"34385925\" data-element_type=\"container\" data-e-type=\"container\" data-settings=\"{&quot;background_background&quot;:&quot;classic&quot;}\">\n\t\t\t\t\t<div class=\"e-con-inner\">\n\t\t<div class=\"elementor-element elementor-element-3648906e e-con-full e-flex e-con e-child\" data-id=\"3648906e\" data-element_type=\"container\" data-e-type=\"container\">\n\t\t\t\t<div class=\"elementor-element elementor-element-2dd59a3 elementor-widget elementor-widget-image\" data-id=\"2dd59a3\" data-element_type=\"widget\" data-e-type=\"widget\" data-widget_type=\"image.default\">\n\t\t\t\t\t\t\t\t\t\t\t\t\t\t\t<img decoding=\"async\" width=\"1200\" height=\"1200\" src=\"https:\/\/kandpenergy.com\/wp-content\/uploads\/2023\/05\/Finans.gif\" class=\"attachment-full size-full wp-image-3266\" alt=\"\" \/>\t\t\t\t\t\t\t\t\t\t\t\t\t\t\t<\/div>\n\t\t\t\t<\/div>\n\t\t<div class=\"elementor-element elementor-element-63db7dc1 e-con-full e-flex e-con e-child\" data-id=\"63db7dc1\" data-element_type=\"container\" data-e-type=\"container\">\n\t\t\t\t<div class=\"elementor-element elementor-element-42a97aae elementor-widget elementor-widget-heading\" data-id=\"42a97aae\" data-element_type=\"widget\" data-e-type=\"widget\" data-widget_type=\"heading.default\">\n\t\t\t\t\t<h2 class=\"elementor-heading-title elementor-size-default\">Yat\u0131r\u0131mlar\u0131n\u0131z\u0131 De\u011ferlendirin<\/h2>\t\t\t\t<\/div>\n\t\t\t\t<div class=\"elementor-element elementor-element-361cc403 elementor-widget elementor-widget-text-editor\" data-id=\"361cc403\" data-element_type=\"widget\" data-e-type=\"widget\" data-widget_type=\"text-editor.default\">\n\t\t\t\t\t\t\t\t\t<p>Yat\u0131r\u0131mlar\u0131n\u0131z\u0131 en iyi \u015fekilde de\u011ferlendirmeniz i\u00e7in uzmanl\u0131\u011f\u0131m\u0131zdan yararlan\u0131n. Do\u011fru yat\u0131r\u0131m stratejileriyle karl\u0131l\u0131\u011f\u0131n\u0131z\u0131 art\u0131r\u0131n.<\/p>\t\t\t\t\t\t\t\t<\/div>\n\t\t\t\t<\/div>\n\t\t\t\t\t<\/div>\n\t\t\t\t<\/div>\n\t\t<div class=\"elementor-element elementor-element-6b287b9c e-flex e-con-boxed e-con e-parent\" data-id=\"6b287b9c\" data-element_type=\"container\" data-e-type=\"container\" data-settings=\"{&quot;background_background&quot;:&quot;classic&quot;}\">\n\t\t\t\t\t<div class=\"e-con-inner\">\n\t\t<div class=\"elementor-element elementor-element-633495ae e-con-full e-flex e-con e-child\" data-id=\"633495ae\" data-element_type=\"container\" data-e-type=\"container\">\n\t\t\t\t<div class=\"elementor-element elementor-element-2020b189 elementor-button-align-stretch elementor-widget elementor-widget-form\" data-id=\"2020b189\" data-element_type=\"widget\" data-e-type=\"widget\" data-settings=\"{&quot;step_next_label&quot;:&quot;Next&quot;,&quot;step_previous_label&quot;:&quot;Previous&quot;,&quot;button_width&quot;:&quot;100&quot;,&quot;step_type&quot;:&quot;number_text&quot;,&quot;step_icon_shape&quot;:&quot;circle&quot;}\" data-widget_type=\"form.default\">\n\t\t\t\t\t\t\t<form class=\"elementor-form\" method=\"post\" name=\"G\u00f6r\u00fc\u015fme Planla Form\">\n\t\t\t<input type=\"hidden\" name=\"post_id\" value=\"4661\"\/>\n\t\t\t<input type=\"hidden\" name=\"form_id\" value=\"2020b189\"\/>\n\t\t\t<input type=\"hidden\" name=\"referer_title\" value=\"Next Cracker\" \/>\n\n\t\t\t\t\t\t\t<input type=\"hidden\" name=\"queried_id\" value=\"4661\"\/>\n\t\t\t\n\t\t\t<div class=\"elementor-form-fields-wrapper elementor-labels-above\">\n\t\t\t\t\t\t\t\t<div class=\"elementor-field-type-text elementor-field-group elementor-column elementor-field-group-name elementor-col-50 elementor-field-required elementor-mark-required\">\n\t\t\t\t\t\t\t\t\t\t\t\t<label for=\"form-field-name\" class=\"elementor-field-label\">\n\t\t\t\t\t\t\t\t\u0130sim\t\t\t\t\t\t\t<\/label>\n\t\t\t\t\t\t\t\t\t\t\t\t\t\t<input size=\"1\" type=\"text\" name=\"form_fields[name]\" id=\"form-field-name\" class=\"elementor-field elementor-size-sm  elementor-field-textual\" required=\"required\">\n\t\t\t\t\t\t\t\t\t\t\t<\/div>\n\t\t\t\t\t\t\t\t<div class=\"elementor-field-type-email elementor-field-group elementor-column elementor-field-group-field_8bd9833 elementor-col-50 elementor-field-required elementor-mark-required\">\n\t\t\t\t\t\t\t\t\t\t\t\t<label for=\"form-field-field_8bd9833\" class=\"elementor-field-label\">\n\t\t\t\t\t\t\t\tEposta\t\t\t\t\t\t\t<\/label>\n\t\t\t\t\t\t\t\t\t\t\t\t\t\t<input size=\"1\" type=\"email\" name=\"form_fields[field_8bd9833]\" id=\"form-field-field_8bd9833\" class=\"elementor-field elementor-size-sm  elementor-field-textual\" required=\"required\">\n\t\t\t\t\t\t\t\t\t\t\t<\/div>\n\t\t\t\t\t\t\t\t<div class=\"elementor-field-type-textarea elementor-field-group elementor-column elementor-field-group-field_5d63c91 elementor-col-50 elementor-field-required elementor-mark-required\">\n\t\t\t\t\t\t\t\t\t\t\t\t<label for=\"form-field-field_5d63c91\" class=\"elementor-field-label\">\n\t\t\t\t\t\t\t\tGelecek Perspektifiniz Nedir?\t\t\t\t\t\t\t<\/label>\n\t\t\t\t\t\t<textarea class=\"elementor-field-textual elementor-field  elementor-size-sm\" name=\"form_fields[field_5d63c91]\" id=\"form-field-field_5d63c91\" rows=\"3\" required=\"required\"><\/textarea>\t\t\t\t<\/div>\n\t\t\t\t\t\t\t\t<div class=\"elementor-field-type-textarea elementor-field-group elementor-column elementor-field-group-field_e854b93 elementor-col-50 elementor-field-required elementor-mark-required\">\n\t\t\t\t\t\t\t\t\t\t\t\t<label for=\"form-field-field_e854b93\" class=\"elementor-field-label\">\n\t\t\t\t\t\t\t\t\u015eirketinizdeki \u00c7al\u0131\u015fan Say\u0131s\u0131n\u0131 Belirtir Misiniz?\t\t\t\t\t\t\t<\/label>\n\t\t\t\t\t\t<textarea class=\"elementor-field-textual elementor-field  elementor-size-sm\" name=\"form_fields[field_e854b93]\" id=\"form-field-field_e854b93\" rows=\"3\" required=\"required\"><\/textarea>\t\t\t\t<\/div>\n\t\t\t\t\t\t\t\t<div class=\"elementor-field-type-textarea elementor-field-group elementor-column elementor-field-group-field_006c226 elementor-col-50 elementor-field-required elementor-mark-required\">\n\t\t\t\t\t\t\t\t\t\t\t\t<label for=\"form-field-field_006c226\" class=\"elementor-field-label\">\n\t\t\t\t\t\t\t\t\u015eirketlerin Faaliyet Alanlar\u0131 Nelerdir?\t\t\t\t\t\t\t<\/label>\n\t\t\t\t\t\t<textarea class=\"elementor-field-textual elementor-field  elementor-size-sm\" name=\"form_fields[field_006c226]\" id=\"form-field-field_006c226\" rows=\"3\" required=\"required\"><\/textarea>\t\t\t\t<\/div>\n\t\t\t\t\t\t\t\t<div class=\"elementor-field-group elementor-column elementor-field-type-submit elementor-col-100 e-form__buttons\">\n\t\t\t\t\t<button class=\"elementor-button elementor-size-sm\" type=\"submit\">\n\t\t\t\t\t\t<span class=\"elementor-button-content-wrapper\">\n\t\t\t\t\t\t\t\t\t\t\t\t\t\t\t\t\t\t\t\t\t\t<span class=\"elementor-button-text\">G\u00f6r\u00fc\u015fme Planla<\/span>\n\t\t\t\t\t\t\t\t\t\t\t\t\t<\/span>\n\t\t\t\t\t<\/button>\n\t\t\t\t<\/div>\n\t\t\t<\/div>\n\t\t<\/form>\n\t\t\t\t\t\t<\/div>\n\t\t\t\t<\/div>\n\t\t\t\t\t<\/div>\n\t\t\t\t<\/div>\n\t\t\t\t<\/div>\n\t\t","protected":false},"excerpt":{"rendered":"<p>Biz \u00e7e\u015fitli teknoloji yenilik\u00e7ileri ve temiz enerji aktivistleri grubuyuz. Biz i\u015fbirlik\u00e7i tak\u0131m oyuncular\u0131y\u0131z. Biz hakl\u0131y\u0131z. Sorumlu ve sonu\u00e7 odakl\u0131y\u0131z. E\u015fitli\u011fe ve kapsay\u0131c\u0131l\u0131\u011fa inan\u0131yoruz. S\u00fcrd\u00fcr\u00fclebilirlik, dekarbonizasyon ve daha iyi bir yar\u0131n i\u00e7in kararl\u0131y\u0131z. Weat Next Cracker, gelecek nesil i\u00e7in en ak\u0131ll\u0131, g\u00fcvenilir ve \u00fcretken g\u00fcne\u015f enerjisi teknolojilerini sa\u011flayan d\u00fcnyan\u0131n lider enerji \u00e7\u00f6z\u00fcmleri \u015firketi olma misyonundad\u0131r. NextCracerisaleading, [&hellip;]<\/p>\n","protected":false},"author":3,"featured_media":0,"parent":4714,"menu_order":0,"comment_status":"closed","ping_status":"closed","template":"elementor_header_footer","meta":{"iawp_total_views":1,"footnotes":""},"class_list":["post-4661","page","type-page","status-publish","hentry"],"_links":{"self":[{"href":"https:\/\/kandpenergy.com\/en\/wp-json\/wp\/v2\/pages\/4661","targetHints":{"allow":["GET"]}}],"collection":[{"href":"https:\/\/kandpenergy.com\/en\/wp-json\/wp\/v2\/pages"}],"about":[{"href":"https:\/\/kandpenergy.com\/en\/wp-json\/wp\/v2\/types\/page"}],"author":[{"embeddable":true,"href":"https:\/\/kandpenergy.com\/en\/wp-json\/wp\/v2\/users\/3"}],"replies":[{"embeddable":true,"href":"https:\/\/kandpenergy.com\/en\/wp-json\/wp\/v2\/comments?post=4661"}],"version-history":[{"count":0,"href":"https:\/\/kandpenergy.com\/en\/wp-json\/wp\/v2\/pages\/4661\/revisions"}],"up":[{"embeddable":true,"href":"https:\/\/kandpenergy.com\/en\/wp-json\/wp\/v2\/pages\/4714"}],"wp:attachment":[{"href":"https:\/\/kandpenergy.com\/en\/wp-json\/wp\/v2\/media?parent=4661"}],"curies":[{"name":"wp","href":"https:\/\/api.w.org\/{rel}","templated":true}]}}