{"id":2144,"date":"2023-05-16T00:17:24","date_gmt":"2023-05-16T00:17:24","guid":{"rendered":"https:\/\/kandpenergy.com\/?page_id=2144"},"modified":"2023-09-19T08:32:12","modified_gmt":"2023-09-19T08:32:12","slug":"iletisim","status":"publish","type":"page","link":"https:\/\/kandpenergy.com\/ru\/iletisim\/","title":{"rendered":"\u0421\u0432\u044f\u0437\u0430\u0442\u044c\u0441\u044f \u0441"},"content":{"rendered":"<div data-elementor-type=\"wp-page\" data-elementor-id=\"2144\" class=\"elementor elementor-2144\" data-elementor-post-type=\"page\">\n\t\t\t\t<div class=\"elementor-element elementor-element-5737a742 e-flex e-con-boxed e-con e-parent\" data-id=\"5737a742\" data-element_type=\"container\" data-e-type=\"container\">\n\t\t\t\t\t<div class=\"e-con-inner\">\n\t\t<div class=\"elementor-element elementor-element-5ea9a35c e-con-full e-flex e-con e-child\" data-id=\"5ea9a35c\" data-element_type=\"container\" data-e-type=\"container\">\n\t\t\t\t<div class=\"elementor-element elementor-element-640c06bf elementor-widget__width-initial elementor-widget elementor-widget-heading\" data-id=\"640c06bf\" data-element_type=\"widget\" data-e-type=\"widget\" data-widget_type=\"heading.default\">\n\t\t\t\t\t<h2 class=\"elementor-heading-title elementor-size-default\">\u0421\u0432\u044f\u0437\u0430\u0442\u044c\u0441\u044f \u0441<\/h2>\t\t\t\t<\/div>\n\t\t\t\t<\/div>\n\t\t\t\t\t<\/div>\n\t\t\t\t<\/div>\n\t\t<div class=\"elementor-element elementor-element-466b3e98 e-con-full e-flex e-con e-parent\" data-id=\"466b3e98\" data-element_type=\"container\" data-e-type=\"container\">\n\t\t\t\t<div class=\"elementor-element elementor-element-108c3589 elementor-widget-divider--view-line elementor-widget elementor-widget-divider\" data-id=\"108c3589\" data-element_type=\"widget\" data-e-type=\"widget\" data-widget_type=\"divider.default\">\n\t\t\t\t\t\t\t<div class=\"elementor-divider\">\n\t\t\t<span class=\"elementor-divider-separator\">\n\t\t\t\t\t\t<\/span>\n\t\t<\/div>\n\t\t\t\t\t\t<\/div>\n\t\t\t\t<\/div>\n\t\t<div class=\"elementor-element elementor-element-c9325ef e-flex e-con-boxed e-con e-parent\" data-id=\"c9325ef\" data-element_type=\"container\" data-e-type=\"container\">\n\t\t\t\t\t<div class=\"e-con-inner\">\n\t\t<div class=\"elementor-element elementor-element-f73a428 e-con-full e-flex e-con e-child\" data-id=\"f73a428\" data-element_type=\"container\" data-e-type=\"container\">\n\t\t\t\t<div class=\"elementor-element elementor-element-1ef41a5c elementor-widget elementor-widget-google_maps\" data-id=\"1ef41a5c\" data-element_type=\"widget\" data-e-type=\"widget\" data-widget_type=\"google_maps.default\">\n\t\t\t\t\t\t\t<div class=\"elementor-custom-embed\">\n\t\t\t<iframe loading=\"lazy\"\n\t\t\t\t\tsrc=\"https:\/\/maps.google.com\/maps?q=24.90035718341192%2C%2055.1220633574576&#038;t=m&#038;z=16&#038;output=embed&#038;iwloc=near\"\n\t\t\t\t\ttitle=\"24.90035718341192, 55.1220633574576\"\n\t\t\t\t\taria-label=\"24.90035718341192, 55.1220633574576\"\n\t\t\t><\/iframe>\n\t\t<\/div>\n\t\t\t\t\t\t<\/div>\n\t\t\t\t<\/div>\n\t\t<div class=\"elementor-element elementor-element-4e34861c e-con-full e-flex e-con e-child\" data-id=\"4e34861c\" data-element_type=\"container\" data-e-type=\"container\">\n\t\t\t\t<div class=\"elementor-element elementor-element-1f856398 elementor-widget elementor-widget-heading\" data-id=\"1f856398\" data-element_type=\"widget\" data-e-type=\"widget\" data-widget_type=\"heading.default\">\n\t\t\t\t\t<h2 class=\"elementor-heading-title elementor-size-default\">Dubai<\/h2>\t\t\t\t<\/div>\n\t\t\t\t<div class=\"elementor-element elementor-element-2c0b4f28 elementor-widget elementor-widget-text-editor\" data-id=\"2c0b4f28\" data-element_type=\"widget\" data-e-type=\"widget\" data-widget_type=\"text-editor.default\">\n\t\t\t\t\t\t\t\t\t<p style=\"font-weight: 400;\">Business Center A2 Block 4. Floor Office: 0492<br>Dubai World Central<br>POBox: 390667<br>Dubai \/ B\u0130RLE\u015e\u0130K ARAP EM\u0130RL\u0130KLER\u0130<\/p>\t\t\t\t\t\t\t\t<\/div>\n\t\t\t\t<div class=\"elementor-element elementor-element-61b71161 elementor-widget elementor-widget-text-editor\" data-id=\"61b71161\" data-element_type=\"widget\" data-e-type=\"widget\" data-widget_type=\"text-editor.default\">\n\t\t\t\t\t\t\t\t\t<p><strong>\u0421\u0432\u044f\u0437\u0430\u0442\u044c\u0441\u044f \u0441<br \/><\/strong>+971 50 236 02 64<br \/><strong>E-posta<br \/><\/strong>operation@kandpenergy.com<\/p>\t\t\t\t\t\t\t\t<\/div>\n\t\t\t\t<\/div>\n\t\t\t\t\t<\/div>\n\t\t\t\t<\/div>\n\t\t\t\t<\/div>","protected":false},"excerpt":{"rendered":"<p>\u0130leti\u015fim Dubai Business Center A2 Block 4. Floor Office: 0492Dubai World CentralPOBox: 390667Dubai \/ B\u0130RLE\u015e\u0130K ARAP EM\u0130RL\u0130KLER\u0130 \u0130leti\u015fim+971 50 236 02 64E-postaoperation@kandpenergy.com<\/p>","protected":false},"author":3,"featured_media":0,"parent":0,"menu_order":0,"comment_status":"closed","ping_status":"closed","template":"elementor_header_footer","meta":{"iawp_total_views":162,"footnotes":""},"class_list":["post-2144","page","type-page","status-publish","hentry"],"_links":{"self":[{"href":"https:\/\/kandpenergy.com\/ru\/wp-json\/wp\/v2\/pages\/2144","targetHints":{"allow":["GET"]}}],"collection":[{"href":"https:\/\/kandpenergy.com\/ru\/wp-json\/wp\/v2\/pages"}],"about":[{"href":"https:\/\/kandpenergy.com\/ru\/wp-json\/wp\/v2\/types\/page"}],"author":[{"embeddable":true,"href":"https:\/\/kandpenergy.com\/ru\/wp-json\/wp\/v2\/users\/3"}],"replies":[{"embeddable":true,"href":"https:\/\/kandpenergy.com\/ru\/wp-json\/wp\/v2\/comments?post=2144"}],"version-history":[{"count":0,"href":"https:\/\/kandpenergy.com\/ru\/wp-json\/wp\/v2\/pages\/2144\/revisions"}],"wp:attachment":[{"href":"https:\/\/kandpenergy.com\/ru\/wp-json\/wp\/v2\/media?parent=2144"}],"curies":[{"name":"wp","href":"https:\/\/api.w.org\/{rel}","templated":true}]}}