{"id":2164,"date":"2023-05-16T00:23:08","date_gmt":"2023-05-16T00:23:08","guid":{"rendered":"https:\/\/kandpenergy.com\/?page_id=2164"},"modified":"2023-09-19T08:48:27","modified_gmt":"2023-09-19T08:48:27","slug":"kurumsal","status":"publish","type":"page","link":"https:\/\/kandpenergy.com\/ru\/kurumsal\/","title":{"rendered":"\u041a\u043e\u0440\u043f\u043e\u0440\u0430\u0442\u0438\u0432\u043d\u044b\u0439"},"content":{"rendered":"<div data-elementor-type=\"wp-page\" data-elementor-id=\"2164\" class=\"elementor elementor-2164\" data-elementor-post-type=\"page\">\n\t\t\t\t<div class=\"elementor-element elementor-element-12cbca2d e-flex e-con-boxed e-con e-parent\" data-id=\"12cbca2d\" data-element_type=\"container\" data-e-type=\"container\">\n\t\t\t\t\t<div class=\"e-con-inner\">\n\t\t<div class=\"elementor-element elementor-element-5813b28b e-con-full e-flex e-con e-child\" data-id=\"5813b28b\" data-element_type=\"container\" data-e-type=\"container\">\n\t\t\t\t<div class=\"elementor-element elementor-element-4eb49e11 elementor-widget__width-initial elementor-widget elementor-widget-heading\" data-id=\"4eb49e11\" data-element_type=\"widget\" data-e-type=\"widget\" data-widget_type=\"heading.default\">\n\t\t\t\t\t<h2 class=\"elementor-heading-title elementor-size-default\">\u041a\u043e\u0440\u043f\u043e\u0440\u0430\u0442\u0438\u0432\u043d\u044b\u0439<\/h2>\t\t\t\t<\/div>\n\t\t\t\t<\/div>\n\t\t\t\t\t<\/div>\n\t\t\t\t<\/div>\n\t\t<div class=\"elementor-element elementor-element-5c213298 e-con-full e-flex e-con e-parent\" data-id=\"5c213298\" data-element_type=\"container\" data-e-type=\"container\">\n\t\t\t\t<div class=\"elementor-element elementor-element-44d17af7 elementor-widget-divider--view-line elementor-widget elementor-widget-divider\" data-id=\"44d17af7\" data-element_type=\"widget\" data-e-type=\"widget\" data-widget_type=\"divider.default\">\n\t\t\t\t\t\t\t<div class=\"elementor-divider\">\n\t\t\t<span class=\"elementor-divider-separator\">\n\t\t\t\t\t\t<\/span>\n\t\t<\/div>\n\t\t\t\t\t\t<\/div>\n\t\t\t\t<\/div>\n\t\t<div class=\"elementor-element elementor-element-6375c61b e-flex e-con-boxed e-con e-parent\" data-id=\"6375c61b\" data-element_type=\"container\" data-e-type=\"container\">\n\t\t\t\t\t<div class=\"e-con-inner\">\n\t\t<div class=\"elementor-element elementor-element-1fcdb606 e-con-full e-flex e-con e-child\" data-id=\"1fcdb606\" data-element_type=\"container\" data-e-type=\"container\">\n\t\t\t\t<div class=\"elementor-element elementor-element-73efb1a7 elementor-widget elementor-widget-heading\" data-id=\"73efb1a7\" data-element_type=\"widget\" data-e-type=\"widget\" data-widget_type=\"heading.default\">\n\t\t\t\t\t<h2 class=\"elementor-heading-title elementor-size-default\">Biz Kimiz<\/h2>\t\t\t\t<\/div>\n\t\t\t\t<\/div>\n\t\t<div class=\"elementor-element elementor-element-f8f8ee6 e-con-full e-flex e-con e-child\" data-id=\"f8f8ee6\" data-element_type=\"container\" data-e-type=\"container\">\n\t\t\t\t<div class=\"elementor-element elementor-element-172956e6 elementor-widget elementor-widget-text-editor\" data-id=\"172956e6\" data-element_type=\"widget\" data-e-type=\"widget\" data-widget_type=\"text-editor.default\">\n\t\t\t\t\t\t\t\t\t<p><b>K&amp;P Energy<\/b><span style=\"font-weight: 400;\"> bir\u00e7ok \u00fclkede geni\u015f uluslararas\u0131 ba\u011flant\u0131lar\u0131 olan, Enerji sekt\u00f6r\u00fcnde profesyonel ara\u015ft\u0131rma ekibiyle yenilikler ve inovasyonlarla ilgili ara\u015ft\u0131rmalar\u0131 y\u00fcr\u00fcten ve GES Ekipman Tedarik Distrib\u00fct\u00f6rl\u00fc\u011f\u00fc ,GES dan\u0131\u015fmanl\u0131k hizmetleri, GES teknoloji geli\u015ftirmesi ve inovasyon hizmetleri, GES Pazar ara\u015ft\u0131rmalar\u0131, GES projelendirme hizmetleri, M\u00fchendislik-Tedarik-\u0130n\u015faat (EPC), GES Montaj hizmetlerini y\u00fcr\u00fcten t\u00fcm bunlar\u0131n yan\u0131 s\u0131ra Uluslararas\u0131 yat\u0131r\u0131m geli\u015ftirme ve yat\u0131r\u0131m y\u00f6netimi \u00fczerine dan\u0131\u015fmanl\u0131k veren \u00e7ok payda\u015fl\u0131 bir dan\u0131\u015fmanl\u0131k \u015firketidir.\u00a0<\/span><\/p><p><span style=\"font-weight: 400;\">S\u00fcrd\u00fcrebilirli\u011fi hedef alan, yenilenemez kaynaklar\u0131n, geri d\u00f6n\u00fclemez \u015fekilde t\u00fcketildi\u011fi g\u00fcn\u00fcm\u00fcz \u015fartlar\u0131nda daha ya\u015fanabilir bir d\u00fcnya i\u00e7in \u00f6nc\u00fc rol \u00fcstlenmeyi\u00a0ama\u00e7lamaktad\u0131r. <\/span><b>K&amp;P Energy<\/b><span style=\"font-weight: 400;\">, g\u00fc\u00e7l\u00fc bir deneyim temeli, bilgi altyap\u0131s\u0131 ve profesyonel ortakl\u0131klar \u00fczerine kurulu kapsaml\u0131 hizmet yelpazesiyle gurur duymaktad\u0131r. <\/span><b>K&amp;P Energy<\/b><span style=\"font-weight: 400;\">, dinamik ve yenilik\u00e7i \u015firket yap\u0131s\u0131 ile her zaman beklentileri a\u015fmak ve uluslararas\u0131 yat\u0131r\u0131mlara \u00f6nc\u00fcl\u00fck etmek i\u00e7in \u00e7al\u0131\u015fmaktad\u0131r. Uzman kadromuzla kapsaml\u0131 ara\u015ft\u0131rmalar\u0131 disiplinle y\u00fcr\u00fct\u00fcp, yenilenebilir enerji t\u00fcrleri aras\u0131nda \u00f6ne \u00e7\u0131kan g\u00fcne\u015f enerjisine d\u00f6n\u00fc\u015f\u00fcmde \u00f6nc\u00fc rol \u00fcstlenme vizyonu ve bu d\u00f6n\u00fc\u015f\u00fcmde yenilik\u00e7i, kaliteli, h\u0131zl\u0131 hizmet \u00fcretme misyonu ile yolculu\u011funa devam etmektedir.\u00a0 Hedefleri, her zaman bir ad\u0131m \u00f6nde kalarak her bir m\u00fc\u015fteriye s\u00fcrd\u00fcr\u00fclebilir de\u011fer sa\u011flamakt\u0131r.\u00a0<\/span><\/p><p><span style=\"font-weight: 400;\">T\u00fcm bunlar\u0131n yan\u0131 s\u0131ra M\u00fc\u015fterilerine yat\u0131r\u0131m y\u00f6netim, yat\u0131r\u0131m f\u0131rsatlar\u0131, uluslararas\u0131 vergilendirme, teknik hizmetler konular\u0131nda dan\u0131\u015fmanl\u0131k deste\u011fi sunmas\u0131n\u0131n yan\u0131 s\u0131ra; yat\u0131r\u0131m\u0131n i\u015fletmeye ge\u00e7ti\u011fi zaman y\u00f6netim dan\u0131\u015fmanl\u0131\u011f\u0131 da sunan <strong>K&amp;P Energy<\/strong> \u2018in i\u015f ortaklar\u0131 ve m\u00fc\u015fterileri aras\u0131nda \u00f6zel sekt\u00f6r kurulu\u015flar\u0131, bireysel yat\u0131r\u0131mc\u0131lar, kamu kurum ve kurulu\u015flar\u0131 ile uluslararas\u0131 kurulu\u015flar bulunmaktad\u0131r.\u00a0\u00a0<\/span><\/p><p style=\"font-weight: 400;\"><b>K&amp;P Energy<\/b><span style=\"font-weight: 400;\"> projeleri fikir a\u015famas\u0131ndan ba\u015flayarak \u00abexit stratejisi\u00bb dahil olmak \u00fczere planlar ve yat\u0131r\u0131mc\u0131s\u0131na y\u00fcksek getirili yat\u0131r\u0131m y\u00f6netimi hizmetlerini bir paket olarak sunar. Yat\u0131r\u0131m\u0131n minimum maliyetle hayata ge\u00e7mesini sa\u011flamak i\u00e7in gerekli de\u011fer m\u00fchendisli\u011fi hesaplamalar\u0131n\u0131 yaparak kar maksimizasyonu i\u00e7in gerekli tasar\u0131msal, teknik, vergisel, finansal detaylar\u0131 inceler.<\/span><\/p>\t\t\t\t\t\t\t\t<\/div>\n\t\t\t\t<\/div>\n\t\t\t\t\t<\/div>\n\t\t\t\t<\/div>\n\t\t<div class=\"elementor-element elementor-element-463a2573 e-flex e-con-boxed e-con e-parent\" data-id=\"463a2573\" data-element_type=\"container\" data-e-type=\"container\" data-settings=\"{&quot;background_background&quot;:&quot;classic&quot;}\">\n\t\t\t\t\t<div class=\"e-con-inner\">\n\t\t<div class=\"elementor-element elementor-element-69cbf536 e-con-full e-flex e-con e-child\" data-id=\"69cbf536\" data-element_type=\"container\" data-e-type=\"container\">\n\t\t\t\t<div class=\"elementor-element elementor-element-1606d391 elementor-widget elementor-widget-image\" data-id=\"1606d391\" data-element_type=\"widget\" data-e-type=\"widget\" data-widget_type=\"image.default\">\n\t\t\t\t\t\t\t\t\t\t\t\t\t\t\t<img fetchpriority=\"high\" decoding=\"async\" width=\"490\" height=\"1194\" src=\"https:\/\/kandpenergy.com\/wp-content\/uploads\/2023\/06\/kandpconsultancy-kurumsal-1.png\" class=\"attachment-full size-full wp-image-4011\" alt=\"\" srcset=\"https:\/\/kandpenergy.com\/wp-content\/uploads\/2023\/06\/kandpconsultancy-kurumsal-1.png 490w, https:\/\/kandpenergy.com\/wp-content\/uploads\/2023\/06\/kandpconsultancy-kurumsal-1-123x300.png 123w, https:\/\/kandpenergy.com\/wp-content\/uploads\/2023\/06\/kandpconsultancy-kurumsal-1-420x1024.png 420w\" sizes=\"(max-width: 490px) 100vw, 490px\" \/>\t\t\t\t\t\t\t\t\t\t\t\t\t\t\t<\/div>\n\t\t\t\t<\/div>\n\t\t<div class=\"elementor-element elementor-element-66691646 e-con-full e-flex e-con e-child\" data-id=\"66691646\" data-element_type=\"container\" data-e-type=\"container\">\n\t\t\t\t<div class=\"elementor-element elementor-element-338e2da7 elementor-widget elementor-widget-heading\" data-id=\"338e2da7\" data-element_type=\"widget\" data-e-type=\"widget\" data-widget_type=\"heading.default\">\n\t\t\t\t\t<h2 class=\"elementor-heading-title elementor-size-default\">Neden<\/h2>\t\t\t\t<\/div>\n\t\t\t\t<div class=\"elementor-element elementor-element-6da0f716 elementor-widget elementor-widget-heading\" data-id=\"6da0f716\" data-element_type=\"widget\" data-e-type=\"widget\" data-widget_type=\"heading.default\">\n\t\t\t\t\t<h2 class=\"elementor-heading-title elementor-size-default\">K &amp; P<\/h2>\t\t\t\t<\/div>\n\t\t\t\t<div class=\"elementor-element elementor-element-5886a43 elementor-widget elementor-widget-text-editor\" data-id=\"5886a43\" data-element_type=\"widget\" data-e-type=\"widget\" data-widget_type=\"text-editor.default\">\n\t\t\t\t\t\t\t\t\t<p><span style=\"font-weight: 400;\">Yenilenebilir enerji kaynaklar\u0131n\u0131n kullan\u0131m\u0131n\u0131n yayg\u0131nla\u015ft\u0131r\u0131lmas\u0131 ile ilgili k\u00fcresel \u00e7aptaki e\u011filim \u00fclkemiz i\u00e7in de ge\u00e7erlidir.<\/span><b> K&amp;P Energy <\/b><span style=\"font-weight: 400;\">olarak kaliteli ve do\u011fa dostu hizmeti yayg\u0131nla\u015ft\u0131rmay\u0131 ama\u00e7lamakta ve \u00e7abalamaktay\u0131z. Ulusal te\u015fvik politikalar\u0131na ek olarak \u00fclkemiz yenilenebilir enerji kaynaklar\u0131 bak\u0131m\u0131ndan d\u00fcnyan\u0131n \u015fansl\u0131 b\u00f6lgelerinden birinde yer almaktad\u0131r.<\/span><\/p><p><span style=\"font-weight: 400;\">G\u00fcvenilir ve s\u00fcrd\u00fcr\u00fclebilir bir i\u015f modeli ile T\u00fcrkiye\u2019nin yenilenebilir temiz enerjide \u00f6nc\u00fc olabilmesinde rol almakt\u0131r.<\/span><\/p><p><b>K&amp;P Energy<\/b><span style=\"font-weight: 400;\">\u00a0geli\u015ftirdi\u011fi ve yat\u0131r\u0131m y\u00f6netimi yapt\u0131\u011f\u0131 projelerde, y\u00fcksek verimlili\u011fi ve karl\u0131l\u0131\u011f\u0131 \u00f6n planda bulundurarak, m\u00fc\u015fterisine ve yat\u0131r\u0131mc\u0131lar\u0131na maksimum fayda yaratacak \u015fekilde karl\u0131l\u0131\u011f\u0131 y\u00fcksek ve \u00f6zellikli projelere odaklanmaktad\u0131r.\u00a0<\/span><\/p><p><span style=\"font-weight: 400;\">\u015eirketlerin y\u00fcksek karl\u0131l\u0131k, d\u00fc\u015f\u00fck maliyet ve s\u00fcrd\u00fcr\u00fclebilir bir b\u00fcy\u00fcme sa\u011flayabilmeleri i\u00e7in stratejik kararlar\u0131nda kullanabilecekleri bilgiye gereksinimleri her ge\u00e7en g\u00fcn artmaktad\u0131r. Bunu sa\u011flaman\u0131n yolu g\u00fcvenilir, do\u011fru ve h\u0131zl\u0131 bilgiye ula\u015fmakt\u0131r. Biz, <\/span><b>K&amp;P Energy<\/b><span style=\"font-weight: 400;\">\u00a0olarak sizin yat\u0131r\u0131m kararlar\u0131n\u0131zda en g\u00fcvenilir ve sa\u011flam verileri size sunarak b\u00fcy\u00fcmenize destek\u00a0oluyoruz.<\/span><\/p>\t\t\t\t\t\t\t\t<\/div>\n\t\t\t\t<\/div>\n\t\t\t\t\t<\/div>\n\t\t\t\t<\/div>\n\t\t<div class=\"elementor-element elementor-element-7e55c08b e-flex e-con-boxed e-con e-parent\" data-id=\"7e55c08b\" data-element_type=\"container\" data-e-type=\"container\">\n\t\t\t\t\t<div class=\"e-con-inner\">\n\t\t<div class=\"elementor-element elementor-element-5df3981 e-con-full e-flex e-con e-child\" data-id=\"5df3981\" data-element_type=\"container\" data-e-type=\"container\">\n\t\t\t\t<div class=\"elementor-element elementor-element-1713c413 elementor-widget elementor-widget-heading\" data-id=\"1713c413\" data-element_type=\"widget\" data-e-type=\"widget\" data-widget_type=\"heading.default\">\n\t\t\t\t\t<h2 class=\"elementor-heading-title elementor-size-default\">Misyon<\/h2>\t\t\t\t<\/div>\n\t\t\t\t<\/div>\n\t\t<div class=\"elementor-element elementor-element-d06f03c e-con-full e-flex e-con e-child\" data-id=\"d06f03c\" data-element_type=\"container\" data-e-type=\"container\">\n\t\t\t\t<div class=\"elementor-element elementor-element-3cda9b7f elementor-widget elementor-widget-text-editor\" data-id=\"3cda9b7f\" data-element_type=\"widget\" data-e-type=\"widget\" data-widget_type=\"text-editor.default\">\n\t\t\t\t\t\t\t\t\t<p><span style=\"font-weight: 400;\">\u0130\u015f ortaklar\u0131m\u0131z\u0131n i\u015flerini b\u00fcy\u00fctmelerine ve k\u00fcresel pazardan yararlanmalar\u0131na yard\u0131mc\u0131 olmak.<\/span><b> K&amp;P Energy<\/b><span style=\"font-weight: 400;\">\u00a0kalite, g\u00fcvenilirlik ve m\u00fc\u015fteri hizmetleri ilkelerinden \u00f6d\u00fcn vermeden yat\u0131r\u0131m \u015firketlerine alternatif yat\u0131r\u0131mlar konusunda dan\u0131\u015fmanl\u0131k yapmak.<\/span><\/p>\t\t\t\t\t\t\t\t<\/div>\n\t\t\t\t<\/div>\n\t\t<div class=\"elementor-element elementor-element-3953c8c8 e-con-full e-flex e-con e-child\" data-id=\"3953c8c8\" data-element_type=\"container\" data-e-type=\"container\">\n\t\t\t\t<div class=\"elementor-element elementor-element-3c700641 elementor-widget elementor-widget-image\" data-id=\"3c700641\" data-element_type=\"widget\" data-e-type=\"widget\" data-widget_type=\"image.default\">\n\t\t\t\t\t\t\t\t\t\t\t\t\t\t\t<img decoding=\"async\" width=\"570\" height=\"370\" src=\"https:\/\/kandpenergy.com\/wp-content\/uploads\/2023\/05\/misyon-3.png\" class=\"attachment-full size-full wp-image-2665\" alt=\"\" srcset=\"https:\/\/kandpenergy.com\/wp-content\/uploads\/2023\/05\/misyon-3.png 570w, https:\/\/kandpenergy.com\/wp-content\/uploads\/2023\/05\/misyon-3-300x195.png 300w\" sizes=\"(max-width: 570px) 100vw, 570px\" \/>\t\t\t\t\t\t\t\t\t\t\t\t\t\t\t<\/div>\n\t\t\t\t<\/div>\n\t\t<div class=\"elementor-element elementor-element-490d7a5 e-con-full e-flex e-con e-child\" data-id=\"490d7a5\" data-element_type=\"container\" data-e-type=\"container\">\n\t\t\t\t<div class=\"elementor-element elementor-element-9df7661 elementor-widget elementor-widget-image\" data-id=\"9df7661\" data-element_type=\"widget\" data-e-type=\"widget\" data-widget_type=\"image.default\">\n\t\t\t\t\t\t\t\t\t\t\t\t\t\t\t<img decoding=\"async\" width=\"566\" height=\"370\" src=\"https:\/\/kandpenergy.com\/wp-content\/uploads\/2023\/05\/misyon-4.png\" class=\"attachment-full size-full wp-image-2668\" alt=\"\" srcset=\"https:\/\/kandpenergy.com\/wp-content\/uploads\/2023\/05\/misyon-4.png 566w, https:\/\/kandpenergy.com\/wp-content\/uploads\/2023\/05\/misyon-4-300x196.png 300w\" sizes=\"(max-width: 566px) 100vw, 566px\" \/>\t\t\t\t\t\t\t\t\t\t\t\t\t\t\t<\/div>\n\t\t\t\t<\/div>\n\t\t\t\t\t<\/div>\n\t\t\t\t<\/div>\n\t\t<div class=\"elementor-element elementor-element-5d110001 e-con-full e-flex e-con e-parent\" data-id=\"5d110001\" data-element_type=\"container\" data-e-type=\"container\">\n\t\t\t\t<div class=\"elementor-element elementor-element-53fbdf6f elementor-widget-divider--view-line elementor-widget elementor-widget-divider\" data-id=\"53fbdf6f\" data-element_type=\"widget\" data-e-type=\"widget\" data-widget_type=\"divider.default\">\n\t\t\t\t\t\t\t<div class=\"elementor-divider\">\n\t\t\t<span class=\"elementor-divider-separator\">\n\t\t\t\t\t\t<\/span>\n\t\t<\/div>\n\t\t\t\t\t\t<\/div>\n\t\t\t\t<\/div>\n\t\t<div class=\"elementor-element elementor-element-cd8e2a4 e-flex e-con-boxed e-con e-parent\" data-id=\"cd8e2a4\" data-element_type=\"container\" data-e-type=\"container\">\n\t\t\t\t\t<div class=\"e-con-inner\">\n\t\t<div class=\"elementor-element elementor-element-7a21b9a3 e-con-full e-flex e-con e-child\" data-id=\"7a21b9a3\" data-element_type=\"container\" data-e-type=\"container\">\n\t\t\t\t<div class=\"elementor-element elementor-element-3d14b4ec elementor-widget elementor-widget-heading\" data-id=\"3d14b4ec\" data-element_type=\"widget\" data-e-type=\"widget\" data-widget_type=\"heading.default\">\n\t\t\t\t\t<h2 class=\"elementor-heading-title elementor-size-default\">Vizyon<\/h2>\t\t\t\t<\/div>\n\t\t\t\t<\/div>\n\t\t<div class=\"elementor-element elementor-element-8f89886 e-con-full e-flex e-con e-child\" data-id=\"8f89886\" data-element_type=\"container\" data-e-type=\"container\">\n\t\t\t\t<div class=\"elementor-element elementor-element-44970257 elementor-widget elementor-widget-text-editor\" data-id=\"44970257\" data-element_type=\"widget\" data-e-type=\"widget\" data-widget_type=\"text-editor.default\">\n\t\t\t\t\t\t\t\t\t<p><span style=\"font-weight: 400;\">Kalite standartlar\u0131n\u0131n bir koleksiyonu olarak tasarlanm\u0131\u015ft\u0131r. Ekibimizin organizasyonunda iyi i\u015f \u00e7\u0131kard\u0131n\u0131z. Yerel ve b\u00f6lgesel toplant\u0131lar\u0131m\u0131z. M\u00fc\u015fterilerimizle ileti\u015fim kanallar\u0131n\u0131 her zaman a\u00e7\u0131k tutmak. M\u00fckemmel m\u00fc\u015fteri deneyimi ve memnuniyeti. De\u011fi\u015fime ve yenili\u011fe a\u00e7\u0131k olun. Eti\u011fi \u00f6rg\u00fctsel yap\u0131ya entegre edin. Gizlilik ve d\u00fcr\u00fcstl\u00fck ilkelerini her \u015feyin \u00fcst\u00fcnde tutmak. H\u0131zl\u0131 ve verimli ileti\u015fim.<\/span><\/p>\t\t\t\t\t\t\t\t<\/div>\n\t\t\t\t<\/div>\n\t\t<div class=\"elementor-element elementor-element-592da54 e-con-full e-flex e-con e-child\" data-id=\"592da54\" data-element_type=\"container\" data-e-type=\"container\">\n\t\t\t\t<div class=\"elementor-element elementor-element-7017f810 elementor-widget elementor-widget-image\" data-id=\"7017f810\" data-element_type=\"widget\" data-e-type=\"widget\" data-widget_type=\"image.default\">\n\t\t\t\t\t\t\t\t\t\t\t\t\t\t\t<img loading=\"lazy\" decoding=\"async\" width=\"1170\" height=\"370\" src=\"https:\/\/kandpenergy.com\/wp-content\/uploads\/2023\/05\/vizyon.png\" class=\"attachment-full size-full wp-image-2667\" alt=\"\" srcset=\"https:\/\/kandpenergy.com\/wp-content\/uploads\/2023\/05\/vizyon.png 1170w, https:\/\/kandpenergy.com\/wp-content\/uploads\/2023\/05\/vizyon-300x95.png 300w, https:\/\/kandpenergy.com\/wp-content\/uploads\/2023\/05\/vizyon-1024x324.png 1024w, https:\/\/kandpenergy.com\/wp-content\/uploads\/2023\/05\/vizyon-768x243.png 768w\" sizes=\"(max-width: 1170px) 100vw, 1170px\" \/>\t\t\t\t\t\t\t\t\t\t\t\t\t\t\t<\/div>\n\t\t\t\t<\/div>\n\t\t\t\t\t<\/div>\n\t\t\t\t<\/div>\n\t\t<div class=\"elementor-element elementor-element-40d60500 e-con-full e-flex e-con e-parent\" data-id=\"40d60500\" data-element_type=\"container\" data-e-type=\"container\">\n\t\t\t\t<div class=\"elementor-element elementor-element-2a3270f9 elementor-widget-divider--view-line elementor-widget elementor-widget-divider\" data-id=\"2a3270f9\" data-element_type=\"widget\" data-e-type=\"widget\" data-widget_type=\"divider.default\">\n\t\t\t\t\t\t\t<div class=\"elementor-divider\">\n\t\t\t<span class=\"elementor-divider-separator\">\n\t\t\t\t\t\t<\/span>\n\t\t<\/div>\n\t\t\t\t\t\t<\/div>\n\t\t\t\t<\/div>\n\t\t<div class=\"elementor-element elementor-element-3d8406b9 e-flex e-con-boxed e-con e-parent\" data-id=\"3d8406b9\" data-element_type=\"container\" data-e-type=\"container\">\n\t\t\t\t\t<div class=\"e-con-inner\">\n\t\t<div class=\"elementor-element elementor-element-19224afa e-con-full e-flex e-con e-child\" data-id=\"19224afa\" data-element_type=\"container\" data-e-type=\"container\">\n\t\t\t\t<div class=\"elementor-element elementor-element-211efe49 elementor-widget elementor-widget-heading\" data-id=\"211efe49\" data-element_type=\"widget\" data-e-type=\"widget\" data-widget_type=\"heading.default\">\n\t\t\t\t\t<h2 class=\"elementor-heading-title elementor-size-default\">De\u011ferler<\/h2>\t\t\t\t<\/div>\n\t\t\t\t<\/div>\n\t\t<div class=\"elementor-element elementor-element-664f83d2 e-con-full e-flex e-con e-child\" data-id=\"664f83d2\" data-element_type=\"container\" data-e-type=\"container\">\n\t\t\t\t<div class=\"elementor-element elementor-element-79cde18d elementor-widget elementor-widget-text-editor\" data-id=\"79cde18d\" data-element_type=\"widget\" data-e-type=\"widget\" data-widget_type=\"text-editor.default\">\n\t\t\t\t\t\t\t\t\t<p style=\"font-weight: 400;\"><span style=\"font-weight: 400;\">\u0130\u015fini en iyi ve en adil \u015fekilde yapmak, yarat\u0131c\u0131 olmak, birlikte ilerlemek, herkese sayg\u0131 duymak, her fikre \u015fans vermek, bilgiyi s\u00fcrekli geli\u015ftirmek, g\u00fcveni temsil etmek, y\u00fcksek kalite vermek.<\/span><\/p>\t\t\t\t\t\t\t\t<\/div>\n\t\t\t\t<\/div>\n\t\t<div class=\"elementor-element elementor-element-21e73e8e e-con-full e-flex e-con e-child\" data-id=\"21e73e8e\" data-element_type=\"container\" data-e-type=\"container\">\n\t\t\t\t<div class=\"elementor-element elementor-element-148d107 elementor-widget elementor-widget-image\" data-id=\"148d107\" data-element_type=\"widget\" data-e-type=\"widget\" data-widget_type=\"image.default\">\n\t\t\t\t\t\t\t\t\t\t\t\t\t\t\t<img loading=\"lazy\" decoding=\"async\" width=\"1170\" height=\"370\" src=\"https:\/\/kandpenergy.com\/wp-content\/uploads\/2023\/05\/degerler.png\" class=\"attachment-full size-full wp-image-2666\" alt=\"\" srcset=\"https:\/\/kandpenergy.com\/wp-content\/uploads\/2023\/05\/degerler.png 1170w, https:\/\/kandpenergy.com\/wp-content\/uploads\/2023\/05\/degerler-300x95.png 300w, https:\/\/kandpenergy.com\/wp-content\/uploads\/2023\/05\/degerler-1024x324.png 1024w, https:\/\/kandpenergy.com\/wp-content\/uploads\/2023\/05\/degerler-768x243.png 768w\" sizes=\"(max-width: 1170px) 100vw, 1170px\" \/>\t\t\t\t\t\t\t\t\t\t\t\t\t\t\t<\/div>\n\t\t\t\t<\/div>\n\t\t\t\t\t<\/div>\n\t\t\t\t<\/div>\n\t\t<div class=\"elementor-element elementor-element-2c623737 e-flex e-con-boxed e-con e-parent\" data-id=\"2c623737\" data-element_type=\"container\" data-e-type=\"container\" data-settings=\"{&quot;background_background&quot;:&quot;classic&quot;}\">\n\t\t\t\t\t<div class=\"e-con-inner\">\n\t\t<div class=\"elementor-element elementor-element-44f7c8c e-con-full e-flex e-con e-child\" data-id=\"44f7c8c\" data-element_type=\"container\" data-e-type=\"container\">\n\t\t\t\t<div class=\"elementor-element elementor-element-5a48a230 elementor-widget elementor-widget-heading\" data-id=\"5a48a230\" data-element_type=\"widget\" data-e-type=\"widget\" data-widget_type=\"heading.default\">\n\t\t\t\t\t<h2 class=\"elementor-heading-title elementor-size-default\">K&amp;P<\/h2>\t\t\t\t<\/div>\n\t\t\t\t<\/div>\n\t\t\t\t\t<\/div>\n\t\t\t\t<\/div>\n\t\t<div class=\"elementor-element elementor-element-54315540 e-con-full e-flex e-con e-parent\" data-id=\"54315540\" data-element_type=\"container\" data-e-type=\"container\">\n\t\t\t\t<div class=\"elementor-element elementor-element-577b17af elementor-widget-divider--view-line elementor-widget elementor-widget-divider\" data-id=\"577b17af\" data-element_type=\"widget\" data-e-type=\"widget\" data-widget_type=\"divider.default\">\n\t\t\t\t\t\t\t<div class=\"elementor-divider\">\n\t\t\t<span class=\"elementor-divider-separator\">\n\t\t\t\t\t\t<\/span>\n\t\t<\/div>\n\t\t\t\t\t\t<\/div>\n\t\t\t\t<\/div>\n\t\t\t\t<\/div>","protected":false},"excerpt":{"rendered":"<p>Kurumsal Biz Kimiz K&amp;P Energy bir\u00e7ok \u00fclkede geni\u015f uluslararas\u0131 ba\u011flant\u0131lar\u0131 olan, Enerji sekt\u00f6r\u00fcnde profesyonel ara\u015ft\u0131rma ekibiyle yenilikler ve inovasyonlarla ilgili ara\u015ft\u0131rmalar\u0131 y\u00fcr\u00fcten ve GES Ekipman Tedarik Distrib\u00fct\u00f6rl\u00fc\u011f\u00fc ,GES dan\u0131\u015fmanl\u0131k hizmetleri, GES teknoloji geli\u015ftirmesi ve inovasyon hizmetleri, GES Pazar ara\u015ft\u0131rmalar\u0131, GES projelendirme hizmetleri, M\u00fchendislik-Tedarik-\u0130n\u015faat (EPC), GES Montaj hizmetlerini y\u00fcr\u00fcten t\u00fcm bunlar\u0131n yan\u0131 s\u0131ra Uluslararas\u0131 yat\u0131r\u0131m geli\u015ftirme [&hellip;]<\/p>\n","protected":false},"author":3,"featured_media":0,"parent":0,"menu_order":0,"comment_status":"closed","ping_status":"closed","template":"elementor_header_footer","meta":{"iawp_total_views":50,"footnotes":""},"class_list":["post-2164","page","type-page","status-publish","hentry"],"_links":{"self":[{"href":"https:\/\/kandpenergy.com\/ru\/wp-json\/wp\/v2\/pages\/2164","targetHints":{"allow":["GET"]}}],"collection":[{"href":"https:\/\/kandpenergy.com\/ru\/wp-json\/wp\/v2\/pages"}],"about":[{"href":"https:\/\/kandpenergy.com\/ru\/wp-json\/wp\/v2\/types\/page"}],"author":[{"embeddable":true,"href":"https:\/\/kandpenergy.com\/ru\/wp-json\/wp\/v2\/users\/3"}],"replies":[{"embeddable":true,"href":"https:\/\/kandpenergy.com\/ru\/wp-json\/wp\/v2\/comments?post=2164"}],"version-history":[{"count":0,"href":"https:\/\/kandpenergy.com\/ru\/wp-json\/wp\/v2\/pages\/2164\/revisions"}],"wp:attachment":[{"href":"https:\/\/kandpenergy.com\/ru\/wp-json\/wp\/v2\/media?parent=2164"}],"curies":[{"name":"wp","href":"https:\/\/api.w.org\/{rel}","templated":true}]}}