{"id":4597,"date":"2023-08-18T08:40:37","date_gmt":"2023-08-18T08:40:37","guid":{"rendered":"https:\/\/kandpenergy.com\/?page_id=4597"},"modified":"2023-09-19T09:38:51","modified_gmt":"2023-09-19T09:38:51","slug":"jinko-solar","status":"publish","type":"page","link":"https:\/\/kandpenergy.com\/ru\/marka-isbirliklerimiz\/\u0434\u0436\u0438\u043d\u043a\u043e-\u0441\u043e\u043b\u0430\u0440\/","title":{"rendered":"Jinko Solar"},"content":{"rendered":"\t\t<div data-elementor-type=\"wp-page\" data-elementor-id=\"4597\" class=\"elementor elementor-4597\" data-elementor-post-type=\"page\">\n\t\t\t\t<div class=\"elementor-element elementor-element-efe2fb e-flex e-con-boxed e-con e-parent\" data-id=\"efe2fb\" data-element_type=\"container\" data-e-type=\"container\">\n\t\t\t\t\t<div class=\"e-con-inner\">\n\t\t<div class=\"elementor-element elementor-element-58f07aae e-con-full e-flex e-con e-child\" data-id=\"58f07aae\" data-element_type=\"container\" data-e-type=\"container\">\n\t\t\t\t<div class=\"elementor-element elementor-element-371b3554 elementor-widget__width-initial elementor-widget-mobile__width-inherit elementor-widget elementor-widget-heading\" data-id=\"371b3554\" data-element_type=\"widget\" data-e-type=\"widget\" data-widget_type=\"heading.default\">\n\t\t\t\t\t<h2 class=\"elementor-heading-title elementor-size-default\">Jinko Solar<\/h2>\t\t\t\t<\/div>\n\t\t\t\t<\/div>\n\t\t\t\t\t<\/div>\n\t\t\t\t<\/div>\n\t\t<div class=\"elementor-element elementor-element-280ba5ac e-con-full e-flex e-con e-parent\" data-id=\"280ba5ac\" data-element_type=\"container\" data-e-type=\"container\">\n\t\t\t\t<div class=\"elementor-element elementor-element-552f81d3 elementor-widget-divider--view-line elementor-widget elementor-widget-divider\" data-id=\"552f81d3\" data-element_type=\"widget\" data-e-type=\"widget\" data-widget_type=\"divider.default\">\n\t\t\t\t\t\t\t<div class=\"elementor-divider\">\n\t\t\t<span class=\"elementor-divider-separator\">\n\t\t\t\t\t\t<\/span>\n\t\t<\/div>\n\t\t\t\t\t\t<\/div>\n\t\t\t\t<\/div>\n\t\t<div class=\"elementor-element elementor-element-4c9bd19 e-flex e-con-boxed e-con e-parent\" data-id=\"4c9bd19\" data-element_type=\"container\" data-e-type=\"container\">\n\t\t\t\t\t<div class=\"e-con-inner\">\n\t\t\t\t<div class=\"elementor-element elementor-element-294b23d7 elementor-widget__width-initial elementor-widget-mobile__width-inherit elementor-widget elementor-widget-text-editor\" data-id=\"294b23d7\" data-element_type=\"widget\" data-e-type=\"widget\" data-widget_type=\"text-editor.default\">\n\t\t\t\t\t\t\t\t\t<p><span style=\"font-weight: 400;\">Jinko Solar Co.(Ltd.), d\u00fcnyan\u0131n en \u00fcnl\u00fc ve yenilik\u00e7i g\u00fcne\u015f enerjisi teknolojisi \u015firketlerinden biridir. Faaliyetleri, entegre fotovoltaik \u00fcr\u00fcnlerin ve entegre temiz enerji \u00e7\u00f6z\u00fcmlerinin ara\u015ft\u0131rma ve geli\u015ftirmesine odaklanarak fotovoltaik end\u00fcstri zincirinin temel halkalar\u0131n\u0131 kapsamaktad\u0131r. \u015eu anda, Jinko Solar&#8217;\u0131n \u00fcr\u00fcnleri d\u00fcnya \u00e7ap\u0131nda 160&#8217;tan fazla \u00fclke ve b\u00f6lgede 3.000&#8217;den fazla m\u00fc\u015fteriye hizmet veriyor ve 2016&#8217;dan 2019&#8217;a kadar k\u00fcresel mod\u00fcl g\u00f6nderilerinde birinci s\u0131rada yer al\u0131yor. 2022&#8217;nin sonunda Jinko Solar&#8217;\u0131n k\u00fcm\u00fclatif mod\u00fcl sevkiyat\u0131 130 GW&#8217;yi a\u015ft\u0131.<\/span><\/p><p><span style=\"font-weight: 400;\">Jinko Solar, B20 ve RE100Green Initiative&#8217;e kat\u0131lan ilk g\u00fcne\u015f enerjisi \u015firketlerinden biri gibi \u00e7e\u015fitli uluslararas\u0131 \u00e7er\u00e7eveler alt\u0131nda bir end\u00fcstri d\u00fc\u015f\u00fcnce lideridir. JinkoSolar, silikon malzeme i\u015flemeden gofret, h\u00fccre ve mod\u00fcl \u00fcretimine kadar &#8220;dikey olarak entegre&#8221; \u00fcretim yetenekleri olu\u015fturan sekt\u00f6rdeki ilk \u015firkettir.<\/span><\/p><p><span style=\"font-weight: 400;\">\u00c7in, Amerika Birle\u015fik Devletleri, Malezya ve Vietnam&#8217;da toplam 14 k\u00fcresel \u00fcretim tesisine sahiptir.JinkoSolar, y\u0131ll\u0131k mono wafer, g\u00fcne\u015f pilleri ve g\u00fcne\u015f mod\u00fclleri \u00fcretim kapasitesinin s\u0131ras\u0131yla 75,0 GW, 75,0 GW ve 90,0 GW&#8217;a ula\u015fmas\u0131n\u0131 beklemektedir. , 2023&#8217;\u00fcn sonuna kadar.<\/span><\/p><p><span style=\"font-weight: 400;\">Jinko Solar&#8217;\u0131n 1.000&#8217;den fazla Ar-Ge ve teknik \u00e7al\u0131\u015fan\u0131 vard\u0131r ve &#8220;Ulusal \u0130\u015fletme Teknoloji Merkezi&#8221;, &#8220;Ulusal Teknoloji \u0130novasyon G\u00f6steri Kurulu\u015fu&#8221; ve &#8220;\u00dcretim \u015eampiyonu&#8221;nu kurmu\u015ftur ve IEC dahil bir\u00e7ok uluslararas\u0131 ve yerel end\u00fcstri standard\u0131n\u0131 form\u00fcle etmi\u015ftir.<\/span><\/p><p><span style=\"font-weight: 400;\">Jinko Solar, yeni bir enerji ekosistemi olu\u015fturmak i\u00e7in binaya entegre fotovoltaik, solar hidrojen \u00fcretimi ve enerji depolama alanlar\u0131 da dahil olmak \u00fczere fotovoltaik teknolojisinin \u00e7e\u015fitli uygulama senaryolar\u0131n\u0131 s\u00fcrekli olarak geni\u015fletmeye kendini adam\u0131\u015ft\u0131r.<\/span><\/p><p><span style=\"font-weight: 400;\">JinkoSolar, 2022&#8217;de \u015eangay Borsas\u0131&#8217;n\u0131n Sancak taraf\u0131nda, dolayl\u0131 hakim hissedar\u0131 JinkoSolar Holding Corporation ise 2010&#8217;da New York Borsas\u0131nda i\u015flem g\u00f6rd\u00fc.<\/span><\/p>\t\t\t\t\t\t\t\t<\/div>\n\t\t\t\t<div class=\"elementor-element elementor-element-1f9e9386 elementor-widget__width-initial elementor-widget-mobile__width-inherit elementor-widget elementor-widget-image\" data-id=\"1f9e9386\" data-element_type=\"widget\" data-e-type=\"widget\" data-widget_type=\"image.default\">\n\t\t\t\t\t\t\t\t\t\t\t\t\t\t\t<img fetchpriority=\"high\" decoding=\"async\" width=\"725\" height=\"248\" src=\"https:\/\/kandpenergy.com\/wp-content\/uploads\/2023\/08\/solar-jinko.png\" class=\"attachment-full size-full wp-image-4583\" alt=\"\" srcset=\"https:\/\/kandpenergy.com\/wp-content\/uploads\/2023\/08\/solar-jinko.png 725w, https:\/\/kandpenergy.com\/wp-content\/uploads\/2023\/08\/solar-jinko-300x103.png 300w\" sizes=\"(max-width: 725px) 100vw, 725px\" \/>\t\t\t\t\t\t\t\t\t\t\t\t\t\t\t<\/div>\n\t\t\t\t\t<\/div>\n\t\t\t\t<\/div>\n\t\t<div class=\"elementor-element elementor-element-4844b168 e-con-full e-flex e-con e-parent\" data-id=\"4844b168\" data-element_type=\"container\" data-e-type=\"container\">\n\t\t\t\t<div class=\"elementor-element elementor-element-17ac58b0 elementor-widget-divider--view-line elementor-widget elementor-widget-divider\" data-id=\"17ac58b0\" data-element_type=\"widget\" data-e-type=\"widget\" data-widget_type=\"divider.default\">\n\t\t\t\t\t\t\t<div class=\"elementor-divider\">\n\t\t\t<span class=\"elementor-divider-separator\">\n\t\t\t\t\t\t<\/span>\n\t\t<\/div>\n\t\t\t\t\t\t<\/div>\n\t\t\t\t<\/div>\n\t\t<div class=\"elementor-element elementor-element-2fcf6985 e-flex e-con-boxed e-con e-parent\" data-id=\"2fcf6985\" data-element_type=\"container\" data-e-type=\"container\" data-settings=\"{&quot;background_background&quot;:&quot;classic&quot;}\">\n\t\t\t\t\t<div class=\"e-con-inner\">\n\t\t<div class=\"elementor-element elementor-element-5082631f e-con-full e-flex e-con e-child\" data-id=\"5082631f\" data-element_type=\"container\" data-e-type=\"container\">\n\t\t\t\t<div class=\"elementor-element elementor-element-608325b0 elementor-widget elementor-widget-image\" data-id=\"608325b0\" data-element_type=\"widget\" data-e-type=\"widget\" data-widget_type=\"image.default\">\n\t\t\t\t\t\t\t\t\t\t\t\t\t\t\t<img decoding=\"async\" width=\"1200\" height=\"1200\" src=\"https:\/\/kandpenergy.com\/wp-content\/uploads\/2023\/05\/Finans.gif\" class=\"attachment-full size-full wp-image-3266\" alt=\"\" \/>\t\t\t\t\t\t\t\t\t\t\t\t\t\t\t<\/div>\n\t\t\t\t<\/div>\n\t\t<div class=\"elementor-element elementor-element-7d7b9460 e-con-full e-flex e-con e-child\" data-id=\"7d7b9460\" data-element_type=\"container\" data-e-type=\"container\">\n\t\t\t\t<div class=\"elementor-element elementor-element-677d23e4 elementor-widget elementor-widget-heading\" data-id=\"677d23e4\" data-element_type=\"widget\" data-e-type=\"widget\" data-widget_type=\"heading.default\">\n\t\t\t\t\t<h2 class=\"elementor-heading-title elementor-size-default\">Yat\u0131r\u0131mlar\u0131n\u0131z\u0131 De\u011ferlendirin<\/h2>\t\t\t\t<\/div>\n\t\t\t\t<div class=\"elementor-element elementor-element-4061b4ee elementor-widget elementor-widget-text-editor\" data-id=\"4061b4ee\" data-element_type=\"widget\" data-e-type=\"widget\" data-widget_type=\"text-editor.default\">\n\t\t\t\t\t\t\t\t\t<p>Yat\u0131r\u0131mlar\u0131n\u0131z\u0131 en iyi \u015fekilde de\u011ferlendirmeniz i\u00e7in uzmanl\u0131\u011f\u0131m\u0131zdan yararlan\u0131n. Do\u011fru yat\u0131r\u0131m stratejileriyle karl\u0131l\u0131\u011f\u0131n\u0131z\u0131 art\u0131r\u0131n.<\/p>\t\t\t\t\t\t\t\t<\/div>\n\t\t\t\t<\/div>\n\t\t\t\t\t<\/div>\n\t\t\t\t<\/div>\n\t\t<div class=\"elementor-element elementor-element-125613b3 e-flex e-con-boxed e-con e-parent\" data-id=\"125613b3\" data-element_type=\"container\" data-e-type=\"container\" data-settings=\"{&quot;background_background&quot;:&quot;classic&quot;}\">\n\t\t\t\t\t<div class=\"e-con-inner\">\n\t\t<div class=\"elementor-element elementor-element-35a0ade3 e-con-full e-flex e-con e-child\" data-id=\"35a0ade3\" data-element_type=\"container\" data-e-type=\"container\">\n\t\t\t\t<div class=\"elementor-element elementor-element-ce78c21 elementor-button-align-stretch elementor-widget elementor-widget-form\" data-id=\"ce78c21\" data-element_type=\"widget\" data-e-type=\"widget\" data-settings=\"{&quot;step_next_label&quot;:&quot;Next&quot;,&quot;step_previous_label&quot;:&quot;Previous&quot;,&quot;button_width&quot;:&quot;100&quot;,&quot;step_type&quot;:&quot;number_text&quot;,&quot;step_icon_shape&quot;:&quot;circle&quot;}\" data-widget_type=\"form.default\">\n\t\t\t\t\t\t\t<form class=\"elementor-form\" method=\"post\" name=\"G\u00f6r\u00fc\u015fme Planla Form\">\n\t\t\t<input type=\"hidden\" name=\"post_id\" value=\"4597\"\/>\n\t\t\t<input type=\"hidden\" name=\"form_id\" value=\"ce78c21\"\/>\n\t\t\t<input type=\"hidden\" name=\"referer_title\" value=\"Jinko Solar\" \/>\n\n\t\t\t\t\t\t\t<input type=\"hidden\" name=\"queried_id\" value=\"4597\"\/>\n\t\t\t\n\t\t\t<div class=\"elementor-form-fields-wrapper elementor-labels-above\">\n\t\t\t\t\t\t\t\t<div class=\"elementor-field-type-text elementor-field-group elementor-column elementor-field-group-name elementor-col-50 elementor-field-required elementor-mark-required\">\n\t\t\t\t\t\t\t\t\t\t\t\t<label for=\"form-field-name\" class=\"elementor-field-label\">\n\t\t\t\t\t\t\t\t\u0130sim\t\t\t\t\t\t\t<\/label>\n\t\t\t\t\t\t\t\t\t\t\t\t\t\t<input size=\"1\" type=\"text\" name=\"form_fields[name]\" id=\"form-field-name\" class=\"elementor-field elementor-size-sm  elementor-field-textual\" required=\"required\">\n\t\t\t\t\t\t\t\t\t\t\t<\/div>\n\t\t\t\t\t\t\t\t<div class=\"elementor-field-type-email elementor-field-group elementor-column elementor-field-group-field_8bd9833 elementor-col-50 elementor-field-required elementor-mark-required\">\n\t\t\t\t\t\t\t\t\t\t\t\t<label for=\"form-field-field_8bd9833\" class=\"elementor-field-label\">\n\t\t\t\t\t\t\t\tEposta\t\t\t\t\t\t\t<\/label>\n\t\t\t\t\t\t\t\t\t\t\t\t\t\t<input size=\"1\" type=\"email\" name=\"form_fields[field_8bd9833]\" id=\"form-field-field_8bd9833\" class=\"elementor-field elementor-size-sm  elementor-field-textual\" required=\"required\">\n\t\t\t\t\t\t\t\t\t\t\t<\/div>\n\t\t\t\t\t\t\t\t<div class=\"elementor-field-type-textarea elementor-field-group elementor-column elementor-field-group-field_5d63c91 elementor-col-50 elementor-field-required elementor-mark-required\">\n\t\t\t\t\t\t\t\t\t\t\t\t<label for=\"form-field-field_5d63c91\" class=\"elementor-field-label\">\n\t\t\t\t\t\t\t\tGelecek Perspektifiniz Nedir?\t\t\t\t\t\t\t<\/label>\n\t\t\t\t\t\t<textarea class=\"elementor-field-textual elementor-field  elementor-size-sm\" name=\"form_fields[field_5d63c91]\" id=\"form-field-field_5d63c91\" rows=\"3\" required=\"required\"><\/textarea>\t\t\t\t<\/div>\n\t\t\t\t\t\t\t\t<div class=\"elementor-field-type-textarea elementor-field-group elementor-column elementor-field-group-field_e854b93 elementor-col-50 elementor-field-required elementor-mark-required\">\n\t\t\t\t\t\t\t\t\t\t\t\t<label for=\"form-field-field_e854b93\" class=\"elementor-field-label\">\n\t\t\t\t\t\t\t\t\u015eirketinizdeki \u00c7al\u0131\u015fan Say\u0131s\u0131n\u0131 Belirtir Misiniz?\t\t\t\t\t\t\t<\/label>\n\t\t\t\t\t\t<textarea class=\"elementor-field-textual elementor-field  elementor-size-sm\" name=\"form_fields[field_e854b93]\" id=\"form-field-field_e854b93\" rows=\"3\" required=\"required\"><\/textarea>\t\t\t\t<\/div>\n\t\t\t\t\t\t\t\t<div class=\"elementor-field-type-textarea elementor-field-group elementor-column elementor-field-group-field_006c226 elementor-col-50 elementor-field-required elementor-mark-required\">\n\t\t\t\t\t\t\t\t\t\t\t\t<label for=\"form-field-field_006c226\" class=\"elementor-field-label\">\n\t\t\t\t\t\t\t\t\u015eirketlerin Faaliyet Alanlar\u0131 Nelerdir?\t\t\t\t\t\t\t<\/label>\n\t\t\t\t\t\t<textarea class=\"elementor-field-textual elementor-field  elementor-size-sm\" name=\"form_fields[field_006c226]\" id=\"form-field-field_006c226\" rows=\"3\" required=\"required\"><\/textarea>\t\t\t\t<\/div>\n\t\t\t\t\t\t\t\t<div class=\"elementor-field-group elementor-column elementor-field-type-submit elementor-col-100 e-form__buttons\">\n\t\t\t\t\t<button class=\"elementor-button elementor-size-sm\" type=\"submit\">\n\t\t\t\t\t\t<span class=\"elementor-button-content-wrapper\">\n\t\t\t\t\t\t\t\t\t\t\t\t\t\t\t\t\t\t\t\t\t\t<span class=\"elementor-button-text\">G\u00f6r\u00fc\u015fme Planla<\/span>\n\t\t\t\t\t\t\t\t\t\t\t\t\t<\/span>\n\t\t\t\t\t<\/button>\n\t\t\t\t<\/div>\n\t\t\t<\/div>\n\t\t<\/form>\n\t\t\t\t\t\t<\/div>\n\t\t\t\t<\/div>\n\t\t\t\t\t<\/div>\n\t\t\t\t<\/div>\n\t\t\t\t<\/div>\n\t\t","protected":false},"excerpt":{"rendered":"<p>Jinko Solar Co.(Ltd.), d\u00fcnyan\u0131n en \u00fcnl\u00fc ve yenilik\u00e7i g\u00fcne\u015f enerjisi teknolojisi \u015firketlerinden biridir. Faaliyetleri, entegre fotovoltaik \u00fcr\u00fcnlerin ve entegre temiz enerji \u00e7\u00f6z\u00fcmlerinin ara\u015ft\u0131rma ve geli\u015ftirmesine odaklanarak fotovoltaik end\u00fcstri zincirinin temel halkalar\u0131n\u0131 kapsamaktad\u0131r. \u015eu anda, Jinko Solar&#8217;\u0131n \u00fcr\u00fcnleri d\u00fcnya \u00e7ap\u0131nda 160&#8217;tan fazla \u00fclke ve b\u00f6lgede 3.000&#8217;den fazla m\u00fc\u015fteriye hizmet veriyor ve 2016&#8217;dan 2019&#8217;a kadar k\u00fcresel mod\u00fcl [&hellip;]<\/p>\n","protected":false},"author":3,"featured_media":0,"parent":4714,"menu_order":0,"comment_status":"closed","ping_status":"closed","template":"elementor_header_footer","meta":{"footnotes":""},"class_list":["post-4597","page","type-page","status-publish","hentry"],"_links":{"self":[{"href":"https:\/\/kandpenergy.com\/ru\/wp-json\/wp\/v2\/pages\/4597","targetHints":{"allow":["GET"]}}],"collection":[{"href":"https:\/\/kandpenergy.com\/ru\/wp-json\/wp\/v2\/pages"}],"about":[{"href":"https:\/\/kandpenergy.com\/ru\/wp-json\/wp\/v2\/types\/page"}],"author":[{"embeddable":true,"href":"https:\/\/kandpenergy.com\/ru\/wp-json\/wp\/v2\/users\/3"}],"replies":[{"embeddable":true,"href":"https:\/\/kandpenergy.com\/ru\/wp-json\/wp\/v2\/comments?post=4597"}],"version-history":[{"count":0,"href":"https:\/\/kandpenergy.com\/ru\/wp-json\/wp\/v2\/pages\/4597\/revisions"}],"up":[{"embeddable":true,"href":"https:\/\/kandpenergy.com\/ru\/wp-json\/wp\/v2\/pages\/4714"}],"wp:attachment":[{"href":"https:\/\/kandpenergy.com\/ru\/wp-json\/wp\/v2\/media?parent=4597"}],"curies":[{"name":"wp","href":"https:\/\/api.w.org\/{rel}","templated":true}]}}